{"id":123,"date":"2025-08-05T12:19:41","date_gmt":"2025-08-05T12:19:41","guid":{"rendered":"https:\/\/demo.ipekosgb.com.tr\/?page_id=123"},"modified":"2025-08-05T12:22:18","modified_gmt":"2025-08-05T12:22:18","slug":"riskdegerlendirmesi","status":"publish","type":"page","link":"https:\/\/demo.ipekosgb.com.tr\/?page_id=123","title":{"rendered":"Risk De\u011ferlendirmesi"},"content":{"rendered":"\t\t<div data-elementor-type=\"wp-page\" data-elementor-id=\"123\" class=\"elementor elementor-123\">\n\t\t\t\t<div class=\"elementor-element elementor-element-b71dc17 e-flex e-con-boxed e-con e-parent\" data-id=\"b71dc17\" data-element_type=\"container\">\n\t\t\t\t\t<div class=\"e-con-inner\">\n\t\t\t\t<div class=\"elementor-element elementor-element-8480dea elementor-widget__width-auto elementor-widget elementor-widget-image\" data-id=\"8480dea\" data-element_type=\"widget\" data-widget_type=\"image.default\">\n\t\t\t\t\t\t\t\t\t\t\t\t\t\t\t<img fetchpriority=\"high\" decoding=\"async\" width=\"1536\" height=\"1024\" src=\"https:\/\/demo.ipekosgb.com.tr\/wp-content\/uploads\/2025\/08\/1-7-1536x1024.jpg\" class=\"attachment-1536x1536 size-1536x1536 wp-image-125\" alt=\"\" srcset=\"https:\/\/demo.ipekosgb.com.tr\/wp-content\/uploads\/2025\/08\/1-7-1536x1024.jpg 1536w, https:\/\/demo.ipekosgb.com.tr\/wp-content\/uploads\/2025\/08\/1-7-300x200.jpg 300w, https:\/\/demo.ipekosgb.com.tr\/wp-content\/uploads\/2025\/08\/1-7-1024x683.jpg 1024w, https:\/\/demo.ipekosgb.com.tr\/wp-content\/uploads\/2025\/08\/1-7-768x512.jpg 768w, https:\/\/demo.ipekosgb.com.tr\/wp-content\/uploads\/2025\/08\/1-7.jpg 2048w\" sizes=\"(max-width: 1536px) 100vw, 1536px\" \/>\t\t\t\t\t\t\t\t\t\t\t\t\t\t\t<\/div>\n\t\t\t\t\t<\/div>\n\t\t\t\t<\/div>\n\t\t<div class=\"elementor-element elementor-element-38bf4f9 e-flex e-con-boxed e-con e-parent\" data-id=\"38bf4f9\" data-element_type=\"container\">\n\t\t\t\t\t<div class=\"e-con-inner\">\n\t\t\t\t\t<\/div>\n\t\t\t\t<\/div>\n\t\t<div class=\"elementor-element elementor-element-9273f80 e-flex e-con-boxed e-con e-parent\" data-id=\"9273f80\" data-element_type=\"container\">\n\t\t\t\t\t<div class=\"e-con-inner\">\n\t\t\t\t<div class=\"elementor-element elementor-element-e006954 elementor-widget elementor-widget-text-editor\" data-id=\"e006954\" data-element_type=\"widget\" data-widget_type=\"text-editor.default\">\n\t\t\t\t\t\t\t\t\t<p data-start=\"214\" data-end=\"468\"><strong data-start=\"214\" data-end=\"225\">Tehlike<\/strong>: \u0130nsan sa\u011fl\u0131\u011f\u0131na, e\u015fyaya veya s\u00fcrece zarar verme ihtimali ta\u015f\u0131yan herhangi bir unsur. Tehlikeler; bireyleri, malzemeleri ve i\u015f s\u00fcre\u00e7lerini etkileyebilir; i\u015f kazalar\u0131na, hastal\u0131klara, \u00fcretim kay\u0131plar\u0131na veya ekipman ar\u0131zalar\u0131na neden olabilir.<\/p><p data-start=\"470\" data-end=\"655\"><strong data-start=\"470\" data-end=\"486\">Mesleki risk<\/strong>: Bir tehlike ile kar\u015f\u0131 kar\u015f\u0131ya kal\u0131nmas\u0131 durumunda, \u00f6l\u00fcm, yaralanma ya da sa\u011fl\u0131k sorunlar\u0131n\u0131n meydana gelme olas\u0131l\u0131\u011f\u0131 ile bu sonu\u00e7lar\u0131n ciddiyetini birlikte ifade eder.<\/p><p data-start=\"657\" data-end=\"1111\">30.06.2012 tarihinde y\u00fcr\u00fcrl\u00fc\u011fe giren <strong data-start=\"694\" data-end=\"740\">6331 Say\u0131l\u0131 \u0130\u015f Sa\u011fl\u0131\u011f\u0131 ve G\u00fcvenli\u011fi Kanunu<\/strong>; i\u015fletmenin tehlike derecesine ve \u00e7al\u0131\u015fan say\u0131s\u0131na bak\u0131lmaks\u0131z\u0131n, t\u00fcm i\u015f yerlerinde risk de\u011ferlendirmesinin yap\u0131lmas\u0131, \u00e7al\u0131\u015fanlara i\u015f sa\u011fl\u0131\u011f\u0131 ve g\u00fcvenli\u011fi konular\u0131nda temel e\u011fitimlerin verilmesi ve acil durum eylem planlar\u0131n\u0131n haz\u0131rlanmas\u0131 zorunlulu\u011funu getirmi\u015ftir. Bu d\u00fczenleme ile beraber ciddi miktarda idari para cezalar\u0131n\u0131 i\u00e7eren yapt\u0131r\u0131mlar da devreye al\u0131nm\u0131\u015ft\u0131r.<\/p><p data-start=\"1113\" data-end=\"1490\"><strong data-start=\"1113\" data-end=\"1128\">Temel hedef<\/strong>, \u00e7al\u0131\u015fanlar\u0131n sa\u011fl\u0131\u011f\u0131n\u0131 korumak ve g\u00fcvenli\u011fini sa\u011flamak olup, bu ba\u011flamda mesleki risklerin tespit edilmesi ve kontrol alt\u0131na al\u0131nmas\u0131 gerekmektedir. Risk de\u011ferlendirmesi; i\u015f s\u00fcre\u00e7lerinden kaynaklanan, \u00e7al\u0131\u015fanlara ve \u00e7evreye zarar verebilecek olas\u0131l\u0131klar\u0131n azalt\u0131lmas\u0131n\u0131 ama\u00e7lar. Ayn\u0131 zamanda i\u015fletmenin verimlili\u011fini art\u0131r\u0131r ve rekabet kabiliyetini geli\u015ftirir.<\/p><p data-start=\"1492\" data-end=\"1927\">\u0130\u015f sa\u011fl\u0131\u011f\u0131 ve g\u00fcvenli\u011fine dair t\u00fcm yasal d\u00fczenlemelerde, kurumunuza g\u00fcven veren, bilimsel temellere dayal\u0131 \u00e7\u00f6z\u00fcm alternatifleri sunan uzmanlar\u0131m\u0131z; ayr\u0131ca bu kapsamda yap\u0131lacak e\u011fitim \u00e7al\u0131\u015fmalar\u0131n\u0131n organizasyon ve y\u00fcr\u00fct\u00fclmesinde aktif rol \u00fcstlenmektedir. Firmam\u0131z, bug\u00fcne kadar bir\u00e7ok i\u015f yerinin y\u00f6netmeliklere uygun bi\u00e7imde \u00f6nlem almas\u0131n\u0131 sa\u011flam\u0131\u015f, uzman kadrosuyla i\u015f kazalar\u0131n\u0131n engellenmesine y\u00f6nelik etkili stratejiler sunmu\u015ftur.<\/p><p data-start=\"1929\" data-end=\"2166\">\u0130\u015fletmeye \u00f6zg\u00fc risklerin belirlenmesi, bu risklerin do\u011furabilece\u011fi zararlar\u0131n azalt\u0131lmas\u0131 ya da tamamen ortadan kald\u0131r\u0131lmas\u0131 konusunda g\u00f6rev alan i\u015f g\u00fcvenli\u011fi uzmanlar\u0131m\u0131z, ayn\u0131 zamanda kurum performans\u0131na da pozitif katk\u0131 sa\u011flamaktad\u0131r.<\/p><p data-start=\"2168\" data-end=\"2391\">Kurumsal ve profesyonel bir yakla\u015f\u0131mla, temel i\u015f sa\u011fl\u0131\u011f\u0131 ve g\u00fcvenli\u011fi e\u011fitimleri ile acil durum planlamalar\u0131n\u0131n haz\u0131rlanmas\u0131n\u0131 taahh\u00fct ediyoruz. Bu do\u011frultuda, ihtiya\u00e7 duydu\u011funuz her konuda bizden dan\u0131\u015fmanl\u0131k alabilirsiniz.<\/p><hr data-start=\"2393\" data-end=\"2396\" \/><h3 data-start=\"2398\" data-end=\"2441\"><strong data-start=\"2402\" data-end=\"2441\">Risk De\u011ferlendirme S\u00fcreci A\u015famalar\u0131<\/strong><\/h3><ul data-start=\"2443\" data-end=\"3007\"><li data-start=\"2443\" data-end=\"2488\"><p data-start=\"2445\" data-end=\"2488\">Tehlike ve risk unsurlar\u0131n\u0131n tan\u0131mlanmas\u0131<\/p><\/li><li data-start=\"2489\" data-end=\"2533\"><p data-start=\"2491\" data-end=\"2533\">Tehlike ve risklerin sistematik y\u00f6netimi<\/p><\/li><li data-start=\"2534\" data-end=\"2601\"><p data-start=\"2536\" data-end=\"2601\">Mevcut ve potansiyel risklerin i\u015fletme \u00f6zelinde analiz edilmesi<\/p><\/li><li data-start=\"2602\" data-end=\"2653\"><p data-start=\"2604\" data-end=\"2653\">Risk y\u00f6netimi organizasyonunun yap\u0131land\u0131r\u0131lmas\u0131<\/p><\/li><li data-start=\"2654\" data-end=\"2723\"><p data-start=\"2656\" data-end=\"2723\">Uygun risk de\u011ferlendirme y\u00f6nteminin se\u00e7ilmesi ve seviye belirleme<\/p><\/li><li data-start=\"2724\" data-end=\"2764\"><p data-start=\"2726\" data-end=\"2764\">Risk kontrol sistemlerinin kurulmas\u0131<\/p><\/li><li data-start=\"2765\" data-end=\"2811\"><p data-start=\"2767\" data-end=\"2811\">Analiz yapacak ekiplerin g\u00f6revlendirilmesi<\/p><\/li><li data-start=\"2812\" data-end=\"2908\"><p data-start=\"2814\" data-end=\"2908\">Belirlenen risklere kar\u015f\u0131 koruyucu ve \u00f6nleyici tedbirlerin planlanmas\u0131 ve hayata ge\u00e7irilmesi<\/p><\/li><li data-start=\"2909\" data-end=\"3007\"><p data-start=\"2911\" data-end=\"3007\">Risk y\u00f6netimi i\u00e7in etkin bir izleme ve denetim mekanizmas\u0131n\u0131n i\u015fletmede i\u015fler hale getirilmesi<\/p><\/li><\/ul>\t\t\t\t\t\t\t\t<\/div>\n\t\t\t\t\t<\/div>\n\t\t\t\t<\/div>\n\t\t\t\t<\/div>\n\t\t","protected":false},"excerpt":{"rendered":"<p>Tehlike: \u0130nsan sa\u011fl\u0131\u011f\u0131na, e\u015fyaya veya s\u00fcrece zarar verme ihtimali ta\u015f\u0131yan herhangi bir unsur. Tehlikeler; bireyleri, malzemeleri ve i\u015f s\u00fcre\u00e7lerini etkileyebilir; i\u015f kazalar\u0131na, hastal\u0131klara, \u00fcretim kay\u0131plar\u0131na veya ekipman ar\u0131zalar\u0131na neden olabilir. Mesleki risk: Bir tehlike ile kar\u015f\u0131 kar\u015f\u0131ya kal\u0131nmas\u0131 durumunda, \u00f6l\u00fcm, yaralanma ya da sa\u011fl\u0131k sorunlar\u0131n\u0131n meydana gelme olas\u0131l\u0131\u011f\u0131 ile bu sonu\u00e7lar\u0131n ciddiyetini birlikte ifade eder. [&hellip;]<\/p>\n","protected":false},"author":1,"featured_media":0,"parent":0,"menu_order":0,"comment_status":"closed","ping_status":"closed","template":"","meta":{"footnotes":""},"class_list":["post-123","page","type-page","status-publish","hentry"],"blocksy_meta":[],"yoast_head":"<!-- This site is optimized with the Yoast SEO plugin v25.6 - https:\/\/yoast.com\/wordpress\/plugins\/seo\/ -->\n<title>Risk De\u011ferlendirmesi -<\/title>\n<meta name=\"robots\" content=\"index, follow, max-snippet:-1, max-image-preview:large, max-video-preview:-1\" \/>\n<link rel=\"canonical\" href=\"https:\/\/demo.ipekosgb.com.tr\/?page_id=123\" \/>\n<meta property=\"og:locale\" content=\"tr_TR\" \/>\n<meta property=\"og:type\" content=\"article\" \/>\n<meta property=\"og:title\" content=\"Risk De\u011ferlendirmesi -\" \/>\n<meta property=\"og:description\" content=\"Tehlike: \u0130nsan sa\u011fl\u0131\u011f\u0131na, e\u015fyaya veya s\u00fcrece zarar verme ihtimali ta\u015f\u0131yan herhangi bir unsur. Tehlikeler; bireyleri, malzemeleri ve i\u015f s\u00fcre\u00e7lerini etkileyebilir; i\u015f kazalar\u0131na, hastal\u0131klara, \u00fcretim kay\u0131plar\u0131na veya ekipman ar\u0131zalar\u0131na neden olabilir. Mesleki risk: Bir tehlike ile kar\u015f\u0131 kar\u015f\u0131ya kal\u0131nmas\u0131 durumunda, \u00f6l\u00fcm, yaralanma ya da sa\u011fl\u0131k sorunlar\u0131n\u0131n meydana gelme olas\u0131l\u0131\u011f\u0131 ile bu sonu\u00e7lar\u0131n ciddiyetini birlikte ifade eder. [&hellip;]\" \/>\n<meta property=\"og:url\" content=\"https:\/\/demo.ipekosgb.com.tr\/?page_id=123\" \/>\n<meta property=\"article:modified_time\" content=\"2025-08-05T12:22:18+00:00\" \/>\n<meta property=\"og:image\" content=\"https:\/\/demo.ipekosgb.com.tr\/wp-content\/uploads\/2025\/08\/1-7.jpg\" \/>\n\t<meta property=\"og:image:width\" content=\"2048\" \/>\n\t<meta property=\"og:image:height\" content=\"1365\" \/>\n\t<meta property=\"og:image:type\" content=\"image\/jpeg\" \/>\n<meta name=\"twitter:card\" content=\"summary_large_image\" \/>\n<meta name=\"twitter:label1\" content=\"Tahmini okuma s\u00fcresi\" \/>\n\t<meta name=\"twitter:data1\" content=\"2 dakika\" \/>\n<script type=\"application\/ld+json\" class=\"yoast-schema-graph\">{\"@context\":\"https:\/\/schema.org\",\"@graph\":[{\"@type\":\"WebPage\",\"@id\":\"https:\/\/demo.ipekosgb.com.tr\/?page_id=123\",\"url\":\"https:\/\/demo.ipekosgb.com.tr\/?page_id=123\",\"name\":\"Risk De\u011ferlendirmesi -\",\"isPartOf\":{\"@id\":\"https:\/\/demo.ipekosgb.com.tr\/#website\"},\"primaryImageOfPage\":{\"@id\":\"https:\/\/demo.ipekosgb.com.tr\/?page_id=123#primaryimage\"},\"image\":{\"@id\":\"https:\/\/demo.ipekosgb.com.tr\/?page_id=123#primaryimage\"},\"thumbnailUrl\":\"https:\/\/demo.ipekosgb.com.tr\/wp-content\/uploads\/2025\/08\/1-7-1536x1024.jpg\",\"datePublished\":\"2025-08-05T12:19:41+00:00\",\"dateModified\":\"2025-08-05T12:22:18+00:00\",\"breadcrumb\":{\"@id\":\"https:\/\/demo.ipekosgb.com.tr\/?page_id=123#breadcrumb\"},\"inLanguage\":\"tr\",\"potentialAction\":[{\"@type\":\"ReadAction\",\"target\":[\"https:\/\/demo.ipekosgb.com.tr\/?page_id=123\"]}]},{\"@type\":\"ImageObject\",\"inLanguage\":\"tr\",\"@id\":\"https:\/\/demo.ipekosgb.com.tr\/?page_id=123#primaryimage\",\"url\":\"https:\/\/demo.ipekosgb.com.tr\/wp-content\/uploads\/2025\/08\/1-7.jpg\",\"contentUrl\":\"https:\/\/demo.ipekosgb.com.tr\/wp-content\/uploads\/2025\/08\/1-7.jpg\",\"width\":2048,\"height\":1365,\"caption\":\"Businessman stop falling wooden blocks and protect house model. Crisis, fall Business, Risk, Economic recession, Developer, Real Estate and Property concept\"},{\"@type\":\"BreadcrumbList\",\"@id\":\"https:\/\/demo.ipekosgb.com.tr\/?page_id=123#breadcrumb\",\"itemListElement\":[{\"@type\":\"ListItem\",\"position\":1,\"name\":\"Anasayfa\",\"item\":\"https:\/\/demo.ipekosgb.com.tr\/\"},{\"@type\":\"ListItem\",\"position\":2,\"name\":\"Risk De\u011ferlendirmesi\"}]},{\"@type\":\"WebSite\",\"@id\":\"https:\/\/demo.ipekosgb.com.tr\/#website\",\"url\":\"https:\/\/demo.ipekosgb.com.tr\/\",\"name\":\"\",\"description\":\"\",\"potentialAction\":[{\"@type\":\"SearchAction\",\"target\":{\"@type\":\"EntryPoint\",\"urlTemplate\":\"https:\/\/demo.ipekosgb.com.tr\/?s={search_term_string}\"},\"query-input\":{\"@type\":\"PropertyValueSpecification\",\"valueRequired\":true,\"valueName\":\"search_term_string\"}}],\"inLanguage\":\"tr\"}]}<\/script>\n<!-- \/ Yoast SEO plugin. -->","yoast_head_json":{"title":"Risk De\u011ferlendirmesi -","robots":{"index":"index","follow":"follow","max-snippet":"max-snippet:-1","max-image-preview":"max-image-preview:large","max-video-preview":"max-video-preview:-1"},"canonical":"https:\/\/demo.ipekosgb.com.tr\/?page_id=123","og_locale":"tr_TR","og_type":"article","og_title":"Risk De\u011ferlendirmesi -","og_description":"Tehlike: \u0130nsan sa\u011fl\u0131\u011f\u0131na, e\u015fyaya veya s\u00fcrece zarar verme ihtimali ta\u015f\u0131yan herhangi bir unsur. Tehlikeler; bireyleri, malzemeleri ve i\u015f s\u00fcre\u00e7lerini etkileyebilir; i\u015f kazalar\u0131na, hastal\u0131klara, \u00fcretim kay\u0131plar\u0131na veya ekipman ar\u0131zalar\u0131na neden olabilir. Mesleki risk: Bir tehlike ile kar\u015f\u0131 kar\u015f\u0131ya kal\u0131nmas\u0131 durumunda, \u00f6l\u00fcm, yaralanma ya da sa\u011fl\u0131k sorunlar\u0131n\u0131n meydana gelme olas\u0131l\u0131\u011f\u0131 ile bu sonu\u00e7lar\u0131n ciddiyetini birlikte ifade eder. [&hellip;]","og_url":"https:\/\/demo.ipekosgb.com.tr\/?page_id=123","article_modified_time":"2025-08-05T12:22:18+00:00","og_image":[{"width":2048,"height":1365,"url":"https:\/\/demo.ipekosgb.com.tr\/wp-content\/uploads\/2025\/08\/1-7.jpg","type":"image\/jpeg"}],"twitter_card":"summary_large_image","twitter_misc":{"Tahmini okuma s\u00fcresi":"2 dakika"},"schema":{"@context":"https:\/\/schema.org","@graph":[{"@type":"WebPage","@id":"https:\/\/demo.ipekosgb.com.tr\/?page_id=123","url":"https:\/\/demo.ipekosgb.com.tr\/?page_id=123","name":"Risk De\u011ferlendirmesi -","isPartOf":{"@id":"https:\/\/demo.ipekosgb.com.tr\/#website"},"primaryImageOfPage":{"@id":"https:\/\/demo.ipekosgb.com.tr\/?page_id=123#primaryimage"},"image":{"@id":"https:\/\/demo.ipekosgb.com.tr\/?page_id=123#primaryimage"},"thumbnailUrl":"https:\/\/demo.ipekosgb.com.tr\/wp-content\/uploads\/2025\/08\/1-7-1536x1024.jpg","datePublished":"2025-08-05T12:19:41+00:00","dateModified":"2025-08-05T12:22:18+00:00","breadcrumb":{"@id":"https:\/\/demo.ipekosgb.com.tr\/?page_id=123#breadcrumb"},"inLanguage":"tr","potentialAction":[{"@type":"ReadAction","target":["https:\/\/demo.ipekosgb.com.tr\/?page_id=123"]}]},{"@type":"ImageObject","inLanguage":"tr","@id":"https:\/\/demo.ipekosgb.com.tr\/?page_id=123#primaryimage","url":"https:\/\/demo.ipekosgb.com.tr\/wp-content\/uploads\/2025\/08\/1-7.jpg","contentUrl":"https:\/\/demo.ipekosgb.com.tr\/wp-content\/uploads\/2025\/08\/1-7.jpg","width":2048,"height":1365,"caption":"Businessman stop falling wooden blocks and protect house model. Crisis, fall Business, Risk, Economic recession, Developer, Real Estate and Property concept"},{"@type":"BreadcrumbList","@id":"https:\/\/demo.ipekosgb.com.tr\/?page_id=123#breadcrumb","itemListElement":[{"@type":"ListItem","position":1,"name":"Anasayfa","item":"https:\/\/demo.ipekosgb.com.tr\/"},{"@type":"ListItem","position":2,"name":"Risk De\u011ferlendirmesi"}]},{"@type":"WebSite","@id":"https:\/\/demo.ipekosgb.com.tr\/#website","url":"https:\/\/demo.ipekosgb.com.tr\/","name":"","description":"","potentialAction":[{"@type":"SearchAction","target":{"@type":"EntryPoint","urlTemplate":"https:\/\/demo.ipekosgb.com.tr\/?s={search_term_string}"},"query-input":{"@type":"PropertyValueSpecification","valueRequired":true,"valueName":"search_term_string"}}],"inLanguage":"tr"}]}},"_links":{"self":[{"href":"https:\/\/demo.ipekosgb.com.tr\/index.php?rest_route=\/wp\/v2\/pages\/123","targetHints":{"allow":["GET"]}}],"collection":[{"href":"https:\/\/demo.ipekosgb.com.tr\/index.php?rest_route=\/wp\/v2\/pages"}],"about":[{"href":"https:\/\/demo.ipekosgb.com.tr\/index.php?rest_route=\/wp\/v2\/types\/page"}],"author":[{"embeddable":true,"href":"https:\/\/demo.ipekosgb.com.tr\/index.php?rest_route=\/wp\/v2\/users\/1"}],"replies":[{"embeddable":true,"href":"https:\/\/demo.ipekosgb.com.tr\/index.php?rest_route=%2Fwp%2Fv2%2Fcomments&post=123"}],"version-history":[{"count":4,"href":"https:\/\/demo.ipekosgb.com.tr\/index.php?rest_route=\/wp\/v2\/pages\/123\/revisions"}],"predecessor-version":[{"id":128,"href":"https:\/\/demo.ipekosgb.com.tr\/index.php?rest_route=\/wp\/v2\/pages\/123\/revisions\/128"}],"wp:attachment":[{"href":"https:\/\/demo.ipekosgb.com.tr\/index.php?rest_route=%2Fwp%2Fv2%2Fmedia&parent=123"}],"curies":[{"name":"wp","href":"https:\/\/api.w.org\/{rel}","templated":true}]}}