{"id":129,"date":"2025-08-05T12:26:27","date_gmt":"2025-08-05T12:26:27","guid":{"rendered":"https:\/\/demo.ipekosgb.com.tr\/?page_id=129"},"modified":"2025-08-05T12:27:21","modified_gmt":"2025-08-05T12:27:21","slug":"yardimcisaglikpersoneligorevlendirilmesi","status":"publish","type":"page","link":"https:\/\/demo.ipekosgb.com.tr\/?page_id=129","title":{"rendered":"Yard\u0131mc\u0131 Sa\u011fl\u0131k Personeli G\u00f6revlendirilmesi"},"content":{"rendered":"\t\t<div data-elementor-type=\"wp-page\" data-elementor-id=\"129\" class=\"elementor elementor-129\">\n\t\t\t\t<div class=\"elementor-element elementor-element-b71dc17 e-flex e-con-boxed e-con e-parent\" data-id=\"b71dc17\" data-element_type=\"container\">\n\t\t\t\t\t<div class=\"e-con-inner\">\n\t\t\t\t<div class=\"elementor-element elementor-element-8480dea elementor-widget__width-auto elementor-widget elementor-widget-image\" data-id=\"8480dea\" data-element_type=\"widget\" data-widget_type=\"image.default\">\n\t\t\t\t\t\t\t\t\t\t\t\t\t\t\t<img fetchpriority=\"high\" decoding=\"async\" width=\"1536\" height=\"1024\" src=\"https:\/\/demo.ipekosgb.com.tr\/wp-content\/uploads\/2025\/08\/1-8-1536x1024.jpg\" class=\"attachment-1536x1536 size-1536x1536 wp-image-131\" alt=\"\" srcset=\"https:\/\/demo.ipekosgb.com.tr\/wp-content\/uploads\/2025\/08\/1-8-1536x1024.jpg 1536w, https:\/\/demo.ipekosgb.com.tr\/wp-content\/uploads\/2025\/08\/1-8-300x200.jpg 300w, https:\/\/demo.ipekosgb.com.tr\/wp-content\/uploads\/2025\/08\/1-8-1024x683.jpg 1024w, https:\/\/demo.ipekosgb.com.tr\/wp-content\/uploads\/2025\/08\/1-8-768x512.jpg 768w, https:\/\/demo.ipekosgb.com.tr\/wp-content\/uploads\/2025\/08\/1-8.jpg 2048w\" sizes=\"(max-width: 1536px) 100vw, 1536px\" \/>\t\t\t\t\t\t\t\t\t\t\t\t\t\t\t<\/div>\n\t\t\t\t\t<\/div>\n\t\t\t\t<\/div>\n\t\t<div class=\"elementor-element elementor-element-38bf4f9 e-flex e-con-boxed e-con e-parent\" data-id=\"38bf4f9\" data-element_type=\"container\">\n\t\t\t\t\t<div class=\"e-con-inner\">\n\t\t\t\t\t<\/div>\n\t\t\t\t<\/div>\n\t\t<div class=\"elementor-element elementor-element-9273f80 e-flex e-con-boxed e-con e-parent\" data-id=\"9273f80\" data-element_type=\"container\">\n\t\t\t\t\t<div class=\"e-con-inner\">\n\t\t\t\t<div class=\"elementor-element elementor-element-e006954 elementor-widget elementor-widget-text-editor\" data-id=\"e006954\" data-element_type=\"widget\" data-widget_type=\"text-editor.default\">\n\t\t\t\t\t\t\t\t\t<p data-start=\"318\" data-end=\"799\">\u0130\u015fverenler, i\u015f sa\u011fl\u0131\u011f\u0131 ve g\u00fcvenli\u011fi kapsam\u0131nda al\u0131nmas\u0131 gereken \u00f6nleyici tedbirlerin belirlenmesi, uygulanmas\u0131n\u0131n takibi, i\u015f kazalar\u0131n\u0131n ve meslek hastal\u0131klar\u0131n\u0131n \u00f6nlenmesi, \u00e7al\u0131\u015fanlara y\u00f6nelik ilk yard\u0131m ve koruyucu sa\u011fl\u0131k hizmetlerinin sa\u011flanmas\u0131 amac\u0131yla; ilgili y\u00f6netmelikte belirtilen niteliklere sahip \u00e7al\u0131\u015fanlar\u0131 aras\u0131ndan ya da yetkili <strong data-start=\"662\" data-end=\"701\">Ortak Sa\u011fl\u0131k G\u00fcvenlik Birimi (OSGB)<\/strong> firmalar\u0131ndan <strong data-start=\"716\" data-end=\"770\">yard\u0131mc\u0131 sa\u011fl\u0131k personeli (di\u011fer sa\u011fl\u0131k personeli)<\/strong> g\u00f6revlendirmekle y\u00fck\u00fcml\u00fcd\u00fcr.<\/p><p data-start=\"801\" data-end=\"1296\"><strong data-start=\"801\" data-end=\"813\">\u0130PEK OSGB<\/strong> olarak bizler; i\u015fletmelerin, i\u015f sa\u011fl\u0131\u011f\u0131 ve g\u00fcvenli\u011fi kapsam\u0131nda yasal y\u00fck\u00fcml\u00fcl\u00fcklerini eksiksiz \u015fekilde yerine getirebilmeleri ad\u0131na, i\u015f yerinde sa\u011fl\u0131kl\u0131 ve g\u00fcvenli \u00e7al\u0131\u015fma ko\u015fullar\u0131n\u0131n olu\u015fturulmas\u0131, mevcut sa\u011fl\u0131k risklerinin \u00f6n\u00fcne ge\u00e7ilmesi ve koruyucu hizmetlerin s\u00fcrd\u00fcr\u00fclebilir bi\u00e7imde y\u00fcr\u00fct\u00fclmesi i\u00e7in profesyonel destek sunuyoruz. Bu kapsamda cezai yapt\u0131r\u0131mlar\u0131n \u00f6n\u00fcne ge\u00e7mek ve mevzuata uyum sa\u011flamak amac\u0131yla <strong data-start=\"1231\" data-end=\"1284\">\u201cDi\u011fer Sa\u011fl\u0131k Personeli G\u00f6revlendirme Hizmetleri\u201d<\/strong> sa\u011fl\u0131yoruz.<\/p><hr data-start=\"1298\" data-end=\"1301\" \/><h3 data-start=\"1303\" data-end=\"1363\"><strong data-start=\"1307\" data-end=\"1363\">Yard\u0131mc\u0131 Sa\u011fl\u0131k Personelinin G\u00f6rev ve Sorumluluklar\u0131<\/strong><\/h3><ul data-start=\"1365\" data-end=\"2379\"><li data-start=\"1365\" data-end=\"1567\"><p data-start=\"1367\" data-end=\"1567\">\u0130\u015f sa\u011fl\u0131\u011f\u0131 ve g\u00fcvenli\u011fi hizmetlerinin planlanmas\u0131, takibi, de\u011ferlendirilmesi ve y\u00f6nlendirilmesi s\u00fcre\u00e7lerinde <strong data-start=\"1476\" data-end=\"1493\">i\u015fyeri hekimi<\/strong> ile birlikte \u00e7al\u0131\u015fmak, gerekli verileri toplamak ve kay\u0131t alt\u0131na almak,<\/p><\/li><li data-start=\"1568\" data-end=\"1705\"><p data-start=\"1570\" data-end=\"1705\">\u00c7al\u0131\u015fanlar\u0131n sa\u011fl\u0131k bilgilerini, i\u015fe giri\u015f ve periyodik muayene formlar\u0131na kaydetmek, muayene s\u0131ras\u0131nda i\u015fyeri hekimine destek olmak,<\/p><\/li><li data-start=\"1706\" data-end=\"1834\"><p data-start=\"1708\" data-end=\"1834\">\u00d6zel politika gerektiren \u00e7al\u0131\u015fan gruplar\u0131n\u0131n izlenmesini sa\u011flamak ve bu \u00e7al\u0131\u015fanlar\u0131n gerekli sa\u011fl\u0131k kontrollerini yapt\u0131rmak,<\/p><\/li><li data-start=\"1835\" data-end=\"1933\"><p data-start=\"1837\" data-end=\"1933\">\u0130lk yard\u0131m hizmetlerinin organizasyonu ve uygulanmas\u0131nda i\u015fyeri hekimiyle koordineli \u00e7al\u0131\u015fmak,<\/p><\/li><li data-start=\"1934\" data-end=\"1991\"><p data-start=\"1936\" data-end=\"1991\">\u00c7al\u0131\u015fanlara y\u00f6nelik sa\u011fl\u0131k e\u011fitimlerinde g\u00f6rev almak,<\/p><\/li><li data-start=\"1992\" data-end=\"2135\"><p data-start=\"1994\" data-end=\"2135\">\u0130\u015f yeri binalar\u0131 ve eklentilerinde genel hijyen ko\u015fullar\u0131n\u0131n s\u00fcreklili\u011fini sa\u011flamak ad\u0131na d\u00fczenli denetimlerde i\u015fyeri hekimine e\u015flik etmek,<\/p><\/li><li data-start=\"2136\" data-end=\"2242\"><p data-start=\"2138\" data-end=\"2242\">\u0130\u015fyeri hekimi taraf\u0131ndan kendisine verilen i\u015f sa\u011fl\u0131\u011f\u0131 ve g\u00fcvenli\u011fine ili\u015fkin di\u011fer g\u00f6revleri y\u00fcr\u00fctmek,<\/p><\/li><li data-start=\"2243\" data-end=\"2379\"><p data-start=\"2245\" data-end=\"2379\">\u0130\u015fyerinde g\u00f6rev yapan \u00e7al\u0131\u015fan temsilcileri ve destek elemanlar\u0131yla i\u015f birli\u011fi i\u00e7inde \u00e7al\u0131\u015fmak ve bu ki\u015filere gereken deste\u011fi sunmak.<\/p><\/li><\/ul><hr data-start=\"2381\" data-end=\"2384\" \/><p data-start=\"2386\" data-end=\"2610\">Yard\u0131mc\u0131 sa\u011fl\u0131k personelinin i\u015f yerindeki varl\u0131\u011f\u0131; sa\u011fl\u0131k hizmetlerinin s\u00fcreklili\u011fini sa\u011flayarak \u00e7al\u0131\u015fanlar\u0131n g\u00fcvenli\u011fini g\u00fc\u00e7lendirmekte, ayn\u0131 zamanda i\u015f yerinin yasal zorunluluklara tam uyum sa\u011flamas\u0131n\u0131 kolayla\u015ft\u0131rmaktad\u0131r.<\/p>\t\t\t\t\t\t\t\t<\/div>\n\t\t\t\t\t<\/div>\n\t\t\t\t<\/div>\n\t\t\t\t<\/div>\n\t\t","protected":false},"excerpt":{"rendered":"<p>\u0130\u015fverenler, i\u015f sa\u011fl\u0131\u011f\u0131 ve g\u00fcvenli\u011fi kapsam\u0131nda al\u0131nmas\u0131 gereken \u00f6nleyici tedbirlerin belirlenmesi, uygulanmas\u0131n\u0131n takibi, i\u015f kazalar\u0131n\u0131n ve meslek hastal\u0131klar\u0131n\u0131n \u00f6nlenmesi, \u00e7al\u0131\u015fanlara y\u00f6nelik ilk yard\u0131m ve koruyucu sa\u011fl\u0131k hizmetlerinin sa\u011flanmas\u0131 amac\u0131yla; ilgili y\u00f6netmelikte belirtilen niteliklere sahip \u00e7al\u0131\u015fanlar\u0131 aras\u0131ndan ya da yetkili Ortak Sa\u011fl\u0131k G\u00fcvenlik Birimi (OSGB) firmalar\u0131ndan yard\u0131mc\u0131 sa\u011fl\u0131k personeli (di\u011fer sa\u011fl\u0131k personeli) g\u00f6revlendirmekle y\u00fck\u00fcml\u00fcd\u00fcr. \u0130PEK OSGB [&hellip;]<\/p>\n","protected":false},"author":1,"featured_media":0,"parent":0,"menu_order":0,"comment_status":"closed","ping_status":"closed","template":"","meta":{"footnotes":""},"class_list":["post-129","page","type-page","status-publish","hentry"],"blocksy_meta":[],"yoast_head":"<!-- This site is optimized with the Yoast SEO plugin v25.6 - https:\/\/yoast.com\/wordpress\/plugins\/seo\/ -->\n<title>Yard\u0131mc\u0131 Sa\u011fl\u0131k Personeli G\u00f6revlendirilmesi -<\/title>\n<meta name=\"robots\" content=\"index, follow, max-snippet:-1, max-image-preview:large, max-video-preview:-1\" \/>\n<link rel=\"canonical\" href=\"https:\/\/demo.ipekosgb.com.tr\/?page_id=129\" \/>\n<meta property=\"og:locale\" content=\"tr_TR\" \/>\n<meta property=\"og:type\" content=\"article\" \/>\n<meta property=\"og:title\" content=\"Yard\u0131mc\u0131 Sa\u011fl\u0131k Personeli G\u00f6revlendirilmesi -\" \/>\n<meta property=\"og:description\" content=\"\u0130\u015fverenler, i\u015f sa\u011fl\u0131\u011f\u0131 ve g\u00fcvenli\u011fi kapsam\u0131nda al\u0131nmas\u0131 gereken \u00f6nleyici tedbirlerin belirlenmesi, uygulanmas\u0131n\u0131n takibi, i\u015f kazalar\u0131n\u0131n ve meslek hastal\u0131klar\u0131n\u0131n \u00f6nlenmesi, \u00e7al\u0131\u015fanlara y\u00f6nelik ilk yard\u0131m ve koruyucu sa\u011fl\u0131k hizmetlerinin sa\u011flanmas\u0131 amac\u0131yla; ilgili y\u00f6netmelikte belirtilen niteliklere sahip \u00e7al\u0131\u015fanlar\u0131 aras\u0131ndan ya da yetkili Ortak Sa\u011fl\u0131k G\u00fcvenlik Birimi (OSGB) firmalar\u0131ndan yard\u0131mc\u0131 sa\u011fl\u0131k personeli (di\u011fer sa\u011fl\u0131k personeli) g\u00f6revlendirmekle y\u00fck\u00fcml\u00fcd\u00fcr. \u0130PEK OSGB [&hellip;]\" \/>\n<meta property=\"og:url\" content=\"https:\/\/demo.ipekosgb.com.tr\/?page_id=129\" \/>\n<meta property=\"article:modified_time\" content=\"2025-08-05T12:27:21+00:00\" \/>\n<meta property=\"og:image\" content=\"https:\/\/demo.ipekosgb.com.tr\/wp-content\/uploads\/2025\/08\/1-8.jpg\" \/>\n\t<meta property=\"og:image:width\" content=\"2048\" \/>\n\t<meta property=\"og:image:height\" content=\"1365\" \/>\n\t<meta property=\"og:image:type\" content=\"image\/jpeg\" \/>\n<meta name=\"twitter:card\" content=\"summary_large_image\" \/>\n<meta name=\"twitter:label1\" content=\"Tahmini okuma s\u00fcresi\" \/>\n\t<meta name=\"twitter:data1\" content=\"2 dakika\" \/>\n<script type=\"application\/ld+json\" class=\"yoast-schema-graph\">{\"@context\":\"https:\/\/schema.org\",\"@graph\":[{\"@type\":\"WebPage\",\"@id\":\"https:\/\/demo.ipekosgb.com.tr\/?page_id=129\",\"url\":\"https:\/\/demo.ipekosgb.com.tr\/?page_id=129\",\"name\":\"Yard\u0131mc\u0131 Sa\u011fl\u0131k Personeli G\u00f6revlendirilmesi -\",\"isPartOf\":{\"@id\":\"https:\/\/demo.ipekosgb.com.tr\/#website\"},\"primaryImageOfPage\":{\"@id\":\"https:\/\/demo.ipekosgb.com.tr\/?page_id=129#primaryimage\"},\"image\":{\"@id\":\"https:\/\/demo.ipekosgb.com.tr\/?page_id=129#primaryimage\"},\"thumbnailUrl\":\"https:\/\/demo.ipekosgb.com.tr\/wp-content\/uploads\/2025\/08\/1-8-1536x1024.jpg\",\"datePublished\":\"2025-08-05T12:26:27+00:00\",\"dateModified\":\"2025-08-05T12:27:21+00:00\",\"breadcrumb\":{\"@id\":\"https:\/\/demo.ipekosgb.com.tr\/?page_id=129#breadcrumb\"},\"inLanguage\":\"tr\",\"potentialAction\":[{\"@type\":\"ReadAction\",\"target\":[\"https:\/\/demo.ipekosgb.com.tr\/?page_id=129\"]}]},{\"@type\":\"ImageObject\",\"inLanguage\":\"tr\",\"@id\":\"https:\/\/demo.ipekosgb.com.tr\/?page_id=129#primaryimage\",\"url\":\"https:\/\/demo.ipekosgb.com.tr\/wp-content\/uploads\/2025\/08\/1-8.jpg\",\"contentUrl\":\"https:\/\/demo.ipekosgb.com.tr\/wp-content\/uploads\/2025\/08\/1-8.jpg\",\"width\":2048,\"height\":1365,\"caption\":\"high angle view of colleagues discussing work in laboratory\"},{\"@type\":\"BreadcrumbList\",\"@id\":\"https:\/\/demo.ipekosgb.com.tr\/?page_id=129#breadcrumb\",\"itemListElement\":[{\"@type\":\"ListItem\",\"position\":1,\"name\":\"Anasayfa\",\"item\":\"https:\/\/demo.ipekosgb.com.tr\/\"},{\"@type\":\"ListItem\",\"position\":2,\"name\":\"Yard\u0131mc\u0131 Sa\u011fl\u0131k Personeli G\u00f6revlendirilmesi\"}]},{\"@type\":\"WebSite\",\"@id\":\"https:\/\/demo.ipekosgb.com.tr\/#website\",\"url\":\"https:\/\/demo.ipekosgb.com.tr\/\",\"name\":\"\",\"description\":\"\",\"potentialAction\":[{\"@type\":\"SearchAction\",\"target\":{\"@type\":\"EntryPoint\",\"urlTemplate\":\"https:\/\/demo.ipekosgb.com.tr\/?s={search_term_string}\"},\"query-input\":{\"@type\":\"PropertyValueSpecification\",\"valueRequired\":true,\"valueName\":\"search_term_string\"}}],\"inLanguage\":\"tr\"}]}<\/script>\n<!-- \/ Yoast SEO plugin. -->","yoast_head_json":{"title":"Yard\u0131mc\u0131 Sa\u011fl\u0131k Personeli G\u00f6revlendirilmesi -","robots":{"index":"index","follow":"follow","max-snippet":"max-snippet:-1","max-image-preview":"max-image-preview:large","max-video-preview":"max-video-preview:-1"},"canonical":"https:\/\/demo.ipekosgb.com.tr\/?page_id=129","og_locale":"tr_TR","og_type":"article","og_title":"Yard\u0131mc\u0131 Sa\u011fl\u0131k Personeli G\u00f6revlendirilmesi -","og_description":"\u0130\u015fverenler, i\u015f sa\u011fl\u0131\u011f\u0131 ve g\u00fcvenli\u011fi kapsam\u0131nda al\u0131nmas\u0131 gereken \u00f6nleyici tedbirlerin belirlenmesi, uygulanmas\u0131n\u0131n takibi, i\u015f kazalar\u0131n\u0131n ve meslek hastal\u0131klar\u0131n\u0131n \u00f6nlenmesi, \u00e7al\u0131\u015fanlara y\u00f6nelik ilk yard\u0131m ve koruyucu sa\u011fl\u0131k hizmetlerinin sa\u011flanmas\u0131 amac\u0131yla; ilgili y\u00f6netmelikte belirtilen niteliklere sahip \u00e7al\u0131\u015fanlar\u0131 aras\u0131ndan ya da yetkili Ortak Sa\u011fl\u0131k G\u00fcvenlik Birimi (OSGB) firmalar\u0131ndan yard\u0131mc\u0131 sa\u011fl\u0131k personeli (di\u011fer sa\u011fl\u0131k personeli) g\u00f6revlendirmekle y\u00fck\u00fcml\u00fcd\u00fcr. \u0130PEK OSGB [&hellip;]","og_url":"https:\/\/demo.ipekosgb.com.tr\/?page_id=129","article_modified_time":"2025-08-05T12:27:21+00:00","og_image":[{"width":2048,"height":1365,"url":"https:\/\/demo.ipekosgb.com.tr\/wp-content\/uploads\/2025\/08\/1-8.jpg","type":"image\/jpeg"}],"twitter_card":"summary_large_image","twitter_misc":{"Tahmini okuma s\u00fcresi":"2 dakika"},"schema":{"@context":"https:\/\/schema.org","@graph":[{"@type":"WebPage","@id":"https:\/\/demo.ipekosgb.com.tr\/?page_id=129","url":"https:\/\/demo.ipekosgb.com.tr\/?page_id=129","name":"Yard\u0131mc\u0131 Sa\u011fl\u0131k Personeli G\u00f6revlendirilmesi -","isPartOf":{"@id":"https:\/\/demo.ipekosgb.com.tr\/#website"},"primaryImageOfPage":{"@id":"https:\/\/demo.ipekosgb.com.tr\/?page_id=129#primaryimage"},"image":{"@id":"https:\/\/demo.ipekosgb.com.tr\/?page_id=129#primaryimage"},"thumbnailUrl":"https:\/\/demo.ipekosgb.com.tr\/wp-content\/uploads\/2025\/08\/1-8-1536x1024.jpg","datePublished":"2025-08-05T12:26:27+00:00","dateModified":"2025-08-05T12:27:21+00:00","breadcrumb":{"@id":"https:\/\/demo.ipekosgb.com.tr\/?page_id=129#breadcrumb"},"inLanguage":"tr","potentialAction":[{"@type":"ReadAction","target":["https:\/\/demo.ipekosgb.com.tr\/?page_id=129"]}]},{"@type":"ImageObject","inLanguage":"tr","@id":"https:\/\/demo.ipekosgb.com.tr\/?page_id=129#primaryimage","url":"https:\/\/demo.ipekosgb.com.tr\/wp-content\/uploads\/2025\/08\/1-8.jpg","contentUrl":"https:\/\/demo.ipekosgb.com.tr\/wp-content\/uploads\/2025\/08\/1-8.jpg","width":2048,"height":1365,"caption":"high angle view of colleagues discussing work in laboratory"},{"@type":"BreadcrumbList","@id":"https:\/\/demo.ipekosgb.com.tr\/?page_id=129#breadcrumb","itemListElement":[{"@type":"ListItem","position":1,"name":"Anasayfa","item":"https:\/\/demo.ipekosgb.com.tr\/"},{"@type":"ListItem","position":2,"name":"Yard\u0131mc\u0131 Sa\u011fl\u0131k Personeli G\u00f6revlendirilmesi"}]},{"@type":"WebSite","@id":"https:\/\/demo.ipekosgb.com.tr\/#website","url":"https:\/\/demo.ipekosgb.com.tr\/","name":"","description":"","potentialAction":[{"@type":"SearchAction","target":{"@type":"EntryPoint","urlTemplate":"https:\/\/demo.ipekosgb.com.tr\/?s={search_term_string}"},"query-input":{"@type":"PropertyValueSpecification","valueRequired":true,"valueName":"search_term_string"}}],"inLanguage":"tr"}]}},"_links":{"self":[{"href":"https:\/\/demo.ipekosgb.com.tr\/index.php?rest_route=\/wp\/v2\/pages\/129","targetHints":{"allow":["GET"]}}],"collection":[{"href":"https:\/\/demo.ipekosgb.com.tr\/index.php?rest_route=\/wp\/v2\/pages"}],"about":[{"href":"https:\/\/demo.ipekosgb.com.tr\/index.php?rest_route=\/wp\/v2\/types\/page"}],"author":[{"embeddable":true,"href":"https:\/\/demo.ipekosgb.com.tr\/index.php?rest_route=\/wp\/v2\/users\/1"}],"replies":[{"embeddable":true,"href":"https:\/\/demo.ipekosgb.com.tr\/index.php?rest_route=%2Fwp%2Fv2%2Fcomments&post=129"}],"version-history":[{"count":4,"href":"https:\/\/demo.ipekosgb.com.tr\/index.php?rest_route=\/wp\/v2\/pages\/129\/revisions"}],"predecessor-version":[{"id":134,"href":"https:\/\/demo.ipekosgb.com.tr\/index.php?rest_route=\/wp\/v2\/pages\/129\/revisions\/134"}],"wp:attachment":[{"href":"https:\/\/demo.ipekosgb.com.tr\/index.php?rest_route=%2Fwp%2Fv2%2Fmedia&parent=129"}],"curies":[{"name":"wp","href":"https:\/\/api.w.org\/{rel}","templated":true}]}}