{"id":146,"date":"2025-08-05T12:38:31","date_gmt":"2025-08-05T12:38:31","guid":{"rendered":"https:\/\/demo.ipekosgb.com.tr\/?page_id=146"},"modified":"2025-08-05T12:39:34","modified_gmt":"2025-08-05T12:39:34","slug":"acildurumtahliyeegitimi","status":"publish","type":"page","link":"https:\/\/demo.ipekosgb.com.tr\/?page_id=146","title":{"rendered":"Acil Durum Tahliye E\u011fitimi"},"content":{"rendered":"\t\t<div data-elementor-type=\"wp-page\" data-elementor-id=\"146\" class=\"elementor elementor-146\">\n\t\t\t\t<div class=\"elementor-element elementor-element-b71dc17 e-flex e-con-boxed e-con e-parent\" data-id=\"b71dc17\" data-element_type=\"container\">\n\t\t\t\t\t<div class=\"e-con-inner\">\n\t\t\t\t<div class=\"elementor-element elementor-element-8480dea elementor-widget__width-auto elementor-widget elementor-widget-image\" data-id=\"8480dea\" data-element_type=\"widget\" data-widget_type=\"image.default\">\n\t\t\t\t\t\t\t\t\t\t\t\t\t\t\t<img fetchpriority=\"high\" decoding=\"async\" width=\"1536\" height=\"1024\" src=\"https:\/\/demo.ipekosgb.com.tr\/wp-content\/uploads\/2025\/08\/1-9-1536x1024.jpg\" class=\"attachment-1536x1536 size-1536x1536 wp-image-148\" alt=\"\" srcset=\"https:\/\/demo.ipekosgb.com.tr\/wp-content\/uploads\/2025\/08\/1-9-1536x1024.jpg 1536w, https:\/\/demo.ipekosgb.com.tr\/wp-content\/uploads\/2025\/08\/1-9-300x200.jpg 300w, https:\/\/demo.ipekosgb.com.tr\/wp-content\/uploads\/2025\/08\/1-9-1024x683.jpg 1024w, https:\/\/demo.ipekosgb.com.tr\/wp-content\/uploads\/2025\/08\/1-9-768x512.jpg 768w, https:\/\/demo.ipekosgb.com.tr\/wp-content\/uploads\/2025\/08\/1-9.jpg 2048w\" sizes=\"(max-width: 1536px) 100vw, 1536px\" \/>\t\t\t\t\t\t\t\t\t\t\t\t\t\t\t<\/div>\n\t\t\t\t\t<\/div>\n\t\t\t\t<\/div>\n\t\t<div class=\"elementor-element elementor-element-38bf4f9 e-flex e-con-boxed e-con e-parent\" data-id=\"38bf4f9\" data-element_type=\"container\">\n\t\t\t\t\t<div class=\"e-con-inner\">\n\t\t\t\t\t<\/div>\n\t\t\t\t<\/div>\n\t\t<div class=\"elementor-element elementor-element-9273f80 e-flex e-con-boxed e-con e-parent\" data-id=\"9273f80\" data-element_type=\"container\">\n\t\t\t\t\t<div class=\"e-con-inner\">\n\t\t\t\t<div class=\"elementor-element elementor-element-e006954 elementor-widget elementor-widget-text-editor\" data-id=\"e006954\" data-element_type=\"widget\" data-widget_type=\"text-editor.default\">\n\t\t\t\t\t\t\t\t\t<p data-start=\"157\" data-end=\"508\"><strong data-start=\"157\" data-end=\"171\">Acil durum<\/strong>, i\u015fyerinin tamam\u0131nda ya da belirli b\u00f6l\u00fcmlerinde meydana gelebilecek veya d\u0131\u015f \u00e7evreden kaynaklanarak i\u015fyerini etkileyebilecek, h\u0131zl\u0131 ve etkin m\u00fcdahale gerektiren olaylard\u0131r. Bu durumlara; yang\u0131n, patlama, tehlikeli kimyasal maddelerin yay\u0131l\u0131m\u0131, zehirlenme, salg\u0131n hastal\u0131k, radyoaktif s\u0131z\u0131nt\u0131, sabotaj ve do\u011fal afetler \u00f6rnek verilebilir.<\/p><hr data-start=\"510\" data-end=\"513\" \/><h3 data-start=\"515\" data-end=\"546\"><strong data-start=\"519\" data-end=\"546\">Acil Durum Plan\u0131 Nedir?<\/strong><\/h3><p data-start=\"548\" data-end=\"873\">Acil durum plan\u0131, i\u015fyerlerinde ortaya \u00e7\u0131kabilecek acil durumlara kar\u015f\u0131 yap\u0131lacak i\u015f ve i\u015flemlerin, eylem ad\u0131mlar\u0131n\u0131n ve g\u00f6rev da\u011f\u0131l\u0131mlar\u0131n\u0131n belirlendi\u011fi uygulamaya y\u00f6nelik bir pland\u0131r. Bu plan sayesinde, acil durum an\u0131nda yap\u0131lacak tahliye, m\u00fcdahale, kurtarma ve koruma faaliyetleri \u00f6nceden belirlenerek zaman kayb\u0131 \u00f6nlenir.<\/p><hr data-start=\"875\" data-end=\"878\" \/><h3 data-start=\"880\" data-end=\"929\"><strong data-start=\"884\" data-end=\"929\">Olu\u015fturulmas\u0131 Gereken Acil Durum Ekipleri<\/strong><\/h3><p data-start=\"931\" data-end=\"1063\">6331 Say\u0131l\u0131 \u0130\u015f Sa\u011fl\u0131\u011f\u0131 ve G\u00fcvenli\u011fi Kanunu ve ilgili y\u00f6netmeliklere g\u00f6re her i\u015fyerinde a\u015fa\u011f\u0131daki ekiplerin olu\u015fturulmas\u0131 zorunludur:<\/p><ul data-start=\"1065\" data-end=\"1138\"><li data-start=\"1065\" data-end=\"1083\"><p data-start=\"1067\" data-end=\"1083\">S\u00f6nd\u00fcrme Ekibi<\/p><\/li><li data-start=\"1084\" data-end=\"1102\"><p data-start=\"1086\" data-end=\"1102\">Kurtarma Ekibi<\/p><\/li><li data-start=\"1103\" data-end=\"1119\"><p data-start=\"1105\" data-end=\"1119\">Koruma Ekibi<\/p><\/li><li data-start=\"1120\" data-end=\"1138\"><p data-start=\"1122\" data-end=\"1138\">\u0130lk Yard\u0131m Ekibi<\/p><\/li><\/ul><p data-start=\"1140\" data-end=\"1253\">Bu ekiplerin olu\u015fturulmas\u0131, g\u00f6rev tan\u0131mlar\u0131n\u0131n yap\u0131lmas\u0131 ve e\u011fitimlerinin sa\u011flanmas\u0131 i\u015fverenin sorumlulu\u011fundad\u0131r.<\/p><hr data-start=\"1255\" data-end=\"1258\" \/><h3 data-start=\"1260\" data-end=\"1307\"><strong data-start=\"1264\" data-end=\"1307\">Destek Eleman\u0131 G\u00f6revlendirme Kriterleri<\/strong><\/h3><p data-start=\"1309\" data-end=\"1480\">\u0130\u015fyerinde s\u00f6nd\u00fcrme, kurtarma ve koruma ekiplerinde g\u00f6revlendirilecek \u00e7al\u0131\u015fan say\u0131s\u0131, i\u015fyerinin tehlike s\u0131n\u0131f\u0131na ve \u00e7al\u0131\u015fan say\u0131s\u0131na g\u00f6re a\u015fa\u011f\u0131daki \u015fekilde belirlenmelidir:<\/p><ul data-start=\"1482\" data-end=\"1756\"><li data-start=\"1482\" data-end=\"1575\"><p data-start=\"1484\" data-end=\"1575\">\u00c7ok tehlikeli s\u0131n\u0131fta yer alan i\u015fyerlerinde: Her 30 \u00e7al\u0131\u015fana kadar en az 1 destek eleman\u0131<\/p><\/li><li data-start=\"1576\" data-end=\"1665\"><p data-start=\"1578\" data-end=\"1665\">Tehlikeli s\u0131n\u0131fta yer alan i\u015fyerlerinde: Her 40 \u00e7al\u0131\u015fana kadar en az 1 destek eleman\u0131<\/p><\/li><li data-start=\"1666\" data-end=\"1756\"><p data-start=\"1668\" data-end=\"1756\">Az tehlikeli s\u0131n\u0131fta yer alan i\u015fyerlerinde: Her 50 \u00e7al\u0131\u015fana kadar en az 1 destek eleman\u0131<\/p><\/li><\/ul><p data-start=\"1758\" data-end=\"1854\">G\u00f6revlendirilen destek elemanlar\u0131n\u0131n uygun donan\u0131ma sahip ve \u00f6zel e\u011fitimli olmas\u0131 gerekmektedir.<\/p>\t\t\t\t\t\t\t\t<\/div>\n\t\t\t\t\t<\/div>\n\t\t\t\t<\/div>\n\t\t\t\t<\/div>\n\t\t","protected":false},"excerpt":{"rendered":"<p>Acil durum, i\u015fyerinin tamam\u0131nda ya da belirli b\u00f6l\u00fcmlerinde meydana gelebilecek veya d\u0131\u015f \u00e7evreden kaynaklanarak i\u015fyerini etkileyebilecek, h\u0131zl\u0131 ve etkin m\u00fcdahale gerektiren olaylard\u0131r. Bu durumlara; yang\u0131n, patlama, tehlikeli kimyasal maddelerin yay\u0131l\u0131m\u0131, zehirlenme, salg\u0131n hastal\u0131k, radyoaktif s\u0131z\u0131nt\u0131, sabotaj ve do\u011fal afetler \u00f6rnek verilebilir. Acil Durum Plan\u0131 Nedir? Acil durum plan\u0131, i\u015fyerlerinde ortaya \u00e7\u0131kabilecek acil durumlara kar\u015f\u0131 yap\u0131lacak [&hellip;]<\/p>\n","protected":false},"author":1,"featured_media":0,"parent":0,"menu_order":0,"comment_status":"closed","ping_status":"closed","template":"","meta":{"footnotes":""},"class_list":["post-146","page","type-page","status-publish","hentry"],"blocksy_meta":[],"yoast_head":"<!-- This site is optimized with the Yoast SEO plugin v25.6 - https:\/\/yoast.com\/wordpress\/plugins\/seo\/ -->\n<title>Acil Durum Tahliye E\u011fitimi -<\/title>\n<meta name=\"robots\" content=\"index, follow, max-snippet:-1, max-image-preview:large, max-video-preview:-1\" \/>\n<link rel=\"canonical\" href=\"https:\/\/demo.ipekosgb.com.tr\/?page_id=146\" \/>\n<meta property=\"og:locale\" content=\"tr_TR\" \/>\n<meta property=\"og:type\" content=\"article\" \/>\n<meta property=\"og:title\" content=\"Acil Durum Tahliye E\u011fitimi -\" \/>\n<meta property=\"og:description\" content=\"Acil durum, i\u015fyerinin tamam\u0131nda ya da belirli b\u00f6l\u00fcmlerinde meydana gelebilecek veya d\u0131\u015f \u00e7evreden kaynaklanarak i\u015fyerini etkileyebilecek, h\u0131zl\u0131 ve etkin m\u00fcdahale gerektiren olaylard\u0131r. Bu durumlara; yang\u0131n, patlama, tehlikeli kimyasal maddelerin yay\u0131l\u0131m\u0131, zehirlenme, salg\u0131n hastal\u0131k, radyoaktif s\u0131z\u0131nt\u0131, sabotaj ve do\u011fal afetler \u00f6rnek verilebilir. Acil Durum Plan\u0131 Nedir? Acil durum plan\u0131, i\u015fyerlerinde ortaya \u00e7\u0131kabilecek acil durumlara kar\u015f\u0131 yap\u0131lacak [&hellip;]\" \/>\n<meta property=\"og:url\" content=\"https:\/\/demo.ipekosgb.com.tr\/?page_id=146\" \/>\n<meta property=\"article:modified_time\" content=\"2025-08-05T12:39:34+00:00\" \/>\n<meta property=\"og:image\" content=\"https:\/\/demo.ipekosgb.com.tr\/wp-content\/uploads\/2025\/08\/1-9.jpg\" \/>\n\t<meta property=\"og:image:width\" content=\"2048\" \/>\n\t<meta property=\"og:image:height\" content=\"1365\" \/>\n\t<meta property=\"og:image:type\" content=\"image\/jpeg\" \/>\n<meta name=\"twitter:card\" content=\"summary_large_image\" \/>\n<meta name=\"twitter:label1\" content=\"Tahmini okuma s\u00fcresi\" \/>\n\t<meta name=\"twitter:data1\" content=\"2 dakika\" \/>\n<script type=\"application\/ld+json\" class=\"yoast-schema-graph\">{\"@context\":\"https:\/\/schema.org\",\"@graph\":[{\"@type\":\"WebPage\",\"@id\":\"https:\/\/demo.ipekosgb.com.tr\/?page_id=146\",\"url\":\"https:\/\/demo.ipekosgb.com.tr\/?page_id=146\",\"name\":\"Acil Durum Tahliye E\u011fitimi -\",\"isPartOf\":{\"@id\":\"https:\/\/demo.ipekosgb.com.tr\/#website\"},\"primaryImageOfPage\":{\"@id\":\"https:\/\/demo.ipekosgb.com.tr\/?page_id=146#primaryimage\"},\"image\":{\"@id\":\"https:\/\/demo.ipekosgb.com.tr\/?page_id=146#primaryimage\"},\"thumbnailUrl\":\"https:\/\/demo.ipekosgb.com.tr\/wp-content\/uploads\/2025\/08\/1-9-1536x1024.jpg\",\"datePublished\":\"2025-08-05T12:38:31+00:00\",\"dateModified\":\"2025-08-05T12:39:34+00:00\",\"breadcrumb\":{\"@id\":\"https:\/\/demo.ipekosgb.com.tr\/?page_id=146#breadcrumb\"},\"inLanguage\":\"tr\",\"potentialAction\":[{\"@type\":\"ReadAction\",\"target\":[\"https:\/\/demo.ipekosgb.com.tr\/?page_id=146\"]}]},{\"@type\":\"ImageObject\",\"inLanguage\":\"tr\",\"@id\":\"https:\/\/demo.ipekosgb.com.tr\/?page_id=146#primaryimage\",\"url\":\"https:\/\/demo.ipekosgb.com.tr\/wp-content\/uploads\/2025\/08\/1-9.jpg\",\"contentUrl\":\"https:\/\/demo.ipekosgb.com.tr\/wp-content\/uploads\/2025\/08\/1-9.jpg\",\"width\":2048,\"height\":1365,\"caption\":\"Fire on wall and ceiling in the kitchen behind firefighter man with protective and safety clothes stand with arm-crossed.\"},{\"@type\":\"BreadcrumbList\",\"@id\":\"https:\/\/demo.ipekosgb.com.tr\/?page_id=146#breadcrumb\",\"itemListElement\":[{\"@type\":\"ListItem\",\"position\":1,\"name\":\"Anasayfa\",\"item\":\"https:\/\/demo.ipekosgb.com.tr\/\"},{\"@type\":\"ListItem\",\"position\":2,\"name\":\"Acil Durum Tahliye E\u011fitimi\"}]},{\"@type\":\"WebSite\",\"@id\":\"https:\/\/demo.ipekosgb.com.tr\/#website\",\"url\":\"https:\/\/demo.ipekosgb.com.tr\/\",\"name\":\"\",\"description\":\"\",\"potentialAction\":[{\"@type\":\"SearchAction\",\"target\":{\"@type\":\"EntryPoint\",\"urlTemplate\":\"https:\/\/demo.ipekosgb.com.tr\/?s={search_term_string}\"},\"query-input\":{\"@type\":\"PropertyValueSpecification\",\"valueRequired\":true,\"valueName\":\"search_term_string\"}}],\"inLanguage\":\"tr\"}]}<\/script>\n<!-- \/ Yoast SEO plugin. -->","yoast_head_json":{"title":"Acil Durum Tahliye E\u011fitimi -","robots":{"index":"index","follow":"follow","max-snippet":"max-snippet:-1","max-image-preview":"max-image-preview:large","max-video-preview":"max-video-preview:-1"},"canonical":"https:\/\/demo.ipekosgb.com.tr\/?page_id=146","og_locale":"tr_TR","og_type":"article","og_title":"Acil Durum Tahliye E\u011fitimi -","og_description":"Acil durum, i\u015fyerinin tamam\u0131nda ya da belirli b\u00f6l\u00fcmlerinde meydana gelebilecek veya d\u0131\u015f \u00e7evreden kaynaklanarak i\u015fyerini etkileyebilecek, h\u0131zl\u0131 ve etkin m\u00fcdahale gerektiren olaylard\u0131r. Bu durumlara; yang\u0131n, patlama, tehlikeli kimyasal maddelerin yay\u0131l\u0131m\u0131, zehirlenme, salg\u0131n hastal\u0131k, radyoaktif s\u0131z\u0131nt\u0131, sabotaj ve do\u011fal afetler \u00f6rnek verilebilir. Acil Durum Plan\u0131 Nedir? Acil durum plan\u0131, i\u015fyerlerinde ortaya \u00e7\u0131kabilecek acil durumlara kar\u015f\u0131 yap\u0131lacak [&hellip;]","og_url":"https:\/\/demo.ipekosgb.com.tr\/?page_id=146","article_modified_time":"2025-08-05T12:39:34+00:00","og_image":[{"width":2048,"height":1365,"url":"https:\/\/demo.ipekosgb.com.tr\/wp-content\/uploads\/2025\/08\/1-9.jpg","type":"image\/jpeg"}],"twitter_card":"summary_large_image","twitter_misc":{"Tahmini okuma s\u00fcresi":"2 dakika"},"schema":{"@context":"https:\/\/schema.org","@graph":[{"@type":"WebPage","@id":"https:\/\/demo.ipekosgb.com.tr\/?page_id=146","url":"https:\/\/demo.ipekosgb.com.tr\/?page_id=146","name":"Acil Durum Tahliye E\u011fitimi -","isPartOf":{"@id":"https:\/\/demo.ipekosgb.com.tr\/#website"},"primaryImageOfPage":{"@id":"https:\/\/demo.ipekosgb.com.tr\/?page_id=146#primaryimage"},"image":{"@id":"https:\/\/demo.ipekosgb.com.tr\/?page_id=146#primaryimage"},"thumbnailUrl":"https:\/\/demo.ipekosgb.com.tr\/wp-content\/uploads\/2025\/08\/1-9-1536x1024.jpg","datePublished":"2025-08-05T12:38:31+00:00","dateModified":"2025-08-05T12:39:34+00:00","breadcrumb":{"@id":"https:\/\/demo.ipekosgb.com.tr\/?page_id=146#breadcrumb"},"inLanguage":"tr","potentialAction":[{"@type":"ReadAction","target":["https:\/\/demo.ipekosgb.com.tr\/?page_id=146"]}]},{"@type":"ImageObject","inLanguage":"tr","@id":"https:\/\/demo.ipekosgb.com.tr\/?page_id=146#primaryimage","url":"https:\/\/demo.ipekosgb.com.tr\/wp-content\/uploads\/2025\/08\/1-9.jpg","contentUrl":"https:\/\/demo.ipekosgb.com.tr\/wp-content\/uploads\/2025\/08\/1-9.jpg","width":2048,"height":1365,"caption":"Fire on wall and ceiling in the kitchen behind firefighter man with protective and safety clothes stand with arm-crossed."},{"@type":"BreadcrumbList","@id":"https:\/\/demo.ipekosgb.com.tr\/?page_id=146#breadcrumb","itemListElement":[{"@type":"ListItem","position":1,"name":"Anasayfa","item":"https:\/\/demo.ipekosgb.com.tr\/"},{"@type":"ListItem","position":2,"name":"Acil Durum Tahliye E\u011fitimi"}]},{"@type":"WebSite","@id":"https:\/\/demo.ipekosgb.com.tr\/#website","url":"https:\/\/demo.ipekosgb.com.tr\/","name":"","description":"","potentialAction":[{"@type":"SearchAction","target":{"@type":"EntryPoint","urlTemplate":"https:\/\/demo.ipekosgb.com.tr\/?s={search_term_string}"},"query-input":{"@type":"PropertyValueSpecification","valueRequired":true,"valueName":"search_term_string"}}],"inLanguage":"tr"}]}},"_links":{"self":[{"href":"https:\/\/demo.ipekosgb.com.tr\/index.php?rest_route=\/wp\/v2\/pages\/146","targetHints":{"allow":["GET"]}}],"collection":[{"href":"https:\/\/demo.ipekosgb.com.tr\/index.php?rest_route=\/wp\/v2\/pages"}],"about":[{"href":"https:\/\/demo.ipekosgb.com.tr\/index.php?rest_route=\/wp\/v2\/types\/page"}],"author":[{"embeddable":true,"href":"https:\/\/demo.ipekosgb.com.tr\/index.php?rest_route=\/wp\/v2\/users\/1"}],"replies":[{"embeddable":true,"href":"https:\/\/demo.ipekosgb.com.tr\/index.php?rest_route=%2Fwp%2Fv2%2Fcomments&post=146"}],"version-history":[{"count":4,"href":"https:\/\/demo.ipekosgb.com.tr\/index.php?rest_route=\/wp\/v2\/pages\/146\/revisions"}],"predecessor-version":[{"id":151,"href":"https:\/\/demo.ipekosgb.com.tr\/index.php?rest_route=\/wp\/v2\/pages\/146\/revisions\/151"}],"wp:attachment":[{"href":"https:\/\/demo.ipekosgb.com.tr\/index.php?rest_route=%2Fwp%2Fv2%2Fmedia&parent=146"}],"curies":[{"name":"wp","href":"https:\/\/api.w.org\/{rel}","templated":true}]}}