{"id":152,"date":"2025-08-05T12:42:05","date_gmt":"2025-08-05T12:42:05","guid":{"rendered":"https:\/\/demo.ipekosgb.com.tr\/?page_id=152"},"modified":"2025-08-05T12:42:50","modified_gmt":"2025-08-05T12:42:50","slug":"hijyenegitimivesertifikalandirilmasi","status":"publish","type":"page","link":"https:\/\/demo.ipekosgb.com.tr\/?page_id=152","title":{"rendered":"Hijyen E\u011fitimi ve Sertifikaland\u0131r\u0131lmas\u0131"},"content":{"rendered":"\t\t<div data-elementor-type=\"wp-page\" data-elementor-id=\"152\" class=\"elementor elementor-152\">\n\t\t\t\t<div class=\"elementor-element elementor-element-b71dc17 e-flex e-con-boxed e-con e-parent\" data-id=\"b71dc17\" data-element_type=\"container\">\n\t\t\t\t\t<div class=\"e-con-inner\">\n\t\t\t\t<div class=\"elementor-element elementor-element-8480dea elementor-widget__width-auto elementor-widget elementor-widget-image\" data-id=\"8480dea\" data-element_type=\"widget\" data-widget_type=\"image.default\">\n\t\t\t\t\t\t\t\t\t\t\t\t\t\t\t<img fetchpriority=\"high\" decoding=\"async\" width=\"1536\" height=\"1024\" src=\"https:\/\/demo.ipekosgb.com.tr\/wp-content\/uploads\/2025\/08\/1-10-1536x1024.jpg\" class=\"attachment-1536x1536 size-1536x1536 wp-image-154\" alt=\"\" srcset=\"https:\/\/demo.ipekosgb.com.tr\/wp-content\/uploads\/2025\/08\/1-10-1536x1024.jpg 1536w, https:\/\/demo.ipekosgb.com.tr\/wp-content\/uploads\/2025\/08\/1-10-300x200.jpg 300w, https:\/\/demo.ipekosgb.com.tr\/wp-content\/uploads\/2025\/08\/1-10-1024x683.jpg 1024w, https:\/\/demo.ipekosgb.com.tr\/wp-content\/uploads\/2025\/08\/1-10-768x512.jpg 768w, https:\/\/demo.ipekosgb.com.tr\/wp-content\/uploads\/2025\/08\/1-10.jpg 2048w\" sizes=\"(max-width: 1536px) 100vw, 1536px\" \/>\t\t\t\t\t\t\t\t\t\t\t\t\t\t\t<\/div>\n\t\t\t\t\t<\/div>\n\t\t\t\t<\/div>\n\t\t<div class=\"elementor-element elementor-element-38bf4f9 e-flex e-con-boxed e-con e-parent\" data-id=\"38bf4f9\" data-element_type=\"container\">\n\t\t\t\t\t<div class=\"e-con-inner\">\n\t\t\t\t\t<\/div>\n\t\t\t\t<\/div>\n\t\t<div class=\"elementor-element elementor-element-9273f80 e-flex e-con-boxed e-con e-parent\" data-id=\"9273f80\" data-element_type=\"container\">\n\t\t\t\t\t<div class=\"e-con-inner\">\n\t\t\t\t<div class=\"elementor-element elementor-element-e006954 elementor-widget elementor-widget-text-editor\" data-id=\"e006954\" data-element_type=\"widget\" data-widget_type=\"text-editor.default\">\n\t\t\t\t\t\t\t\t\t<h3 data-start=\"65\" data-end=\"94\"><strong data-start=\"69\" data-end=\"94\">Hijyen Belgesi Nedir?<\/strong><\/h3><p data-start=\"96\" data-end=\"389\">Son d\u00f6nemde hijyen konusu toplumun geni\u015f kesimlerinde \u00f6nemli ve g\u00fcncel bir g\u00fcndem maddesi haline gelmi\u015ftir. Hijyen belgesi, insanlar\u0131n sa\u011fl\u0131\u011f\u0131n\u0131 olumsuz etkileyebilecek ortamlarda al\u0131nmas\u0131 gereken tedbirlerin uygulamal\u0131 olarak g\u00f6sterildi\u011fi hijyen e\u011fitimi sonras\u0131nda verilen resmi bir belgedir.<\/p><p data-start=\"391\" data-end=\"554\">Hijyen belgesi, Sa\u011fl\u0131k Bakanl\u0131\u011f\u0131 taraf\u0131ndan al\u0131nmas\u0131 zorunlu k\u0131l\u0131nm\u0131\u015f olup, bu kapsamda 2013 y\u0131l\u0131nda y\u00fcr\u00fcrl\u00fc\u011fe giren y\u00f6netmelik gere\u011fince zorunluluk getirilmi\u015ftir.<\/p><hr data-start=\"556\" data-end=\"559\" \/><h3 data-start=\"561\" data-end=\"607\"><strong data-start=\"565\" data-end=\"607\">Hijyen Belgesi Almas\u0131 Zorunlu Kurumlar<\/strong><\/h3><p data-start=\"609\" data-end=\"812\">Hijyen belgesi zorunlulu\u011fu bulunan binlerce kurum, bu belge ile hem \u00e7al\u0131\u015fanlar\u0131na hem de m\u00fc\u015fterilerine hijyenik bir \u00e7al\u0131\u015fma ortam\u0131 sunmaktad\u0131r. Zorunlu hijyen belgesi al\u0131nmas\u0131 gereken kurumlar \u015funlard\u0131r:<\/p><ul data-start=\"814\" data-end=\"1384\"><li data-start=\"814\" data-end=\"844\"><p data-start=\"816\" data-end=\"844\">Su \u00fcr\u00fcnleri \u00fcretim yerleri<\/p><\/li><li data-start=\"845\" data-end=\"888\"><p data-start=\"847\" data-end=\"888\">Do\u011fal su ve maden suyu \u00fcretim i\u015fyerleri<\/p><\/li><li data-start=\"889\" data-end=\"922\"><p data-start=\"891\" data-end=\"922\">G\u0131da \u00fcretimi yapan i\u015fletmeler<\/p><\/li><li data-start=\"923\" data-end=\"955\"><p data-start=\"925\" data-end=\"955\">Perakende g\u0131da sat\u0131\u015f yerleri<\/p><\/li><li data-start=\"956\" data-end=\"1004\"><p data-start=\"958\" data-end=\"1004\">G\u0131da ta\u015f\u0131mac\u0131l\u0131\u011f\u0131 ve servisi yapan i\u015fyerleri<\/p><\/li><li data-start=\"1005\" data-end=\"1067\"><p data-start=\"1007\" data-end=\"1067\">\u0130nsan yo\u011funlu\u011fu y\u00fcksek olan pansiyonlar, oteller, moteller<\/p><\/li><li data-start=\"1068\" data-end=\"1137\"><p data-start=\"1070\" data-end=\"1137\">Misafirhaneler, yurtlar, \u00f6\u011frenci yurtlar\u0131 ve konaklama merkezleri<\/p><\/li><li data-start=\"1138\" data-end=\"1176\"><p data-start=\"1140\" data-end=\"1176\">Temizlik hizmetleri veren firmalar<\/p><\/li><li data-start=\"1177\" data-end=\"1254\"><p data-start=\"1179\" data-end=\"1254\">G\u00fczellik merkezleri, kuaf\u00f6r salonlar\u0131 gibi bire bir hizmet veren kurumlar<\/p><\/li><li data-start=\"1255\" data-end=\"1284\"><p data-start=\"1257\" data-end=\"1284\">Mutfaklar ve yemekhaneler<\/p><\/li><li data-start=\"1285\" data-end=\"1298\"><p data-start=\"1287\" data-end=\"1298\">Berberler<\/p><\/li><li data-start=\"1299\" data-end=\"1311\"><p data-start=\"1301\" data-end=\"1311\">Hamamlar<\/p><\/li><li data-start=\"1312\" data-end=\"1348\"><p data-start=\"1314\" data-end=\"1348\">PCR testi zorunlu olan i\u015fyerleri<\/p><\/li><li data-start=\"1349\" data-end=\"1384\"><p data-start=\"1351\" data-end=\"1384\">Havuz ve sauna i\u015fleten mekanlar<\/p><\/li><\/ul><p data-start=\"1386\" data-end=\"1453\">Bu kurumlarda \u00e7al\u0131\u015fanlar\u0131n hijyen belgesi sahibi olmas\u0131 zorunludur.<\/p><hr data-start=\"1455\" data-end=\"1458\" \/><h3 data-start=\"1460\" data-end=\"1491\"><strong data-start=\"1464\" data-end=\"1491\">Hijyen Belgesinin \u00d6nemi<\/strong><\/h3><p data-start=\"1493\" data-end=\"1752\">Hijyen belgesi alma zorunlulu\u011funun temel amac\u0131, bireylerin hijyen konusunda bilin\u00e7lendirilmesi ve i\u015f yerlerinde hastal\u0131klar\u0131n yay\u0131lmas\u0131n\u0131n \u00f6nlenmesidir. Sa\u011fl\u0131kl\u0131 bir \u00e7al\u0131\u015fma ortam\u0131, \u00e7al\u0131\u015fanlar\u0131n hastal\u0131klara yakalanmas\u0131n\u0131 engeller ve i\u015f verimlili\u011fini art\u0131r\u0131r.<\/p><p data-start=\"1754\" data-end=\"2000\">M\u00fc\u015fteri veya \u00e7al\u0131\u015fan fark etmeksizin herkes i\u00e7in sa\u011fl\u0131k \u00f6nemlidir. Bu nedenle i\u015f yerlerinde, okullarda, otellerde ve insan yo\u011funlu\u011fu olan di\u011fer alanlarda d\u00fczenli temizlik ve hijyen uygulamalar\u0131n\u0131n profesyonel e\u011fitimlerle desteklenmesi gereklidir.<\/p><hr data-start=\"2002\" data-end=\"2005\" \/><h3 data-start=\"2007\" data-end=\"2045\"><strong data-start=\"2011\" data-end=\"2045\">Hijyen Belgesi Nereden Al\u0131n\u0131r?<\/strong><\/h3><p data-start=\"2047\" data-end=\"2306\">Son y\u0131llarda bula\u015f\u0131c\u0131 hastal\u0131klar\u0131n art\u0131\u015f\u0131yla birlikte hijyen konusu daha da \u00f6n plana \u00e7\u0131km\u0131\u015ft\u0131r. \u0130nsanlar gittikleri her yerde hijyenin sa\u011flan\u0131p sa\u011flanmad\u0131\u011f\u0131n\u0131 sorgular hale gelmi\u015ftir. Bu sebeple bir\u00e7ok i\u015f yeri \u00e7al\u0131\u015fanlar\u0131ndan hijyen belgesi talep etmektedir.<\/p><p data-start=\"2308\" data-end=\"2474\">Hijyen belgesi olmayan \u00e7al\u0131\u015fanlar, i\u015f yerleri taraf\u0131ndan bu belgeyi alacaklar\u0131 e\u011fitime y\u00f6nlendirilir. Kimi durumlarda ise belge almak ki\u015finin kendi sorumlulu\u011fundad\u0131r.<\/p><p data-start=\"2476\" data-end=\"2675\">Hijyen belgesi, Milli E\u011fitim Bakanl\u0131\u011f\u0131 onayl\u0131 kurumlarda veya yetkili sa\u011fl\u0131k kurulu\u015flar\u0131ndan al\u0131nabilir. Firmam\u0131z, hijyen e\u011fitimi ve belgesi konusunda gerekli t\u00fcm hizmetleri titizlikle sa\u011flamaktad\u0131r.<\/p><hr data-start=\"2677\" data-end=\"2680\" \/><h3 data-start=\"2682\" data-end=\"2719\"><strong data-start=\"2686\" data-end=\"2719\">Hijyen Belgesi E\u011fitim \u0130\u00e7eri\u011fi<\/strong><\/h3><p data-start=\"2721\" data-end=\"2802\">Hijyen belgesi alabilmek i\u00e7in verilen e\u011fitimler a\u015fa\u011f\u0131daki konular\u0131 kapsamaktad\u0131r:<\/p><ul data-start=\"2804\" data-end=\"3066\"><li data-start=\"2804\" data-end=\"2834\"><p data-start=\"2806\" data-end=\"2834\">Ki\u015fisel temizlik kurallar\u0131<\/p><\/li><li data-start=\"2835\" data-end=\"2856\"><p data-start=\"2837\" data-end=\"2856\">Tuvalet temizli\u011fi<\/p><\/li><li data-start=\"2857\" data-end=\"2903\"><p data-start=\"2859\" data-end=\"2903\">Bula\u015f\u0131c\u0131 hastal\u0131klardan korunma y\u00f6ntemleri<\/p><\/li><li data-start=\"2904\" data-end=\"2932\"><p data-start=\"2906\" data-end=\"2932\">Koruyucu giysi kullan\u0131m\u0131<\/p><\/li><li data-start=\"2933\" data-end=\"2980\"><p data-start=\"2935\" data-end=\"2980\">\u0130\u015fveren ve i\u015f\u00e7ilere y\u00f6nelik sa\u011fl\u0131k yasalar\u0131<\/p><\/li><li data-start=\"2981\" data-end=\"2997\"><p data-start=\"2983\" data-end=\"2997\">G\u0131da hijyeni<\/p><\/li><li data-start=\"2998\" data-end=\"3016\"><p data-start=\"3000\" data-end=\"3016\">Mutfak hijyeni<\/p><\/li><li data-start=\"3017\" data-end=\"3066\"><p data-start=\"3019\" data-end=\"3066\">Bakteriler, vir\u00fcsler, parazitler ve mantarlar<\/p><\/li><\/ul><p data-start=\"3068\" data-end=\"3153\">Bu dersler, hem i\u015f sa\u011fl\u0131\u011f\u0131 hem de genel halk sa\u011fl\u0131\u011f\u0131 a\u00e7\u0131s\u0131ndan hayati \u00f6neme sahiptir.<\/p>\t\t\t\t\t\t\t\t<\/div>\n\t\t\t\t\t<\/div>\n\t\t\t\t<\/div>\n\t\t\t\t<\/div>\n\t\t","protected":false},"excerpt":{"rendered":"<p>Hijyen Belgesi Nedir? Son d\u00f6nemde hijyen konusu toplumun geni\u015f kesimlerinde \u00f6nemli ve g\u00fcncel bir g\u00fcndem maddesi haline gelmi\u015ftir. Hijyen belgesi, insanlar\u0131n sa\u011fl\u0131\u011f\u0131n\u0131 olumsuz etkileyebilecek ortamlarda al\u0131nmas\u0131 gereken tedbirlerin uygulamal\u0131 olarak g\u00f6sterildi\u011fi hijyen e\u011fitimi sonras\u0131nda verilen resmi bir belgedir. Hijyen belgesi, Sa\u011fl\u0131k Bakanl\u0131\u011f\u0131 taraf\u0131ndan al\u0131nmas\u0131 zorunlu k\u0131l\u0131nm\u0131\u015f olup, bu kapsamda 2013 y\u0131l\u0131nda y\u00fcr\u00fcrl\u00fc\u011fe giren y\u00f6netmelik gere\u011fince [&hellip;]<\/p>\n","protected":false},"author":1,"featured_media":0,"parent":0,"menu_order":0,"comment_status":"closed","ping_status":"closed","template":"","meta":{"footnotes":""},"class_list":["post-152","page","type-page","status-publish","hentry"],"blocksy_meta":[],"yoast_head":"<!-- This site is optimized with the Yoast SEO plugin v25.6 - https:\/\/yoast.com\/wordpress\/plugins\/seo\/ -->\n<title>Hijyen E\u011fitimi ve Sertifikaland\u0131r\u0131lmas\u0131 -<\/title>\n<meta name=\"robots\" content=\"index, follow, max-snippet:-1, max-image-preview:large, max-video-preview:-1\" \/>\n<link rel=\"canonical\" href=\"https:\/\/demo.ipekosgb.com.tr\/?page_id=152\" \/>\n<meta property=\"og:locale\" content=\"tr_TR\" \/>\n<meta property=\"og:type\" content=\"article\" \/>\n<meta property=\"og:title\" content=\"Hijyen E\u011fitimi ve Sertifikaland\u0131r\u0131lmas\u0131 -\" \/>\n<meta property=\"og:description\" content=\"Hijyen Belgesi Nedir? Son d\u00f6nemde hijyen konusu toplumun geni\u015f kesimlerinde \u00f6nemli ve g\u00fcncel bir g\u00fcndem maddesi haline gelmi\u015ftir. Hijyen belgesi, insanlar\u0131n sa\u011fl\u0131\u011f\u0131n\u0131 olumsuz etkileyebilecek ortamlarda al\u0131nmas\u0131 gereken tedbirlerin uygulamal\u0131 olarak g\u00f6sterildi\u011fi hijyen e\u011fitimi sonras\u0131nda verilen resmi bir belgedir. Hijyen belgesi, Sa\u011fl\u0131k Bakanl\u0131\u011f\u0131 taraf\u0131ndan al\u0131nmas\u0131 zorunlu k\u0131l\u0131nm\u0131\u015f olup, bu kapsamda 2013 y\u0131l\u0131nda y\u00fcr\u00fcrl\u00fc\u011fe giren y\u00f6netmelik gere\u011fince [&hellip;]\" \/>\n<meta property=\"og:url\" content=\"https:\/\/demo.ipekosgb.com.tr\/?page_id=152\" \/>\n<meta property=\"article:modified_time\" content=\"2025-08-05T12:42:50+00:00\" \/>\n<meta property=\"og:image\" content=\"https:\/\/demo.ipekosgb.com.tr\/wp-content\/uploads\/2025\/08\/1-10.jpg\" \/>\n\t<meta property=\"og:image:width\" content=\"2048\" \/>\n\t<meta property=\"og:image:height\" content=\"1365\" \/>\n\t<meta property=\"og:image:type\" content=\"image\/jpeg\" \/>\n<meta name=\"twitter:card\" content=\"summary_large_image\" \/>\n<meta name=\"twitter:label1\" content=\"Tahmini okuma s\u00fcresi\" \/>\n\t<meta name=\"twitter:data1\" content=\"3 dakika\" \/>\n<script type=\"application\/ld+json\" class=\"yoast-schema-graph\">{\"@context\":\"https:\/\/schema.org\",\"@graph\":[{\"@type\":\"WebPage\",\"@id\":\"https:\/\/demo.ipekosgb.com.tr\/?page_id=152\",\"url\":\"https:\/\/demo.ipekosgb.com.tr\/?page_id=152\",\"name\":\"Hijyen E\u011fitimi ve Sertifikaland\u0131r\u0131lmas\u0131 -\",\"isPartOf\":{\"@id\":\"https:\/\/demo.ipekosgb.com.tr\/#website\"},\"primaryImageOfPage\":{\"@id\":\"https:\/\/demo.ipekosgb.com.tr\/?page_id=152#primaryimage\"},\"image\":{\"@id\":\"https:\/\/demo.ipekosgb.com.tr\/?page_id=152#primaryimage\"},\"thumbnailUrl\":\"https:\/\/demo.ipekosgb.com.tr\/wp-content\/uploads\/2025\/08\/1-10-1536x1024.jpg\",\"datePublished\":\"2025-08-05T12:42:05+00:00\",\"dateModified\":\"2025-08-05T12:42:50+00:00\",\"breadcrumb\":{\"@id\":\"https:\/\/demo.ipekosgb.com.tr\/?page_id=152#breadcrumb\"},\"inLanguage\":\"tr\",\"potentialAction\":[{\"@type\":\"ReadAction\",\"target\":[\"https:\/\/demo.ipekosgb.com.tr\/?page_id=152\"]}]},{\"@type\":\"ImageObject\",\"inLanguage\":\"tr\",\"@id\":\"https:\/\/demo.ipekosgb.com.tr\/?page_id=152#primaryimage\",\"url\":\"https:\/\/demo.ipekosgb.com.tr\/wp-content\/uploads\/2025\/08\/1-10.jpg\",\"contentUrl\":\"https:\/\/demo.ipekosgb.com.tr\/wp-content\/uploads\/2025\/08\/1-10.jpg\",\"width\":2048,\"height\":1365,\"caption\":\"unrecognizable woman drying hands with towel after washing with soap. Coronavirus covid-19 concept\"},{\"@type\":\"BreadcrumbList\",\"@id\":\"https:\/\/demo.ipekosgb.com.tr\/?page_id=152#breadcrumb\",\"itemListElement\":[{\"@type\":\"ListItem\",\"position\":1,\"name\":\"Anasayfa\",\"item\":\"https:\/\/demo.ipekosgb.com.tr\/\"},{\"@type\":\"ListItem\",\"position\":2,\"name\":\"Hijyen E\u011fitimi ve Sertifikaland\u0131r\u0131lmas\u0131\"}]},{\"@type\":\"WebSite\",\"@id\":\"https:\/\/demo.ipekosgb.com.tr\/#website\",\"url\":\"https:\/\/demo.ipekosgb.com.tr\/\",\"name\":\"\",\"description\":\"\",\"potentialAction\":[{\"@type\":\"SearchAction\",\"target\":{\"@type\":\"EntryPoint\",\"urlTemplate\":\"https:\/\/demo.ipekosgb.com.tr\/?s={search_term_string}\"},\"query-input\":{\"@type\":\"PropertyValueSpecification\",\"valueRequired\":true,\"valueName\":\"search_term_string\"}}],\"inLanguage\":\"tr\"}]}<\/script>\n<!-- \/ Yoast SEO plugin. -->","yoast_head_json":{"title":"Hijyen E\u011fitimi ve Sertifikaland\u0131r\u0131lmas\u0131 -","robots":{"index":"index","follow":"follow","max-snippet":"max-snippet:-1","max-image-preview":"max-image-preview:large","max-video-preview":"max-video-preview:-1"},"canonical":"https:\/\/demo.ipekosgb.com.tr\/?page_id=152","og_locale":"tr_TR","og_type":"article","og_title":"Hijyen E\u011fitimi ve Sertifikaland\u0131r\u0131lmas\u0131 -","og_description":"Hijyen Belgesi Nedir? Son d\u00f6nemde hijyen konusu toplumun geni\u015f kesimlerinde \u00f6nemli ve g\u00fcncel bir g\u00fcndem maddesi haline gelmi\u015ftir. Hijyen belgesi, insanlar\u0131n sa\u011fl\u0131\u011f\u0131n\u0131 olumsuz etkileyebilecek ortamlarda al\u0131nmas\u0131 gereken tedbirlerin uygulamal\u0131 olarak g\u00f6sterildi\u011fi hijyen e\u011fitimi sonras\u0131nda verilen resmi bir belgedir. Hijyen belgesi, Sa\u011fl\u0131k Bakanl\u0131\u011f\u0131 taraf\u0131ndan al\u0131nmas\u0131 zorunlu k\u0131l\u0131nm\u0131\u015f olup, bu kapsamda 2013 y\u0131l\u0131nda y\u00fcr\u00fcrl\u00fc\u011fe giren y\u00f6netmelik gere\u011fince [&hellip;]","og_url":"https:\/\/demo.ipekosgb.com.tr\/?page_id=152","article_modified_time":"2025-08-05T12:42:50+00:00","og_image":[{"width":2048,"height":1365,"url":"https:\/\/demo.ipekosgb.com.tr\/wp-content\/uploads\/2025\/08\/1-10.jpg","type":"image\/jpeg"}],"twitter_card":"summary_large_image","twitter_misc":{"Tahmini okuma s\u00fcresi":"3 dakika"},"schema":{"@context":"https:\/\/schema.org","@graph":[{"@type":"WebPage","@id":"https:\/\/demo.ipekosgb.com.tr\/?page_id=152","url":"https:\/\/demo.ipekosgb.com.tr\/?page_id=152","name":"Hijyen E\u011fitimi ve Sertifikaland\u0131r\u0131lmas\u0131 -","isPartOf":{"@id":"https:\/\/demo.ipekosgb.com.tr\/#website"},"primaryImageOfPage":{"@id":"https:\/\/demo.ipekosgb.com.tr\/?page_id=152#primaryimage"},"image":{"@id":"https:\/\/demo.ipekosgb.com.tr\/?page_id=152#primaryimage"},"thumbnailUrl":"https:\/\/demo.ipekosgb.com.tr\/wp-content\/uploads\/2025\/08\/1-10-1536x1024.jpg","datePublished":"2025-08-05T12:42:05+00:00","dateModified":"2025-08-05T12:42:50+00:00","breadcrumb":{"@id":"https:\/\/demo.ipekosgb.com.tr\/?page_id=152#breadcrumb"},"inLanguage":"tr","potentialAction":[{"@type":"ReadAction","target":["https:\/\/demo.ipekosgb.com.tr\/?page_id=152"]}]},{"@type":"ImageObject","inLanguage":"tr","@id":"https:\/\/demo.ipekosgb.com.tr\/?page_id=152#primaryimage","url":"https:\/\/demo.ipekosgb.com.tr\/wp-content\/uploads\/2025\/08\/1-10.jpg","contentUrl":"https:\/\/demo.ipekosgb.com.tr\/wp-content\/uploads\/2025\/08\/1-10.jpg","width":2048,"height":1365,"caption":"unrecognizable woman drying hands with towel after washing with soap. Coronavirus covid-19 concept"},{"@type":"BreadcrumbList","@id":"https:\/\/demo.ipekosgb.com.tr\/?page_id=152#breadcrumb","itemListElement":[{"@type":"ListItem","position":1,"name":"Anasayfa","item":"https:\/\/demo.ipekosgb.com.tr\/"},{"@type":"ListItem","position":2,"name":"Hijyen E\u011fitimi ve Sertifikaland\u0131r\u0131lmas\u0131"}]},{"@type":"WebSite","@id":"https:\/\/demo.ipekosgb.com.tr\/#website","url":"https:\/\/demo.ipekosgb.com.tr\/","name":"","description":"","potentialAction":[{"@type":"SearchAction","target":{"@type":"EntryPoint","urlTemplate":"https:\/\/demo.ipekosgb.com.tr\/?s={search_term_string}"},"query-input":{"@type":"PropertyValueSpecification","valueRequired":true,"valueName":"search_term_string"}}],"inLanguage":"tr"}]}},"_links":{"self":[{"href":"https:\/\/demo.ipekosgb.com.tr\/index.php?rest_route=\/wp\/v2\/pages\/152","targetHints":{"allow":["GET"]}}],"collection":[{"href":"https:\/\/demo.ipekosgb.com.tr\/index.php?rest_route=\/wp\/v2\/pages"}],"about":[{"href":"https:\/\/demo.ipekosgb.com.tr\/index.php?rest_route=\/wp\/v2\/types\/page"}],"author":[{"embeddable":true,"href":"https:\/\/demo.ipekosgb.com.tr\/index.php?rest_route=\/wp\/v2\/users\/1"}],"replies":[{"embeddable":true,"href":"https:\/\/demo.ipekosgb.com.tr\/index.php?rest_route=%2Fwp%2Fv2%2Fcomments&post=152"}],"version-history":[{"count":4,"href":"https:\/\/demo.ipekosgb.com.tr\/index.php?rest_route=\/wp\/v2\/pages\/152\/revisions"}],"predecessor-version":[{"id":157,"href":"https:\/\/demo.ipekosgb.com.tr\/index.php?rest_route=\/wp\/v2\/pages\/152\/revisions\/157"}],"wp:attachment":[{"href":"https:\/\/demo.ipekosgb.com.tr\/index.php?rest_route=%2Fwp%2Fv2%2Fmedia&parent=152"}],"curies":[{"name":"wp","href":"https:\/\/api.w.org\/{rel}","templated":true}]}}