{"id":164,"date":"2025-08-05T12:48:26","date_gmt":"2025-08-05T12:48:26","guid":{"rendered":"https:\/\/demo.ipekosgb.com.tr\/?page_id=164"},"modified":"2025-08-05T12:48:34","modified_gmt":"2025-08-05T12:48:34","slug":"issagligiveguvenligiegitimleri","status":"publish","type":"page","link":"https:\/\/demo.ipekosgb.com.tr\/?page_id=164","title":{"rendered":"\u0130\u015f Sa\u011fl\u0131\u011f\u0131 ve G\u00fcvenli\u011fi E\u011fitimleri"},"content":{"rendered":"\t\t<div data-elementor-type=\"wp-page\" data-elementor-id=\"164\" class=\"elementor elementor-164\">\n\t\t\t\t<div class=\"elementor-element elementor-element-b71dc17 e-flex e-con-boxed e-con e-parent\" data-id=\"b71dc17\" data-element_type=\"container\">\n\t\t\t\t\t<div class=\"e-con-inner\">\n\t\t\t\t<div class=\"elementor-element elementor-element-8480dea elementor-widget__width-auto elementor-widget elementor-widget-image\" data-id=\"8480dea\" data-element_type=\"widget\" data-widget_type=\"image.default\">\n\t\t\t\t\t\t\t\t\t\t\t\t\t\t\t<img fetchpriority=\"high\" decoding=\"async\" width=\"1536\" height=\"1024\" src=\"https:\/\/demo.ipekosgb.com.tr\/wp-content\/uploads\/2025\/08\/1-12-1536x1024.jpg\" class=\"attachment-1536x1536 size-1536x1536 wp-image-166\" alt=\"\" srcset=\"https:\/\/demo.ipekosgb.com.tr\/wp-content\/uploads\/2025\/08\/1-12-1536x1024.jpg 1536w, https:\/\/demo.ipekosgb.com.tr\/wp-content\/uploads\/2025\/08\/1-12-300x200.jpg 300w, https:\/\/demo.ipekosgb.com.tr\/wp-content\/uploads\/2025\/08\/1-12-1024x683.jpg 1024w, https:\/\/demo.ipekosgb.com.tr\/wp-content\/uploads\/2025\/08\/1-12-768x512.jpg 768w, https:\/\/demo.ipekosgb.com.tr\/wp-content\/uploads\/2025\/08\/1-12.jpg 2048w\" sizes=\"(max-width: 1536px) 100vw, 1536px\" \/>\t\t\t\t\t\t\t\t\t\t\t\t\t\t\t<\/div>\n\t\t\t\t\t<\/div>\n\t\t\t\t<\/div>\n\t\t<div class=\"elementor-element elementor-element-38bf4f9 e-flex e-con-boxed e-con e-parent\" data-id=\"38bf4f9\" data-element_type=\"container\">\n\t\t\t\t\t<div class=\"e-con-inner\">\n\t\t\t\t\t<\/div>\n\t\t\t\t<\/div>\n\t\t<div class=\"elementor-element elementor-element-9273f80 e-flex e-con-boxed e-con e-parent\" data-id=\"9273f80\" data-element_type=\"container\">\n\t\t\t\t\t<div class=\"e-con-inner\">\n\t\t\t\t<div class=\"elementor-element elementor-element-e006954 elementor-widget elementor-widget-text-editor\" data-id=\"e006954\" data-element_type=\"widget\" data-widget_type=\"text-editor.default\">\n\t\t\t\t\t\t\t\t\t<h3 data-start=\"67\" data-end=\"105\">\u0130\u015f Sa\u011fl\u0131\u011f\u0131 ve G\u00fcvenli\u011fi E\u011fitimleri<\/h3><p data-start=\"107\" data-end=\"559\">6331 say\u0131l\u0131 \u0130\u015f Sa\u011fl\u0131\u011f\u0131 ve G\u00fcvenli\u011fi Kanunu\u2019nun 17. maddesine g\u00f6re, i\u015fverenlerin \u00e7al\u0131\u015fanlar\u0131na i\u015f sa\u011fl\u0131\u011f\u0131 ve g\u00fcvenli\u011fi e\u011fitimlerini sa\u011flama y\u00fck\u00fcml\u00fcl\u00fc\u011f\u00fc vard\u0131r. Bu e\u011fitimler, \u00f6zellikle i\u015fe ba\u015flamadan \u00f6nce, i\u015f yeri veya g\u00f6rev de\u011fi\u015fikliklerinde, i\u015f ekipmanlar\u0131nda yenilik ya da de\u011fi\u015fiklik oldu\u011funda ve yeni teknolojilerin kullan\u0131lmas\u0131 durumlar\u0131nda verilir. Ayr\u0131ca, ortaya \u00e7\u0131kan yeni risklere g\u00f6re e\u011fitimler g\u00fcncellenir ve periyodik aral\u0131klarla tekrarlan\u0131r.<\/p><p data-start=\"561\" data-end=\"792\">15 May\u0131s 2013 tarihli ve 28648 say\u0131l\u0131 Resmi Gazete\u2019de yay\u0131mlanarak y\u00fcr\u00fcrl\u00fc\u011fe giren \u201c\u00c7al\u0131\u015fanlar\u0131n \u0130\u015f Sa\u011fl\u0131\u011f\u0131 ve G\u00fcvenli\u011fi E\u011fitimlerinin Usul ve Esaslar\u0131 Hakk\u0131nda Y\u00f6netmelik\u201din 5. maddesine g\u00f6re i\u015fverenlerin sorumluluklar\u0131 \u015funlard\u0131r:<\/p><ul data-start=\"794\" data-end=\"1054\"><li data-start=\"794\" data-end=\"848\"><p data-start=\"796\" data-end=\"848\">E\u011fitim programlar\u0131n\u0131n haz\u0131rlanmas\u0131 ve uygulanmas\u0131,<\/p><\/li><li data-start=\"849\" data-end=\"901\"><p data-start=\"851\" data-end=\"901\">E\u011fitim i\u00e7in uygun mekan, ara\u00e7-gere\u00e7lerin temini,<\/p><\/li><li data-start=\"902\" data-end=\"988\"><p data-start=\"904\" data-end=\"988\">\u00c7al\u0131\u015fanlar\u0131n e\u011fitimlere kat\u0131l\u0131m\u0131n\u0131n sa\u011flanmas\u0131 ve kat\u0131l\u0131m\u0131n kay\u0131t alt\u0131na al\u0131nmas\u0131,<\/p><\/li><li data-start=\"989\" data-end=\"1054\"><p data-start=\"991\" data-end=\"1054\">E\u011fitim tamamland\u0131\u011f\u0131nda kat\u0131l\u0131mc\u0131lara kat\u0131l\u0131m belgesi verilmesi.<\/p><\/li><\/ul><p data-start=\"1056\" data-end=\"1174\">\u0130\u015fverenler, \u00e7al\u0131\u015fanlar\u0131na a\u015fa\u011f\u0131da belirtilen konular\u0131 kapsayan i\u015f sa\u011fl\u0131\u011f\u0131 ve g\u00fcvenli\u011fi e\u011fitimleri vermekle y\u00fck\u00fcml\u00fcd\u00fcr.<\/p><hr data-start=\"1176\" data-end=\"1179\" \/><h4 data-start=\"1181\" data-end=\"1202\">1. Genel Konular<\/h4><ul data-start=\"1204\" data-end=\"1375\"><li data-start=\"1204\" data-end=\"1246\"><p data-start=\"1206\" data-end=\"1246\">\u00c7al\u0131\u015fma mevzuat\u0131na dair temel bilgiler<\/p><\/li><li data-start=\"1247\" data-end=\"1285\"><p data-start=\"1249\" data-end=\"1285\">\u00c7al\u0131\u015fanlar\u0131n hak ve sorumluluklar\u0131<\/p><\/li><li data-start=\"1286\" data-end=\"1316\"><p data-start=\"1288\" data-end=\"1316\">\u0130\u015fyeri temizli\u011fi ve d\u00fczeni<\/p><\/li><li data-start=\"1317\" data-end=\"1375\"><p data-start=\"1319\" data-end=\"1375\">\u0130\u015f kazalar\u0131 ve meslek hastal\u0131klar\u0131n\u0131n hukuki sonu\u00e7lar\u0131<\/p><\/li><\/ul><h4 data-start=\"1377\" data-end=\"1400\">2. Sa\u011fl\u0131k Konular\u0131<\/h4><ul data-start=\"1402\" data-end=\"1595\"><li data-start=\"1402\" data-end=\"1438\"><p data-start=\"1404\" data-end=\"1438\">Meslek hastal\u0131klar\u0131n\u0131n nedenleri<\/p><\/li><li data-start=\"1439\" data-end=\"1476\"><p data-start=\"1441\" data-end=\"1476\">Korunma prensipleri ve teknikleri<\/p><\/li><li data-start=\"1477\" data-end=\"1521\"><p data-start=\"1479\" data-end=\"1521\">Biyolojik ve psikososyal risk fakt\u00f6rleri<\/p><\/li><li data-start=\"1522\" data-end=\"1544\"><p data-start=\"1524\" data-end=\"1544\">\u0130lk yard\u0131m bilgisi<\/p><\/li><li data-start=\"1545\" data-end=\"1595\"><p data-start=\"1547\" data-end=\"1595\">T\u00fct\u00fcn \u00fcr\u00fcnlerinin zararlar\u0131 ve pasif maruziyet<\/p><\/li><\/ul><h4 data-start=\"1597\" data-end=\"1619\">3. Teknik Konular<\/h4><ul data-start=\"1621\" data-end=\"2092\"><li data-start=\"1621\" data-end=\"1664\"><p data-start=\"1623\" data-end=\"1664\">Kimyasal, fiziksel ve ergonomik riskler<\/p><\/li><li data-start=\"1665\" data-end=\"1703\"><p data-start=\"1667\" data-end=\"1703\">Elle kald\u0131rma ve ta\u015f\u0131ma teknikleri<\/p><\/li><li data-start=\"1704\" data-end=\"1755\"><p data-start=\"1706\" data-end=\"1755\">Patlama, yang\u0131n ve yang\u0131ndan korunma y\u00f6ntemleri<\/p><\/li><li data-start=\"1756\" data-end=\"1795\"><p data-start=\"1758\" data-end=\"1795\">\u0130\u015f ekipmanlar\u0131n\u0131n g\u00fcvenli kullan\u0131m\u0131<\/p><\/li><li data-start=\"1796\" data-end=\"1835\"><p data-start=\"1798\" data-end=\"1835\">Ekranl\u0131 ara\u00e7larla \u00e7al\u0131\u015fma ko\u015fullar\u0131<\/p><\/li><li data-start=\"1836\" data-end=\"1877\"><p data-start=\"1838\" data-end=\"1877\">Elektrik kaynakl\u0131 riskler ve \u00f6nlemler<\/p><\/li><li data-start=\"1878\" data-end=\"1919\"><p data-start=\"1880\" data-end=\"1919\">\u0130\u015f kazalar\u0131n\u0131n nedenleri ve \u00f6nlenmesi<\/p><\/li><li data-start=\"1920\" data-end=\"1953\"><p data-start=\"1922\" data-end=\"1953\">G\u00fcvenlik ve sa\u011fl\u0131k i\u015faretleri<\/p><\/li><li data-start=\"1954\" data-end=\"1997\"><p data-start=\"1956\" data-end=\"1997\">Ki\u015fisel koruyucu donan\u0131mlar\u0131n kullan\u0131m\u0131<\/p><\/li><li data-start=\"1998\" data-end=\"2055\"><p data-start=\"2000\" data-end=\"2055\">\u0130\u015f sa\u011fl\u0131\u011f\u0131 ve g\u00fcvenli\u011fi kurallar\u0131 ve g\u00fcvenlik k\u00fclt\u00fcr\u00fc<\/p><\/li><li data-start=\"2056\" data-end=\"2092\"><p data-start=\"2058\" data-end=\"2092\">Tahliye ve kurtarma prosed\u00fcrleri<\/p><\/li><\/ul><hr data-start=\"2094\" data-end=\"2097\" \/><p data-start=\"2099\" data-end=\"2185\">E\u011fitimler, yeni riskler ve geli\u015fmeler do\u011frultusunda a\u015fa\u011f\u0131daki s\u00fcrelerle tekrar edilir:<\/p><ul data-start=\"2187\" data-end=\"2342\"><li data-start=\"2187\" data-end=\"2238\"><p data-start=\"2189\" data-end=\"2238\">\u00c7ok tehlikeli i\u015fyerlerinde y\u0131lda en az bir kez,<\/p><\/li><li data-start=\"2239\" data-end=\"2290\"><p data-start=\"2241\" data-end=\"2290\">Tehlikeli i\u015fyerlerinde en az iki y\u0131lda bir kez,<\/p><\/li><li data-start=\"2291\" data-end=\"2342\"><p data-start=\"2293\" data-end=\"2342\">Az tehlikeli i\u015fyerlerinde en az \u00fc\u00e7 y\u0131lda bir kez.<\/p><\/li><\/ul><p data-start=\"2344\" data-end=\"2521\">\u0130\u015f kazas\u0131 ge\u00e7iren veya meslek hastal\u0131\u011f\u0131na yakalanan \u00e7al\u0131\u015fanlar, i\u015fe d\u00f6nd\u00fcklerinde kazan\u0131n nedenleri, korunma y\u00f6ntemleri ve g\u00fcvenli \u00e7al\u0131\u015fma teknikleri hakk\u0131nda ek e\u011fitim al\u0131rlar.<\/p><p data-start=\"2523\" data-end=\"2628\">Alt\u0131 aydan uzun s\u00fcre i\u015ften uzak kalan \u00e7al\u0131\u015fanlara ise i\u015fe ba\u015flamadan \u00f6nce bilgi yenileme e\u011fitimi verilir.<\/p><hr data-start=\"2630\" data-end=\"2633\" \/><p data-start=\"2635\" data-end=\"2817\">\u0130\u015fveren, y\u0131ll\u0131k e\u011fitim faaliyetlerini i\u00e7eren e\u011fitim program\u0131n\u0131 haz\u0131rlar ve onaylar. Bu programda; e\u011fitim konular\u0131, tarihleri, s\u00fcresi, kat\u0131l\u0131mc\u0131lar ve e\u011fitim ama\u00e7lar\u0131 detayland\u0131r\u0131l\u0131r.<\/p><p data-start=\"2819\" data-end=\"2885\">\u00c7al\u0131\u015fanlara verilecek e\u011fitim s\u00fcreleri a\u015fa\u011f\u0131daki \u015fekilde olmal\u0131d\u0131r:<\/p><ul data-start=\"2887\" data-end=\"3016\"><li data-start=\"2887\" data-end=\"2930\"><p data-start=\"2889\" data-end=\"2930\">Az tehlikeli i\u015fyerlerinde en az 8 saat,<\/p><\/li><li data-start=\"2931\" data-end=\"2972\"><p data-start=\"2933\" data-end=\"2972\">Tehlikeli i\u015fyerlerinde en az 12 saat,<\/p><\/li><li data-start=\"2973\" data-end=\"3016\"><p data-start=\"2975\" data-end=\"3016\">\u00c7ok tehlikeli i\u015fyerlerinde en az 16 saat.<\/p><\/li><\/ul><p data-start=\"3018\" data-end=\"3198\">E\u011fitim s\u00fcreleri bir b\u00fct\u00fcn olarak de\u011ferlendirilir; ancak vardiya d\u00fczeni ve benzeri \u00e7al\u0131\u015fma programlar\u0131 g\u00f6z \u00f6n\u00fcnde bulundurularak en az bir saatlik b\u00f6l\u00fcmler halinde de uygulanabilir.<\/p>\t\t\t\t\t\t\t\t<\/div>\n\t\t\t\t\t<\/div>\n\t\t\t\t<\/div>\n\t\t\t\t<\/div>\n\t\t","protected":false},"excerpt":{"rendered":"<p>\u0130\u015f Sa\u011fl\u0131\u011f\u0131 ve G\u00fcvenli\u011fi E\u011fitimleri 6331 say\u0131l\u0131 \u0130\u015f Sa\u011fl\u0131\u011f\u0131 ve G\u00fcvenli\u011fi Kanunu\u2019nun 17. maddesine g\u00f6re, i\u015fverenlerin \u00e7al\u0131\u015fanlar\u0131na i\u015f sa\u011fl\u0131\u011f\u0131 ve g\u00fcvenli\u011fi e\u011fitimlerini sa\u011flama y\u00fck\u00fcml\u00fcl\u00fc\u011f\u00fc vard\u0131r. Bu e\u011fitimler, \u00f6zellikle i\u015fe ba\u015flamadan \u00f6nce, i\u015f yeri veya g\u00f6rev de\u011fi\u015fikliklerinde, i\u015f ekipmanlar\u0131nda yenilik ya da de\u011fi\u015fiklik oldu\u011funda ve yeni teknolojilerin kullan\u0131lmas\u0131 durumlar\u0131nda verilir. Ayr\u0131ca, ortaya \u00e7\u0131kan yeni risklere g\u00f6re [&hellip;]<\/p>\n","protected":false},"author":1,"featured_media":0,"parent":0,"menu_order":0,"comment_status":"closed","ping_status":"closed","template":"","meta":{"footnotes":""},"class_list":["post-164","page","type-page","status-publish","hentry"],"blocksy_meta":[],"yoast_head":"<!-- This site is optimized with the Yoast SEO plugin v25.6 - https:\/\/yoast.com\/wordpress\/plugins\/seo\/ -->\n<title>\u0130\u015f Sa\u011fl\u0131\u011f\u0131 ve G\u00fcvenli\u011fi E\u011fitimleri -<\/title>\n<meta name=\"robots\" content=\"index, follow, max-snippet:-1, max-image-preview:large, max-video-preview:-1\" \/>\n<link rel=\"canonical\" href=\"https:\/\/demo.ipekosgb.com.tr\/?page_id=164\" \/>\n<meta property=\"og:locale\" content=\"tr_TR\" \/>\n<meta property=\"og:type\" content=\"article\" \/>\n<meta property=\"og:title\" content=\"\u0130\u015f Sa\u011fl\u0131\u011f\u0131 ve G\u00fcvenli\u011fi E\u011fitimleri -\" \/>\n<meta property=\"og:description\" content=\"\u0130\u015f Sa\u011fl\u0131\u011f\u0131 ve G\u00fcvenli\u011fi E\u011fitimleri 6331 say\u0131l\u0131 \u0130\u015f Sa\u011fl\u0131\u011f\u0131 ve G\u00fcvenli\u011fi Kanunu\u2019nun 17. maddesine g\u00f6re, i\u015fverenlerin \u00e7al\u0131\u015fanlar\u0131na i\u015f sa\u011fl\u0131\u011f\u0131 ve g\u00fcvenli\u011fi e\u011fitimlerini sa\u011flama y\u00fck\u00fcml\u00fcl\u00fc\u011f\u00fc vard\u0131r. Bu e\u011fitimler, \u00f6zellikle i\u015fe ba\u015flamadan \u00f6nce, i\u015f yeri veya g\u00f6rev de\u011fi\u015fikliklerinde, i\u015f ekipmanlar\u0131nda yenilik ya da de\u011fi\u015fiklik oldu\u011funda ve yeni teknolojilerin kullan\u0131lmas\u0131 durumlar\u0131nda verilir. Ayr\u0131ca, ortaya \u00e7\u0131kan yeni risklere g\u00f6re [&hellip;]\" \/>\n<meta property=\"og:url\" content=\"https:\/\/demo.ipekosgb.com.tr\/?page_id=164\" \/>\n<meta property=\"article:modified_time\" content=\"2025-08-05T12:48:34+00:00\" \/>\n<meta property=\"og:image\" content=\"https:\/\/demo.ipekosgb.com.tr\/wp-content\/uploads\/2025\/08\/1-12.jpg\" \/>\n\t<meta property=\"og:image:width\" content=\"2048\" \/>\n\t<meta property=\"og:image:height\" content=\"1365\" \/>\n\t<meta property=\"og:image:type\" content=\"image\/jpeg\" \/>\n<meta name=\"twitter:card\" content=\"summary_large_image\" \/>\n<meta name=\"twitter:label1\" content=\"Tahmini okuma s\u00fcresi\" \/>\n\t<meta name=\"twitter:data1\" content=\"3 dakika\" \/>\n<script type=\"application\/ld+json\" class=\"yoast-schema-graph\">{\"@context\":\"https:\/\/schema.org\",\"@graph\":[{\"@type\":\"WebPage\",\"@id\":\"https:\/\/demo.ipekosgb.com.tr\/?page_id=164\",\"url\":\"https:\/\/demo.ipekosgb.com.tr\/?page_id=164\",\"name\":\"\u0130\u015f Sa\u011fl\u0131\u011f\u0131 ve G\u00fcvenli\u011fi E\u011fitimleri -\",\"isPartOf\":{\"@id\":\"https:\/\/demo.ipekosgb.com.tr\/#website\"},\"primaryImageOfPage\":{\"@id\":\"https:\/\/demo.ipekosgb.com.tr\/?page_id=164#primaryimage\"},\"image\":{\"@id\":\"https:\/\/demo.ipekosgb.com.tr\/?page_id=164#primaryimage\"},\"thumbnailUrl\":\"https:\/\/demo.ipekosgb.com.tr\/wp-content\/uploads\/2025\/08\/1-12-1536x1024.jpg\",\"datePublished\":\"2025-08-05T12:48:26+00:00\",\"dateModified\":\"2025-08-05T12:48:34+00:00\",\"breadcrumb\":{\"@id\":\"https:\/\/demo.ipekosgb.com.tr\/?page_id=164#breadcrumb\"},\"inLanguage\":\"tr\",\"potentialAction\":[{\"@type\":\"ReadAction\",\"target\":[\"https:\/\/demo.ipekosgb.com.tr\/?page_id=164\"]}]},{\"@type\":\"ImageObject\",\"inLanguage\":\"tr\",\"@id\":\"https:\/\/demo.ipekosgb.com.tr\/?page_id=164#primaryimage\",\"url\":\"https:\/\/demo.ipekosgb.com.tr\/wp-content\/uploads\/2025\/08\/1-12.jpg\",\"contentUrl\":\"https:\/\/demo.ipekosgb.com.tr\/wp-content\/uploads\/2025\/08\/1-12.jpg\",\"width\":2048,\"height\":1365,\"caption\":\"Teamwork engineer in uniform wear protection mask brainstorming workshop industrial factory building. meeting worker team.\"},{\"@type\":\"BreadcrumbList\",\"@id\":\"https:\/\/demo.ipekosgb.com.tr\/?page_id=164#breadcrumb\",\"itemListElement\":[{\"@type\":\"ListItem\",\"position\":1,\"name\":\"Anasayfa\",\"item\":\"https:\/\/demo.ipekosgb.com.tr\/\"},{\"@type\":\"ListItem\",\"position\":2,\"name\":\"\u0130\u015f Sa\u011fl\u0131\u011f\u0131 ve G\u00fcvenli\u011fi E\u011fitimleri\"}]},{\"@type\":\"WebSite\",\"@id\":\"https:\/\/demo.ipekosgb.com.tr\/#website\",\"url\":\"https:\/\/demo.ipekosgb.com.tr\/\",\"name\":\"\",\"description\":\"\",\"potentialAction\":[{\"@type\":\"SearchAction\",\"target\":{\"@type\":\"EntryPoint\",\"urlTemplate\":\"https:\/\/demo.ipekosgb.com.tr\/?s={search_term_string}\"},\"query-input\":{\"@type\":\"PropertyValueSpecification\",\"valueRequired\":true,\"valueName\":\"search_term_string\"}}],\"inLanguage\":\"tr\"}]}<\/script>\n<!-- \/ Yoast SEO plugin. -->","yoast_head_json":{"title":"\u0130\u015f Sa\u011fl\u0131\u011f\u0131 ve G\u00fcvenli\u011fi E\u011fitimleri -","robots":{"index":"index","follow":"follow","max-snippet":"max-snippet:-1","max-image-preview":"max-image-preview:large","max-video-preview":"max-video-preview:-1"},"canonical":"https:\/\/demo.ipekosgb.com.tr\/?page_id=164","og_locale":"tr_TR","og_type":"article","og_title":"\u0130\u015f Sa\u011fl\u0131\u011f\u0131 ve G\u00fcvenli\u011fi E\u011fitimleri -","og_description":"\u0130\u015f Sa\u011fl\u0131\u011f\u0131 ve G\u00fcvenli\u011fi E\u011fitimleri 6331 say\u0131l\u0131 \u0130\u015f Sa\u011fl\u0131\u011f\u0131 ve G\u00fcvenli\u011fi Kanunu\u2019nun 17. maddesine g\u00f6re, i\u015fverenlerin \u00e7al\u0131\u015fanlar\u0131na i\u015f sa\u011fl\u0131\u011f\u0131 ve g\u00fcvenli\u011fi e\u011fitimlerini sa\u011flama y\u00fck\u00fcml\u00fcl\u00fc\u011f\u00fc vard\u0131r. Bu e\u011fitimler, \u00f6zellikle i\u015fe ba\u015flamadan \u00f6nce, i\u015f yeri veya g\u00f6rev de\u011fi\u015fikliklerinde, i\u015f ekipmanlar\u0131nda yenilik ya da de\u011fi\u015fiklik oldu\u011funda ve yeni teknolojilerin kullan\u0131lmas\u0131 durumlar\u0131nda verilir. Ayr\u0131ca, ortaya \u00e7\u0131kan yeni risklere g\u00f6re [&hellip;]","og_url":"https:\/\/demo.ipekosgb.com.tr\/?page_id=164","article_modified_time":"2025-08-05T12:48:34+00:00","og_image":[{"width":2048,"height":1365,"url":"https:\/\/demo.ipekosgb.com.tr\/wp-content\/uploads\/2025\/08\/1-12.jpg","type":"image\/jpeg"}],"twitter_card":"summary_large_image","twitter_misc":{"Tahmini okuma s\u00fcresi":"3 dakika"},"schema":{"@context":"https:\/\/schema.org","@graph":[{"@type":"WebPage","@id":"https:\/\/demo.ipekosgb.com.tr\/?page_id=164","url":"https:\/\/demo.ipekosgb.com.tr\/?page_id=164","name":"\u0130\u015f Sa\u011fl\u0131\u011f\u0131 ve G\u00fcvenli\u011fi E\u011fitimleri -","isPartOf":{"@id":"https:\/\/demo.ipekosgb.com.tr\/#website"},"primaryImageOfPage":{"@id":"https:\/\/demo.ipekosgb.com.tr\/?page_id=164#primaryimage"},"image":{"@id":"https:\/\/demo.ipekosgb.com.tr\/?page_id=164#primaryimage"},"thumbnailUrl":"https:\/\/demo.ipekosgb.com.tr\/wp-content\/uploads\/2025\/08\/1-12-1536x1024.jpg","datePublished":"2025-08-05T12:48:26+00:00","dateModified":"2025-08-05T12:48:34+00:00","breadcrumb":{"@id":"https:\/\/demo.ipekosgb.com.tr\/?page_id=164#breadcrumb"},"inLanguage":"tr","potentialAction":[{"@type":"ReadAction","target":["https:\/\/demo.ipekosgb.com.tr\/?page_id=164"]}]},{"@type":"ImageObject","inLanguage":"tr","@id":"https:\/\/demo.ipekosgb.com.tr\/?page_id=164#primaryimage","url":"https:\/\/demo.ipekosgb.com.tr\/wp-content\/uploads\/2025\/08\/1-12.jpg","contentUrl":"https:\/\/demo.ipekosgb.com.tr\/wp-content\/uploads\/2025\/08\/1-12.jpg","width":2048,"height":1365,"caption":"Teamwork engineer in uniform wear protection mask brainstorming workshop industrial factory building. meeting worker team."},{"@type":"BreadcrumbList","@id":"https:\/\/demo.ipekosgb.com.tr\/?page_id=164#breadcrumb","itemListElement":[{"@type":"ListItem","position":1,"name":"Anasayfa","item":"https:\/\/demo.ipekosgb.com.tr\/"},{"@type":"ListItem","position":2,"name":"\u0130\u015f Sa\u011fl\u0131\u011f\u0131 ve G\u00fcvenli\u011fi E\u011fitimleri"}]},{"@type":"WebSite","@id":"https:\/\/demo.ipekosgb.com.tr\/#website","url":"https:\/\/demo.ipekosgb.com.tr\/","name":"","description":"","potentialAction":[{"@type":"SearchAction","target":{"@type":"EntryPoint","urlTemplate":"https:\/\/demo.ipekosgb.com.tr\/?s={search_term_string}"},"query-input":{"@type":"PropertyValueSpecification","valueRequired":true,"valueName":"search_term_string"}}],"inLanguage":"tr"}]}},"_links":{"self":[{"href":"https:\/\/demo.ipekosgb.com.tr\/index.php?rest_route=\/wp\/v2\/pages\/164","targetHints":{"allow":["GET"]}}],"collection":[{"href":"https:\/\/demo.ipekosgb.com.tr\/index.php?rest_route=\/wp\/v2\/pages"}],"about":[{"href":"https:\/\/demo.ipekosgb.com.tr\/index.php?rest_route=\/wp\/v2\/types\/page"}],"author":[{"embeddable":true,"href":"https:\/\/demo.ipekosgb.com.tr\/index.php?rest_route=\/wp\/v2\/users\/1"}],"replies":[{"embeddable":true,"href":"https:\/\/demo.ipekosgb.com.tr\/index.php?rest_route=%2Fwp%2Fv2%2Fcomments&post=164"}],"version-history":[{"count":4,"href":"https:\/\/demo.ipekosgb.com.tr\/index.php?rest_route=\/wp\/v2\/pages\/164\/revisions"}],"predecessor-version":[{"id":169,"href":"https:\/\/demo.ipekosgb.com.tr\/index.php?rest_route=\/wp\/v2\/pages\/164\/revisions\/169"}],"wp:attachment":[{"href":"https:\/\/demo.ipekosgb.com.tr\/index.php?rest_route=%2Fwp%2Fv2%2Fmedia&parent=164"}],"curies":[{"name":"wp","href":"https:\/\/api.w.org\/{rel}","templated":true}]}}