{"id":224,"date":"2025-08-07T06:14:23","date_gmt":"2025-08-07T06:14:23","guid":{"rendered":"https:\/\/demo.ipekosgb.com.tr\/?page_id=224"},"modified":"2025-08-07T06:15:26","modified_gmt":"2025-08-07T06:15:26","slug":"aydinlatmametni","status":"publish","type":"page","link":"https:\/\/demo.ipekosgb.com.tr\/?page_id=224","title":{"rendered":"Ayd\u0131nlatma Metni"},"content":{"rendered":"\t\t<div data-elementor-type=\"wp-page\" data-elementor-id=\"224\" class=\"elementor elementor-224\">\n\t\t\t\t<div class=\"elementor-element elementor-element-9273f80 e-flex e-con-boxed e-con e-parent\" data-id=\"9273f80\" data-element_type=\"container\">\n\t\t\t\t\t<div class=\"e-con-inner\">\n\t\t\t\t<div class=\"elementor-element elementor-element-e006954 elementor-widget elementor-widget-text-editor\" data-id=\"e006954\" data-element_type=\"widget\" data-widget_type=\"text-editor.default\">\n\t\t\t\t\t\t\t\t\t<p data-start=\"184\" data-end=\"248\"><strong data-start=\"184\" data-end=\"248\">K\u0130\u015e\u0130SEL VER\u0130LER\u0130N KORUNMASI KANUNU HAKKINDA AYDINLATMA METN\u0130<\/strong><\/p><p data-start=\"250\" data-end=\"527\"><strong data-start=\"250\" data-end=\"273\">Genel Bilgilendirme<\/strong><br data-start=\"273\" data-end=\"276\" \/>6698 Say\u0131l\u0131 Ki\u015fisel Verilerin Korunmas\u0131 Kanunu (KVKK), 24 Mart 2016 tarihinde kabul edilerek 7 Nisan 2016 tarihli ve 29677 say\u0131l\u0131 Resm\u00ee Gazete\u2019de yay\u0131mlanm\u0131\u015ft\u0131r. Kanunun baz\u0131 h\u00fck\u00fcmleri ayn\u0131 g\u00fcn, baz\u0131lar\u0131 ise 7 Ekim 2016 itibar\u0131yla y\u00fcr\u00fcrl\u00fc\u011fe girmi\u015ftir.<\/p><p data-start=\"529\" data-end=\"864\"><strong data-start=\"529\" data-end=\"568\">Veri Sorumlusu Olarak Bilgilendirme<\/strong><br data-start=\"568\" data-end=\"571\" \/>KVKK uyar\u0131nca, taraf\u0131n\u0131za ait ki\u015fisel veriler; veri sorumlusu s\u0131fat\u0131yla Firmam\u0131z taraf\u0131ndan bu metinde a\u00e7\u0131klanan s\u0131n\u0131rlar dahilinde kaydedilebilecek, saklanabilecek, g\u00fcncellenebilecek, s\u0131n\u0131fland\u0131r\u0131labilecek, gerekli hallerde \u00fc\u00e7\u00fcnc\u00fc ki\u015fi ve kurumlarla payla\u015f\u0131labilecek veya devredilebilecektir.<\/p><p data-start=\"866\" data-end=\"1214\"><strong data-start=\"866\" data-end=\"903\">Ki\u015fisel Verilerin \u0130\u015flenme Yollar\u0131<\/strong><br data-start=\"903\" data-end=\"906\" \/>Payla\u015ft\u0131\u011f\u0131n\u0131z ki\u015fisel verileriniz; otomatik yollarla ya da bir veri kay\u0131t sisteminin par\u00e7as\u0131 olmak kayd\u0131yla manuel yollarla, k\u0131smen ya da tamamen i\u015flenebilir. Elde edilmesi, depolanmas\u0131, d\u00fczenlenmesi ve de\u011fi\u015ftirilmesi gibi t\u00fcm s\u00fcre\u00e7ler KVKK kapsam\u0131nda \u201cki\u015fisel verilerin i\u015flenmesi\u201d olarak kabul edilmektedir.<\/p><p data-start=\"1216\" data-end=\"1290\"><strong data-start=\"1216\" data-end=\"1267\">Verilerin \u0130\u015flenme Ama\u00e7lar\u0131 ve Hukuki Dayanaklar<\/strong><br data-start=\"1267\" data-end=\"1270\" \/>Ki\u015fisel verileriniz;<\/p><ul data-start=\"1292\" data-end=\"1705\"><li data-start=\"1292\" data-end=\"1375\"><p data-start=\"1294\" data-end=\"1375\">Hizmetlerimizi s\u00f6zle\u015fmeye ve teknolojiye uygun bi\u00e7imde sunabilmek, geli\u015ftirmek,<\/p><\/li><li data-start=\"1376\" data-end=\"1432\"><p data-start=\"1378\" data-end=\"1432\">Kimlik, adres ve ileti\u015fim bilgilerinizi kayda almak,<\/p><\/li><li data-start=\"1433\" data-end=\"1553\"><p data-start=\"1435\" data-end=\"1553\">Elektronik ticaret, t\u00fcketici haklar\u0131 ve mesafeli sat\u0131\u015f s\u00f6zle\u015fmeleri ile ilgili yasal y\u00fck\u00fcml\u00fcl\u00fckleri yerine getirmek,<\/p><\/li><li data-start=\"1554\" data-end=\"1611\"><p data-start=\"1556\" data-end=\"1611\">\u00d6deme sistemleri kapsam\u0131nda gerekli kay\u0131tlar\u0131 tutmak,<\/p><\/li><li data-start=\"1612\" data-end=\"1705\"><p data-start=\"1614\" data-end=\"1705\">Kamu kurumlar\u0131, mahkemeler ve savc\u0131l\u0131klardan gelen taleplere yasal \u00e7er\u00e7evede yan\u0131t vermek<\/p><\/li><\/ul><p data-start=\"1707\" data-end=\"1774\">amac\u0131yla, KVKK ve ilgili di\u011fer mevzuata uygun olarak i\u015flenmektedir.<\/p><p data-start=\"1776\" data-end=\"2109\"><strong data-start=\"1776\" data-end=\"1815\">Verilerin Aktar\u0131labilece\u011fi Taraflar<\/strong><br data-start=\"1815\" data-end=\"1818\" \/>Yukar\u0131daki ama\u00e7larla, ki\u015fisel verileriniz; altyap\u0131 sa\u011flay\u0131c\u0131s\u0131 firmalar, tedarik\u00e7iler, i\u015f ortaklar\u0131, kargo firmalar\u0131, yurti\u00e7indeki veya yurtd\u0131\u015f\u0131ndaki \u00e7\u00f6z\u00fcm ortaklar\u0131m\u0131z ve hizmet sa\u011flay\u0131c\u0131lar\u0131m\u0131z ile payla\u015f\u0131labilir. Bu payla\u015f\u0131mlar, KVKK&#8217;n\u0131n belirledi\u011fi s\u0131n\u0131rlar i\u00e7inde ger\u00e7ekle\u015ftirilecektir.<\/p><p data-start=\"2111\" data-end=\"2167\"><strong data-start=\"2111\" data-end=\"2144\">Verilerin Toplanma Y\u00f6ntemleri<\/strong><br data-start=\"2144\" data-end=\"2147\" \/>Ki\u015fisel verileriniz;<\/p><ul data-start=\"2169\" data-end=\"2598\"><li data-start=\"2169\" data-end=\"2275\"><p data-start=\"2171\" data-end=\"2275\">Web sitemiz ve mobil uygulamalar \u00fczerinden yap\u0131lan i\u015flemler, formlar, \u00e7erezler, IP ve konum bilgileri,<\/p><\/li><li data-start=\"2276\" data-end=\"2368\"><p data-start=\"2278\" data-end=\"2368\">\u00c7a\u011fr\u0131 merkezi, sat\u0131\u015f temsilcileri, \u015fubeler, ka\u011f\u0131t formlar ve dijital ileti\u015fim kanallar\u0131,<\/p><\/li><li data-start=\"2369\" data-end=\"2459\"><p data-start=\"2371\" data-end=\"2459\">Kartvizit, \u00f6zge\u00e7mi\u015f, teklif formlar\u0131 gibi ticari ve profesyonel belgeler arac\u0131l\u0131\u011f\u0131yla,<\/p><\/li><li data-start=\"2460\" data-end=\"2532\"><p data-start=\"2462\" data-end=\"2532\">Anket, kampanya, sosyal medya ve \u00fc\u00e7\u00fcnc\u00fc taraf platformlar \u00fczerinden,<\/p><\/li><li data-start=\"2533\" data-end=\"2598\"><p data-start=\"2535\" data-end=\"2598\">Mevcut m\u00fc\u015fteri kay\u0131tlar\u0131ndan ve kamuya a\u00e7\u0131k veritabanlar\u0131ndan<\/p><\/li><\/ul><p data-start=\"2600\" data-end=\"2690\">temin edilebilir. Bu veriler elektronik, s\u00f6zl\u00fc veya yaz\u0131l\u0131 yollarla elde edilebilmektedir.<\/p><p data-start=\"2692\" data-end=\"2946\"><strong data-start=\"2692\" data-end=\"2741\">KVKK Y\u00fcr\u00fcrl\u00fc\u011fe Girmeden \u00d6nce Toplanan Veriler<\/strong><br data-start=\"2741\" data-end=\"2744\" \/>Kanunun y\u00fcr\u00fcrl\u00fc\u011fe giri\u015f tarihi olan 7 Nisan 2016\u2019dan \u00f6nce toplanm\u0131\u015f olan veriler (\u00fcyelik, sat\u0131n alma, ileti izinleri vb.) de yine bu metindeki usul ve esaslara uygun olarak i\u015flenmeye devam edilmektedir.<\/p><p data-start=\"2948\" data-end=\"3218\"><strong data-start=\"2948\" data-end=\"2976\">Yurtd\u0131\u015f\u0131na Veri Aktar\u0131m\u0131<\/strong><br data-start=\"2976\" data-end=\"2979\" \/>Gerek T\u00fcrkiye\u2019de i\u015flenen gerekse yurtd\u0131\u015f\u0131nda i\u015flenmek \u00fczere toplanan ki\u015fisel verileriniz, yaln\u0131zca Ki\u015fisel Veriler Kurulu taraf\u0131ndan yeterli korumaya sahip kabul edilen \u00fclkelere ve hizmet sa\u011flay\u0131c\u0131lara, KVKK\u2019ya uygun \u015fekilde aktar\u0131labilir.<\/p><p data-start=\"3220\" data-end=\"3621\"><strong data-start=\"3220\" data-end=\"3249\">Veri G\u00fcvenli\u011fi ve Saklama<\/strong><br data-start=\"3249\" data-end=\"3252\" \/>Verileriniz, \u015firketimizin sistem ve veri tabanlar\u0131nda KVKK&#8217;n\u0131n 12. maddesine uygun \u015fekilde gizli tutulur ve yaln\u0131zca yasal zorunluluklar do\u011frultusunda payla\u015f\u0131l\u0131r. \u0130zinsiz eri\u015fimleri \u00f6nlemek amac\u0131yla gerekli yaz\u0131l\u0131msal ve fiziksel g\u00fcvenlik \u00f6nlemleri uygulanmaktad\u0131r. Herhangi bir veri ihlali durumunda, Ki\u015fisel Verileri Koruma Kurulu&#8217;na gerekli bildirimler yap\u0131lacakt\u0131r.<\/p><p data-start=\"3623\" data-end=\"3909\"><strong data-start=\"3623\" data-end=\"3662\">Verilerin Do\u011fru ve G\u00fcncel Tutulmas\u0131<\/strong><br data-start=\"3662\" data-end=\"3665\" \/>KVKK&#8217;n\u0131n 4. maddesi gere\u011fince, verilerin do\u011fru ve g\u00fcncel tutulmas\u0131ndan veri sorumlusu olarak Firmam\u0131z sorumludur. Bu nedenle m\u00fc\u015fterilerimizin, verilerinde meydana gelen de\u011fi\u015fiklikleri bildirmesi veya sistem \u00fczerinden g\u00fcncellemesi gerekmektedir.<\/p><p data-start=\"3911\" data-end=\"4047\"><strong data-start=\"3911\" data-end=\"3953\">KVKK Kapsam\u0131nda Sahip Oldu\u011funuz Haklar<\/strong><br data-start=\"3953\" data-end=\"3956\" \/>7 Ekim 2016 itibar\u0131yla y\u00fcr\u00fcrl\u00fc\u011fe giren KVKK\u2019n\u0131n 11. maddesi kapsam\u0131nda, veri sahibi olarak;<\/p><ul data-start=\"4049\" data-end=\"4620\"><li data-start=\"4049\" data-end=\"4101\"><p data-start=\"4051\" data-end=\"4101\">Ki\u015fisel verinizin i\u015flenip i\u015flenmedi\u011fini \u00f6\u011frenme,<\/p><\/li><li data-start=\"4102\" data-end=\"4152\"><p data-start=\"4104\" data-end=\"4152\">\u0130\u015flendi\u011fi takdirde buna dair bilgi talep etme,<\/p><\/li><li data-start=\"4153\" data-end=\"4209\"><p data-start=\"4155\" data-end=\"4209\">Amac\u0131na uygun kullan\u0131l\u0131p kullan\u0131lmad\u0131\u011f\u0131n\u0131 sorgulama,<\/p><\/li><li data-start=\"4210\" data-end=\"4250\"><p data-start=\"4212\" data-end=\"4250\">Aktar\u0131ld\u0131\u011f\u0131 \u00fc\u00e7\u00fcnc\u00fc ki\u015fileri \u00f6\u011frenme,<\/p><\/li><li data-start=\"4251\" data-end=\"4315\"><p data-start=\"4253\" data-end=\"4315\">Eksik ya da hatal\u0131 i\u015flenmi\u015f verilerin d\u00fczeltilmesini isteme,<\/p><\/li><li data-start=\"4316\" data-end=\"4363\"><p data-start=\"4318\" data-end=\"4363\">Silinmesini veya yok edilmesini talep etme,<\/p><\/li><li data-start=\"4364\" data-end=\"4424\"><p data-start=\"4366\" data-end=\"4424\">Bu taleplerinizin \u00fc\u00e7\u00fcnc\u00fc ki\u015filere bildirilmesini isteme,<\/p><\/li><li data-start=\"4425\" data-end=\"4522\"><p data-start=\"4427\" data-end=\"4522\">Otomatik sistemler taraf\u0131ndan yap\u0131lan analizlerde aleyhinize bir sonu\u00e7 \u00e7\u0131kmas\u0131na itiraz etme,<\/p><\/li><li data-start=\"4523\" data-end=\"4620\"><p data-start=\"4525\" data-end=\"4620\">Hukuka ayk\u0131r\u0131 veri i\u015fleme nedeniyle zarara u\u011framan\u0131z h\u00e2linde zarar\u0131n\u0131z\u0131n tazminini talep etme<\/p><\/li><\/ul><p data-start=\"4622\" data-end=\"4643\">haklar\u0131na sahipsiniz.<\/p>\t\t\t\t\t\t\t\t<\/div>\n\t\t\t\t\t<\/div>\n\t\t\t\t<\/div>\n\t\t\t\t<\/div>\n\t\t","protected":false},"excerpt":{"rendered":"<p>K\u0130\u015e\u0130SEL VER\u0130LER\u0130N KORUNMASI KANUNU HAKKINDA AYDINLATMA METN\u0130 Genel Bilgilendirme6698 Say\u0131l\u0131 Ki\u015fisel Verilerin Korunmas\u0131 Kanunu (KVKK), 24 Mart 2016 tarihinde kabul edilerek 7 Nisan 2016 tarihli ve 29677 say\u0131l\u0131 Resm\u00ee Gazete\u2019de yay\u0131mlanm\u0131\u015ft\u0131r. Kanunun baz\u0131 h\u00fck\u00fcmleri ayn\u0131 g\u00fcn, baz\u0131lar\u0131 ise 7 Ekim 2016 itibar\u0131yla y\u00fcr\u00fcrl\u00fc\u011fe girmi\u015ftir. Veri Sorumlusu Olarak BilgilendirmeKVKK uyar\u0131nca, taraf\u0131n\u0131za ait ki\u015fisel veriler; veri sorumlusu [&hellip;]<\/p>\n","protected":false},"author":1,"featured_media":0,"parent":0,"menu_order":0,"comment_status":"closed","ping_status":"closed","template":"","meta":{"footnotes":""},"class_list":["post-224","page","type-page","status-publish","hentry"],"blocksy_meta":[],"yoast_head":"<!-- This site is optimized with the Yoast SEO plugin v25.6 - https:\/\/yoast.com\/wordpress\/plugins\/seo\/ -->\n<title>Ayd\u0131nlatma Metni -<\/title>\n<meta name=\"robots\" content=\"index, follow, max-snippet:-1, max-image-preview:large, max-video-preview:-1\" \/>\n<link rel=\"canonical\" href=\"https:\/\/demo.ipekosgb.com.tr\/?page_id=224\" \/>\n<meta property=\"og:locale\" content=\"tr_TR\" \/>\n<meta property=\"og:type\" content=\"article\" \/>\n<meta property=\"og:title\" content=\"Ayd\u0131nlatma Metni -\" \/>\n<meta property=\"og:description\" content=\"K\u0130\u015e\u0130SEL VER\u0130LER\u0130N KORUNMASI KANUNU HAKKINDA AYDINLATMA METN\u0130 Genel Bilgilendirme6698 Say\u0131l\u0131 Ki\u015fisel Verilerin Korunmas\u0131 Kanunu (KVKK), 24 Mart 2016 tarihinde kabul edilerek 7 Nisan 2016 tarihli ve 29677 say\u0131l\u0131 Resm\u00ee Gazete\u2019de yay\u0131mlanm\u0131\u015ft\u0131r. Kanunun baz\u0131 h\u00fck\u00fcmleri ayn\u0131 g\u00fcn, baz\u0131lar\u0131 ise 7 Ekim 2016 itibar\u0131yla y\u00fcr\u00fcrl\u00fc\u011fe girmi\u015ftir. Veri Sorumlusu Olarak BilgilendirmeKVKK uyar\u0131nca, taraf\u0131n\u0131za ait ki\u015fisel veriler; veri sorumlusu [&hellip;]\" \/>\n<meta property=\"og:url\" content=\"https:\/\/demo.ipekosgb.com.tr\/?page_id=224\" \/>\n<meta property=\"article:modified_time\" content=\"2025-08-07T06:15:26+00:00\" \/>\n<meta name=\"twitter:card\" content=\"summary_large_image\" \/>\n<meta name=\"twitter:label1\" content=\"Tahmini okuma s\u00fcresi\" \/>\n\t<meta name=\"twitter:data1\" content=\"4 dakika\" \/>\n<script type=\"application\/ld+json\" class=\"yoast-schema-graph\">{\"@context\":\"https:\/\/schema.org\",\"@graph\":[{\"@type\":\"WebPage\",\"@id\":\"https:\/\/demo.ipekosgb.com.tr\/?page_id=224\",\"url\":\"https:\/\/demo.ipekosgb.com.tr\/?page_id=224\",\"name\":\"Ayd\u0131nlatma Metni -\",\"isPartOf\":{\"@id\":\"https:\/\/demo.ipekosgb.com.tr\/#website\"},\"datePublished\":\"2025-08-07T06:14:23+00:00\",\"dateModified\":\"2025-08-07T06:15:26+00:00\",\"breadcrumb\":{\"@id\":\"https:\/\/demo.ipekosgb.com.tr\/?page_id=224#breadcrumb\"},\"inLanguage\":\"tr\",\"potentialAction\":[{\"@type\":\"ReadAction\",\"target\":[\"https:\/\/demo.ipekosgb.com.tr\/?page_id=224\"]}]},{\"@type\":\"BreadcrumbList\",\"@id\":\"https:\/\/demo.ipekosgb.com.tr\/?page_id=224#breadcrumb\",\"itemListElement\":[{\"@type\":\"ListItem\",\"position\":1,\"name\":\"Anasayfa\",\"item\":\"https:\/\/demo.ipekosgb.com.tr\/\"},{\"@type\":\"ListItem\",\"position\":2,\"name\":\"Ayd\u0131nlatma Metni\"}]},{\"@type\":\"WebSite\",\"@id\":\"https:\/\/demo.ipekosgb.com.tr\/#website\",\"url\":\"https:\/\/demo.ipekosgb.com.tr\/\",\"name\":\"\",\"description\":\"\",\"potentialAction\":[{\"@type\":\"SearchAction\",\"target\":{\"@type\":\"EntryPoint\",\"urlTemplate\":\"https:\/\/demo.ipekosgb.com.tr\/?s={search_term_string}\"},\"query-input\":{\"@type\":\"PropertyValueSpecification\",\"valueRequired\":true,\"valueName\":\"search_term_string\"}}],\"inLanguage\":\"tr\"}]}<\/script>\n<!-- \/ Yoast SEO plugin. -->","yoast_head_json":{"title":"Ayd\u0131nlatma Metni -","robots":{"index":"index","follow":"follow","max-snippet":"max-snippet:-1","max-image-preview":"max-image-preview:large","max-video-preview":"max-video-preview:-1"},"canonical":"https:\/\/demo.ipekosgb.com.tr\/?page_id=224","og_locale":"tr_TR","og_type":"article","og_title":"Ayd\u0131nlatma Metni -","og_description":"K\u0130\u015e\u0130SEL VER\u0130LER\u0130N KORUNMASI KANUNU HAKKINDA AYDINLATMA METN\u0130 Genel Bilgilendirme6698 Say\u0131l\u0131 Ki\u015fisel Verilerin Korunmas\u0131 Kanunu (KVKK), 24 Mart 2016 tarihinde kabul edilerek 7 Nisan 2016 tarihli ve 29677 say\u0131l\u0131 Resm\u00ee Gazete\u2019de yay\u0131mlanm\u0131\u015ft\u0131r. Kanunun baz\u0131 h\u00fck\u00fcmleri ayn\u0131 g\u00fcn, baz\u0131lar\u0131 ise 7 Ekim 2016 itibar\u0131yla y\u00fcr\u00fcrl\u00fc\u011fe girmi\u015ftir. Veri Sorumlusu Olarak BilgilendirmeKVKK uyar\u0131nca, taraf\u0131n\u0131za ait ki\u015fisel veriler; veri sorumlusu [&hellip;]","og_url":"https:\/\/demo.ipekosgb.com.tr\/?page_id=224","article_modified_time":"2025-08-07T06:15:26+00:00","twitter_card":"summary_large_image","twitter_misc":{"Tahmini okuma s\u00fcresi":"4 dakika"},"schema":{"@context":"https:\/\/schema.org","@graph":[{"@type":"WebPage","@id":"https:\/\/demo.ipekosgb.com.tr\/?page_id=224","url":"https:\/\/demo.ipekosgb.com.tr\/?page_id=224","name":"Ayd\u0131nlatma Metni -","isPartOf":{"@id":"https:\/\/demo.ipekosgb.com.tr\/#website"},"datePublished":"2025-08-07T06:14:23+00:00","dateModified":"2025-08-07T06:15:26+00:00","breadcrumb":{"@id":"https:\/\/demo.ipekosgb.com.tr\/?page_id=224#breadcrumb"},"inLanguage":"tr","potentialAction":[{"@type":"ReadAction","target":["https:\/\/demo.ipekosgb.com.tr\/?page_id=224"]}]},{"@type":"BreadcrumbList","@id":"https:\/\/demo.ipekosgb.com.tr\/?page_id=224#breadcrumb","itemListElement":[{"@type":"ListItem","position":1,"name":"Anasayfa","item":"https:\/\/demo.ipekosgb.com.tr\/"},{"@type":"ListItem","position":2,"name":"Ayd\u0131nlatma Metni"}]},{"@type":"WebSite","@id":"https:\/\/demo.ipekosgb.com.tr\/#website","url":"https:\/\/demo.ipekosgb.com.tr\/","name":"","description":"","potentialAction":[{"@type":"SearchAction","target":{"@type":"EntryPoint","urlTemplate":"https:\/\/demo.ipekosgb.com.tr\/?s={search_term_string}"},"query-input":{"@type":"PropertyValueSpecification","valueRequired":true,"valueName":"search_term_string"}}],"inLanguage":"tr"}]}},"_links":{"self":[{"href":"https:\/\/demo.ipekosgb.com.tr\/index.php?rest_route=\/wp\/v2\/pages\/224","targetHints":{"allow":["GET"]}}],"collection":[{"href":"https:\/\/demo.ipekosgb.com.tr\/index.php?rest_route=\/wp\/v2\/pages"}],"about":[{"href":"https:\/\/demo.ipekosgb.com.tr\/index.php?rest_route=\/wp\/v2\/types\/page"}],"author":[{"embeddable":true,"href":"https:\/\/demo.ipekosgb.com.tr\/index.php?rest_route=\/wp\/v2\/users\/1"}],"replies":[{"embeddable":true,"href":"https:\/\/demo.ipekosgb.com.tr\/index.php?rest_route=%2Fwp%2Fv2%2Fcomments&post=224"}],"version-history":[{"count":4,"href":"https:\/\/demo.ipekosgb.com.tr\/index.php?rest_route=\/wp\/v2\/pages\/224\/revisions"}],"predecessor-version":[{"id":228,"href":"https:\/\/demo.ipekosgb.com.tr\/index.php?rest_route=\/wp\/v2\/pages\/224\/revisions\/228"}],"wp:attachment":[{"href":"https:\/\/demo.ipekosgb.com.tr\/index.php?rest_route=%2Fwp%2Fv2%2Fmedia&parent=224"}],"curies":[{"name":"wp","href":"https:\/\/api.w.org\/{rel}","templated":true}]}}