{"id":262,"date":"2025-08-07T06:40:33","date_gmt":"2025-08-07T06:40:33","guid":{"rendered":"https:\/\/demo.ipekosgb.com.tr\/?page_id=262"},"modified":"2025-08-07T06:42:58","modified_gmt":"2025-08-07T06:42:58","slug":"basincikaplarinperiyodikkontrlu","status":"publish","type":"page","link":"https:\/\/demo.ipekosgb.com.tr\/?page_id=262","title":{"rendered":"Bas\u0131n\u00e7l\u0131 Kaplar\u0131n Periyodik Kontrol\u00fc"},"content":{"rendered":"\t\t<div data-elementor-type=\"wp-page\" data-elementor-id=\"262\" class=\"elementor elementor-262\">\n\t\t\t\t<div class=\"elementor-element elementor-element-b71dc17 e-flex e-con-boxed e-con e-parent\" data-id=\"b71dc17\" data-element_type=\"container\">\n\t\t\t\t\t<div class=\"e-con-inner\">\n\t\t\t\t<div class=\"elementor-element elementor-element-8480dea elementor-widget__width-auto elementor-widget elementor-widget-image\" data-id=\"8480dea\" data-element_type=\"widget\" data-widget_type=\"image.default\">\n\t\t\t\t\t\t\t\t\t\t\t\t\t\t\t<img fetchpriority=\"high\" decoding=\"async\" width=\"1536\" height=\"1024\" src=\"https:\/\/demo.ipekosgb.com.tr\/wp-content\/uploads\/2025\/08\/1-1-12-1536x1024.jpg\" class=\"attachment-1536x1536 size-1536x1536 wp-image-264\" alt=\"\" srcset=\"https:\/\/demo.ipekosgb.com.tr\/wp-content\/uploads\/2025\/08\/1-1-12-1536x1024.jpg 1536w, https:\/\/demo.ipekosgb.com.tr\/wp-content\/uploads\/2025\/08\/1-1-12-300x200.jpg 300w, https:\/\/demo.ipekosgb.com.tr\/wp-content\/uploads\/2025\/08\/1-1-12-1024x683.jpg 1024w, https:\/\/demo.ipekosgb.com.tr\/wp-content\/uploads\/2025\/08\/1-1-12-768x512.jpg 768w, https:\/\/demo.ipekosgb.com.tr\/wp-content\/uploads\/2025\/08\/1-1-12.jpg 2048w\" sizes=\"(max-width: 1536px) 100vw, 1536px\" \/>\t\t\t\t\t\t\t\t\t\t\t\t\t\t\t<\/div>\n\t\t\t\t\t<\/div>\n\t\t\t\t<\/div>\n\t\t<div class=\"elementor-element elementor-element-38bf4f9 e-flex e-con-boxed e-con e-parent\" data-id=\"38bf4f9\" data-element_type=\"container\">\n\t\t\t\t\t<div class=\"e-con-inner\">\n\t\t\t\t\t<\/div>\n\t\t\t\t<\/div>\n\t\t<div class=\"elementor-element elementor-element-9273f80 e-flex e-con-boxed e-con e-parent\" data-id=\"9273f80\" data-element_type=\"container\">\n\t\t\t\t\t<div class=\"e-con-inner\">\n\t\t\t\t<div class=\"elementor-element elementor-element-e006954 elementor-widget elementor-widget-text-editor\" data-id=\"e006954\" data-element_type=\"widget\" data-widget_type=\"text-editor.default\">\n\t\t\t\t\t\t\t\t\t<p>\u00a0<\/p><h2>Bas\u0131n\u00e7l\u0131 Kaplar\u0131n Periyodik Kontrol\u00fc<\/h2><p>Bas\u0131n\u00e7l\u0131 kap ekipmanlar\u0131, kullan\u0131m hatalar\u0131 veya bak\u0131m eksiklikleri nedeniyle i\u015fletmelerde ciddi <strong>maddi ve manevi kay\u0131plara<\/strong> yol a\u00e7abilmektedir. Bu t\u00fcr kazalar\u0131n \u00f6n\u00fcne ge\u00e7ebilmek i\u00e7in, bas\u0131n\u00e7l\u0131 kaplar\u0131n d\u00fczenli olarak periyodik kontrol ve bak\u0131m\u0131n\u0131n yap\u0131lmas\u0131 hem <strong>yasal bir zorunluluk<\/strong> hem de <strong>g\u00fcvenli \u00e7al\u0131\u015fma ko\u015fullar\u0131n\u0131n sa\u011flanmas\u0131<\/strong> a\u00e7\u0131s\u0131ndan b\u00fcy\u00fck \u00f6nem ta\u015f\u0131maktad\u0131r.<\/p><h3>Bas\u0131n\u00e7l\u0131 Kap Nedir?<\/h3><p>Bas\u0131n\u00e7l\u0131 kap, i\u00e7 bas\u0131nc\u0131 <strong>0,5 bar \u00fczerinde olan<\/strong>, genellikle <strong>hava veya gaz ile doldurulan<\/strong> ve bas\u0131n\u00e7 alt\u0131nda \u00e7al\u0131\u015fan ekipmanlara verilen genel isimdir. Kazan daireleri bu ekipmanlar\u0131n en yayg\u0131n kullan\u0131ld\u0131\u011f\u0131 alanlard\u0131r.<\/p><h3>Yasal Dayanak<\/h3><p>Bas\u0131n\u00e7l\u0131 kaplar\u0131n periyodik kontrolleri, <strong>6331 Say\u0131l\u0131 \u0130\u015f Sa\u011fl\u0131\u011f\u0131 ve G\u00fcvenli\u011fi Kanunu<\/strong> kapsam\u0131nda, <strong>25.04.2013 tarih ve 28628 say\u0131l\u0131 Resm\u00ee Gazete<\/strong>\u2019de yay\u0131mlanarak y\u00fcr\u00fcrl\u00fc\u011fe giren &#8220;<strong>\u0130\u015f Ekipmanlar\u0131n\u0131n Kullan\u0131m\u0131nda Sa\u011fl\u0131k ve G\u00fcvenlik \u015eartlar\u0131 Y\u00f6netmeli\u011fi<\/strong>&#8221; gere\u011fince yap\u0131lmas\u0131 zorunludur.<\/p><h3>Periyodik Kontrol\u00fcn Amac\u0131<\/h3><ul><li><p>Cihaz\u0131n g\u00fcvenli ve verimli \u00e7al\u0131\u015fmas\u0131n\u0131 sa\u011flamak<\/p><\/li><li><p>Olas\u0131 ar\u0131zalar\u0131n ve kazalar\u0131n \u00f6n\u00fcne ge\u00e7mek<\/p><\/li><li><p>Tehlikeli durumlar\u0131 erken tespit etmek<\/p><\/li><li><p>Ekipman\u0131n \u00f6mr\u00fcn\u00fc uzatmak<\/p><\/li><li><p>Yasal gerekliliklere uygunlu\u011fu sa\u011flamak<\/p><\/li><\/ul><h3>Periyodik Kontrol Nas\u0131l Yap\u0131l\u0131r?<\/h3><ul><li><p><strong>Bas\u0131n\u00e7l\u0131 kaplar ve donan\u0131mlar\u0131<\/strong> kontrol plan\u0131 do\u011frultusunda detayl\u0131 olarak incelenir.<\/p><\/li><li><p>G\u00f6zle muayene, s\u0131zd\u0131rmazl\u0131k testleri, hidrostatik test gibi y\u00f6ntemler uygulan\u0131r.<\/p><\/li><li><p>Emniyet ventilleri, manometreler ve bas\u0131n\u00e7 kontrol ekipmanlar\u0131n\u0131n durumu de\u011ferlendirilir.<\/p><\/li><li><p>TS EN ve ilgili uluslararas\u0131 standartlara uygunluk kontrol\u00fc yap\u0131l\u0131r.<\/p><\/li><li><p>Elde edilen veriler \u0131\u015f\u0131\u011f\u0131nda uygunsuzluklar raporlan\u0131r ve \u00e7\u00f6z\u00fcm \u00f6nerileri sunulur.<\/p><\/li><\/ul><h3>Periyodik Kontrol\u00fc Yap\u0131lan Ba\u015fl\u0131ca Bas\u0131n\u00e7l\u0131 Kap Ekipmanlar\u0131<\/h3><ul><li><p><strong>Buhar Kazanlar\u0131<\/strong><\/p><\/li><li><p><strong>Kalorifer Kazanlar\u0131<\/strong><\/p><\/li><li><p><strong>S\u0131cak Su Kazanlar\u0131<\/strong><\/p><\/li><li><p><strong>Genle\u015fme Tanklar\u0131<\/strong><\/p><\/li><li><p><strong>Hava Tanklar\u0131<\/strong><\/p><\/li><li><p><strong>Hidrofor Tanklar\u0131<\/strong><\/p><\/li><li><p><strong>Kriyojenik Tanklar<\/strong><\/p><\/li><li><p><strong>Otoklavlar<\/strong><\/p><\/li><li><p><strong>Kompres\u00f6r Hava Tanklar\u0131<\/strong><\/p><\/li><li><p><strong>LPG ve CNG Depolama Tesisleri<\/strong><\/p><\/li><\/ul><p>\u00a0<\/p>\t\t\t\t\t\t\t\t<\/div>\n\t\t\t\t\t<\/div>\n\t\t\t\t<\/div>\n\t\t\t\t<\/div>\n\t\t","protected":false},"excerpt":{"rendered":"<p>\u00a0 Bas\u0131n\u00e7l\u0131 Kaplar\u0131n Periyodik Kontrol\u00fc Bas\u0131n\u00e7l\u0131 kap ekipmanlar\u0131, kullan\u0131m hatalar\u0131 veya bak\u0131m eksiklikleri nedeniyle i\u015fletmelerde ciddi maddi ve manevi kay\u0131plara yol a\u00e7abilmektedir. Bu t\u00fcr kazalar\u0131n \u00f6n\u00fcne ge\u00e7ebilmek i\u00e7in, bas\u0131n\u00e7l\u0131 kaplar\u0131n d\u00fczenli olarak periyodik kontrol ve bak\u0131m\u0131n\u0131n yap\u0131lmas\u0131 hem yasal bir zorunluluk hem de g\u00fcvenli \u00e7al\u0131\u015fma ko\u015fullar\u0131n\u0131n sa\u011flanmas\u0131 a\u00e7\u0131s\u0131ndan b\u00fcy\u00fck \u00f6nem ta\u015f\u0131maktad\u0131r. Bas\u0131n\u00e7l\u0131 Kap Nedir? Bas\u0131n\u00e7l\u0131 [&hellip;]<\/p>\n","protected":false},"author":1,"featured_media":0,"parent":0,"menu_order":0,"comment_status":"closed","ping_status":"closed","template":"","meta":{"footnotes":""},"class_list":["post-262","page","type-page","status-publish","hentry"],"blocksy_meta":[],"yoast_head":"<!-- This site is optimized with the Yoast SEO plugin v25.6 - https:\/\/yoast.com\/wordpress\/plugins\/seo\/ -->\n<title>Bas\u0131n\u00e7l\u0131 Kaplar\u0131n Periyodik Kontrol\u00fc -<\/title>\n<meta name=\"robots\" content=\"index, follow, max-snippet:-1, max-image-preview:large, max-video-preview:-1\" \/>\n<link rel=\"canonical\" href=\"https:\/\/demo.ipekosgb.com.tr\/?page_id=262\" \/>\n<meta property=\"og:locale\" content=\"tr_TR\" \/>\n<meta property=\"og:type\" content=\"article\" \/>\n<meta property=\"og:title\" content=\"Bas\u0131n\u00e7l\u0131 Kaplar\u0131n Periyodik Kontrol\u00fc -\" \/>\n<meta property=\"og:description\" content=\"\u00a0 Bas\u0131n\u00e7l\u0131 Kaplar\u0131n Periyodik Kontrol\u00fc Bas\u0131n\u00e7l\u0131 kap ekipmanlar\u0131, kullan\u0131m hatalar\u0131 veya bak\u0131m eksiklikleri nedeniyle i\u015fletmelerde ciddi maddi ve manevi kay\u0131plara yol a\u00e7abilmektedir. Bu t\u00fcr kazalar\u0131n \u00f6n\u00fcne ge\u00e7ebilmek i\u00e7in, bas\u0131n\u00e7l\u0131 kaplar\u0131n d\u00fczenli olarak periyodik kontrol ve bak\u0131m\u0131n\u0131n yap\u0131lmas\u0131 hem yasal bir zorunluluk hem de g\u00fcvenli \u00e7al\u0131\u015fma ko\u015fullar\u0131n\u0131n sa\u011flanmas\u0131 a\u00e7\u0131s\u0131ndan b\u00fcy\u00fck \u00f6nem ta\u015f\u0131maktad\u0131r. Bas\u0131n\u00e7l\u0131 Kap Nedir? Bas\u0131n\u00e7l\u0131 [&hellip;]\" \/>\n<meta property=\"og:url\" content=\"https:\/\/demo.ipekosgb.com.tr\/?page_id=262\" \/>\n<meta property=\"article:modified_time\" content=\"2025-08-07T06:42:58+00:00\" \/>\n<meta property=\"og:image\" content=\"https:\/\/demo.ipekosgb.com.tr\/wp-content\/uploads\/2025\/08\/1-1-12.jpg\" \/>\n\t<meta property=\"og:image:width\" content=\"2048\" \/>\n\t<meta property=\"og:image:height\" content=\"1365\" \/>\n\t<meta property=\"og:image:type\" content=\"image\/jpeg\" \/>\n<meta name=\"twitter:card\" content=\"summary_large_image\" \/>\n<meta name=\"twitter:label1\" content=\"Tahmini okuma s\u00fcresi\" \/>\n\t<meta name=\"twitter:data1\" content=\"2 dakika\" \/>\n<script type=\"application\/ld+json\" class=\"yoast-schema-graph\">{\"@context\":\"https:\/\/schema.org\",\"@graph\":[{\"@type\":\"WebPage\",\"@id\":\"https:\/\/demo.ipekosgb.com.tr\/?page_id=262\",\"url\":\"https:\/\/demo.ipekosgb.com.tr\/?page_id=262\",\"name\":\"Bas\u0131n\u00e7l\u0131 Kaplar\u0131n Periyodik Kontrol\u00fc -\",\"isPartOf\":{\"@id\":\"https:\/\/demo.ipekosgb.com.tr\/#website\"},\"primaryImageOfPage\":{\"@id\":\"https:\/\/demo.ipekosgb.com.tr\/?page_id=262#primaryimage\"},\"image\":{\"@id\":\"https:\/\/demo.ipekosgb.com.tr\/?page_id=262#primaryimage\"},\"thumbnailUrl\":\"https:\/\/demo.ipekosgb.com.tr\/wp-content\/uploads\/2025\/08\/1-1-12-1536x1024.jpg\",\"datePublished\":\"2025-08-07T06:40:33+00:00\",\"dateModified\":\"2025-08-07T06:42:58+00:00\",\"breadcrumb\":{\"@id\":\"https:\/\/demo.ipekosgb.com.tr\/?page_id=262#breadcrumb\"},\"inLanguage\":\"tr\",\"potentialAction\":[{\"@type\":\"ReadAction\",\"target\":[\"https:\/\/demo.ipekosgb.com.tr\/?page_id=262\"]}]},{\"@type\":\"ImageObject\",\"inLanguage\":\"tr\",\"@id\":\"https:\/\/demo.ipekosgb.com.tr\/?page_id=262#primaryimage\",\"url\":\"https:\/\/demo.ipekosgb.com.tr\/wp-content\/uploads\/2025\/08\/1-1-12.jpg\",\"contentUrl\":\"https:\/\/demo.ipekosgb.com.tr\/wp-content\/uploads\/2025\/08\/1-1-12.jpg\",\"width\":2048,\"height\":1365,\"caption\":\"Engineers inspect the completed air conditioning and water systems to continue verifying their functionality.\"},{\"@type\":\"BreadcrumbList\",\"@id\":\"https:\/\/demo.ipekosgb.com.tr\/?page_id=262#breadcrumb\",\"itemListElement\":[{\"@type\":\"ListItem\",\"position\":1,\"name\":\"Anasayfa\",\"item\":\"https:\/\/demo.ipekosgb.com.tr\/\"},{\"@type\":\"ListItem\",\"position\":2,\"name\":\"Bas\u0131n\u00e7l\u0131 Kaplar\u0131n Periyodik Kontrol\u00fc\"}]},{\"@type\":\"WebSite\",\"@id\":\"https:\/\/demo.ipekosgb.com.tr\/#website\",\"url\":\"https:\/\/demo.ipekosgb.com.tr\/\",\"name\":\"\",\"description\":\"\",\"potentialAction\":[{\"@type\":\"SearchAction\",\"target\":{\"@type\":\"EntryPoint\",\"urlTemplate\":\"https:\/\/demo.ipekosgb.com.tr\/?s={search_term_string}\"},\"query-input\":{\"@type\":\"PropertyValueSpecification\",\"valueRequired\":true,\"valueName\":\"search_term_string\"}}],\"inLanguage\":\"tr\"}]}<\/script>\n<!-- \/ Yoast SEO plugin. -->","yoast_head_json":{"title":"Bas\u0131n\u00e7l\u0131 Kaplar\u0131n Periyodik Kontrol\u00fc -","robots":{"index":"index","follow":"follow","max-snippet":"max-snippet:-1","max-image-preview":"max-image-preview:large","max-video-preview":"max-video-preview:-1"},"canonical":"https:\/\/demo.ipekosgb.com.tr\/?page_id=262","og_locale":"tr_TR","og_type":"article","og_title":"Bas\u0131n\u00e7l\u0131 Kaplar\u0131n Periyodik Kontrol\u00fc -","og_description":"\u00a0 Bas\u0131n\u00e7l\u0131 Kaplar\u0131n Periyodik Kontrol\u00fc Bas\u0131n\u00e7l\u0131 kap ekipmanlar\u0131, kullan\u0131m hatalar\u0131 veya bak\u0131m eksiklikleri nedeniyle i\u015fletmelerde ciddi maddi ve manevi kay\u0131plara yol a\u00e7abilmektedir. Bu t\u00fcr kazalar\u0131n \u00f6n\u00fcne ge\u00e7ebilmek i\u00e7in, bas\u0131n\u00e7l\u0131 kaplar\u0131n d\u00fczenli olarak periyodik kontrol ve bak\u0131m\u0131n\u0131n yap\u0131lmas\u0131 hem yasal bir zorunluluk hem de g\u00fcvenli \u00e7al\u0131\u015fma ko\u015fullar\u0131n\u0131n sa\u011flanmas\u0131 a\u00e7\u0131s\u0131ndan b\u00fcy\u00fck \u00f6nem ta\u015f\u0131maktad\u0131r. Bas\u0131n\u00e7l\u0131 Kap Nedir? Bas\u0131n\u00e7l\u0131 [&hellip;]","og_url":"https:\/\/demo.ipekosgb.com.tr\/?page_id=262","article_modified_time":"2025-08-07T06:42:58+00:00","og_image":[{"width":2048,"height":1365,"url":"https:\/\/demo.ipekosgb.com.tr\/wp-content\/uploads\/2025\/08\/1-1-12.jpg","type":"image\/jpeg"}],"twitter_card":"summary_large_image","twitter_misc":{"Tahmini okuma s\u00fcresi":"2 dakika"},"schema":{"@context":"https:\/\/schema.org","@graph":[{"@type":"WebPage","@id":"https:\/\/demo.ipekosgb.com.tr\/?page_id=262","url":"https:\/\/demo.ipekosgb.com.tr\/?page_id=262","name":"Bas\u0131n\u00e7l\u0131 Kaplar\u0131n Periyodik Kontrol\u00fc -","isPartOf":{"@id":"https:\/\/demo.ipekosgb.com.tr\/#website"},"primaryImageOfPage":{"@id":"https:\/\/demo.ipekosgb.com.tr\/?page_id=262#primaryimage"},"image":{"@id":"https:\/\/demo.ipekosgb.com.tr\/?page_id=262#primaryimage"},"thumbnailUrl":"https:\/\/demo.ipekosgb.com.tr\/wp-content\/uploads\/2025\/08\/1-1-12-1536x1024.jpg","datePublished":"2025-08-07T06:40:33+00:00","dateModified":"2025-08-07T06:42:58+00:00","breadcrumb":{"@id":"https:\/\/demo.ipekosgb.com.tr\/?page_id=262#breadcrumb"},"inLanguage":"tr","potentialAction":[{"@type":"ReadAction","target":["https:\/\/demo.ipekosgb.com.tr\/?page_id=262"]}]},{"@type":"ImageObject","inLanguage":"tr","@id":"https:\/\/demo.ipekosgb.com.tr\/?page_id=262#primaryimage","url":"https:\/\/demo.ipekosgb.com.tr\/wp-content\/uploads\/2025\/08\/1-1-12.jpg","contentUrl":"https:\/\/demo.ipekosgb.com.tr\/wp-content\/uploads\/2025\/08\/1-1-12.jpg","width":2048,"height":1365,"caption":"Engineers inspect the completed air conditioning and water systems to continue verifying their functionality."},{"@type":"BreadcrumbList","@id":"https:\/\/demo.ipekosgb.com.tr\/?page_id=262#breadcrumb","itemListElement":[{"@type":"ListItem","position":1,"name":"Anasayfa","item":"https:\/\/demo.ipekosgb.com.tr\/"},{"@type":"ListItem","position":2,"name":"Bas\u0131n\u00e7l\u0131 Kaplar\u0131n Periyodik Kontrol\u00fc"}]},{"@type":"WebSite","@id":"https:\/\/demo.ipekosgb.com.tr\/#website","url":"https:\/\/demo.ipekosgb.com.tr\/","name":"","description":"","potentialAction":[{"@type":"SearchAction","target":{"@type":"EntryPoint","urlTemplate":"https:\/\/demo.ipekosgb.com.tr\/?s={search_term_string}"},"query-input":{"@type":"PropertyValueSpecification","valueRequired":true,"valueName":"search_term_string"}}],"inLanguage":"tr"}]}},"_links":{"self":[{"href":"https:\/\/demo.ipekosgb.com.tr\/index.php?rest_route=\/wp\/v2\/pages\/262","targetHints":{"allow":["GET"]}}],"collection":[{"href":"https:\/\/demo.ipekosgb.com.tr\/index.php?rest_route=\/wp\/v2\/pages"}],"about":[{"href":"https:\/\/demo.ipekosgb.com.tr\/index.php?rest_route=\/wp\/v2\/types\/page"}],"author":[{"embeddable":true,"href":"https:\/\/demo.ipekosgb.com.tr\/index.php?rest_route=\/wp\/v2\/users\/1"}],"replies":[{"embeddable":true,"href":"https:\/\/demo.ipekosgb.com.tr\/index.php?rest_route=%2Fwp%2Fv2%2Fcomments&post=262"}],"version-history":[{"count":7,"href":"https:\/\/demo.ipekosgb.com.tr\/index.php?rest_route=\/wp\/v2\/pages\/262\/revisions"}],"predecessor-version":[{"id":270,"href":"https:\/\/demo.ipekosgb.com.tr\/index.php?rest_route=\/wp\/v2\/pages\/262\/revisions\/270"}],"wp:attachment":[{"href":"https:\/\/demo.ipekosgb.com.tr\/index.php?rest_route=%2Fwp%2Fv2%2Fmedia&parent=262"}],"curies":[{"name":"wp","href":"https:\/\/api.w.org\/{rel}","templated":true}]}}