{"id":308,"date":"2025-08-07T07:01:09","date_gmt":"2025-08-07T07:01:09","guid":{"rendered":"https:\/\/demo.ipekosgb.com.tr\/?page_id=308"},"modified":"2025-08-07T07:02:03","modified_gmt":"2025-08-07T07:02:03","slug":"kisiselvocmaruziyetolcumu","status":"publish","type":"page","link":"https:\/\/demo.ipekosgb.com.tr\/?page_id=308","title":{"rendered":"Ki\u015fisel VOC Maruziyet \u00d6l\u00e7\u00fcm\u00fc"},"content":{"rendered":"\t\t<div data-elementor-type=\"wp-page\" data-elementor-id=\"308\" class=\"elementor elementor-308\">\n\t\t\t\t<div class=\"elementor-element elementor-element-b71dc17 e-flex e-con-boxed e-con e-parent\" data-id=\"b71dc17\" data-element_type=\"container\">\n\t\t\t\t\t<div class=\"e-con-inner\">\n\t\t\t\t<div class=\"elementor-element elementor-element-8480dea elementor-widget__width-auto elementor-widget elementor-widget-image\" data-id=\"8480dea\" data-element_type=\"widget\" data-widget_type=\"image.default\">\n\t\t\t\t\t\t\t\t\t\t\t\t\t\t\t<img fetchpriority=\"high\" decoding=\"async\" width=\"1536\" height=\"1025\" src=\"https:\/\/demo.ipekosgb.com.tr\/wp-content\/uploads\/2025\/08\/1-1-19-1536x1025.jpg\" class=\"attachment-1536x1536 size-1536x1536 wp-image-310\" alt=\"\" srcset=\"https:\/\/demo.ipekosgb.com.tr\/wp-content\/uploads\/2025\/08\/1-1-19-1536x1025.jpg 1536w, https:\/\/demo.ipekosgb.com.tr\/wp-content\/uploads\/2025\/08\/1-1-19-300x200.jpg 300w, https:\/\/demo.ipekosgb.com.tr\/wp-content\/uploads\/2025\/08\/1-1-19-1024x683.jpg 1024w, https:\/\/demo.ipekosgb.com.tr\/wp-content\/uploads\/2025\/08\/1-1-19-768x512.jpg 768w, https:\/\/demo.ipekosgb.com.tr\/wp-content\/uploads\/2025\/08\/1-1-19.jpg 2048w\" sizes=\"(max-width: 1536px) 100vw, 1536px\" \/>\t\t\t\t\t\t\t\t\t\t\t\t\t\t\t<\/div>\n\t\t\t\t\t<\/div>\n\t\t\t\t<\/div>\n\t\t<div class=\"elementor-element elementor-element-38bf4f9 e-flex e-con-boxed e-con e-parent\" data-id=\"38bf4f9\" data-element_type=\"container\">\n\t\t\t\t\t<div class=\"e-con-inner\">\n\t\t\t\t\t<\/div>\n\t\t\t\t<\/div>\n\t\t<div class=\"elementor-element elementor-element-9273f80 e-flex e-con-boxed e-con e-parent\" data-id=\"9273f80\" data-element_type=\"container\">\n\t\t\t\t\t<div class=\"e-con-inner\">\n\t\t\t\t<div class=\"elementor-element elementor-element-e006954 elementor-widget elementor-widget-text-editor\" data-id=\"e006954\" data-element_type=\"widget\" data-widget_type=\"text-editor.default\">\n\t\t\t\t\t\t\t\t\t<h2 data-start=\"122\" data-end=\"166\">U\u00e7ucu Organik Bile\u015fik (VOC) \u00d6l\u00e7\u00fcm\u00fc Nedir?<\/h2><p data-start=\"168\" data-end=\"615\">U\u00e7ucu Organik Bile\u015fikler (VOC), hem insan sa\u011fl\u0131\u011f\u0131 a\u00e7\u0131s\u0131ndan zararl\u0131 (kanserojen, mutajen vb.) hem de yan\u0131c\u0131, parlay\u0131c\u0131 ve patlay\u0131c\u0131 \u00f6zellikte olabilen organik kimyasal maddelerdir. \u00c7al\u0131\u015fanlar\u0131n bu maddelere maruziyet d\u00fczeyini belirlemek i\u00e7in, 8 saatlik standart bir \u00e7al\u0131\u015fma s\u00fcresi referans al\u0131narak ki\u015fisel VOC maruziyeti \u00f6l\u00e7\u00fcm\u00fc yap\u0131l\u0131r. Ayr\u0131ca, i\u015fyeri ortam\u0131ndaki VOC konsantrasyonlar\u0131n\u0131n tespiti i\u00e7in ortam havas\u0131nda VOC \u00f6l\u00e7\u00fcm\u00fc ger\u00e7ekle\u015ftirilir.<\/p><hr data-start=\"617\" data-end=\"620\" \/><h2 data-start=\"622\" data-end=\"650\">VOC \u00d6l\u00e7\u00fcm\u00fc Nas\u0131l Yap\u0131l\u0131r?<\/h2><p data-start=\"652\" data-end=\"975\">VOC \u00f6l\u00e7\u00fcmleri, alan\u0131nda uzman ve e\u011fitimli personel taraf\u0131ndan, kalibrasyonu periyodik olarak yap\u0131lan <strong data-start=\"753\" data-end=\"774\">iyon dedekt\u00f6rleri<\/strong> (ionization detectors) kullan\u0131larak ger\u00e7ekle\u015ftirilir. Bu \u00f6l\u00e7\u00fcmler sayesinde, hem \u00e7al\u0131\u015fanlar\u0131n ki\u015fisel maruziyet seviyeleri hem de \u00e7al\u0131\u015fma ortam\u0131n\u0131n genel hava kalitesi objektif olarak de\u011ferlendirilir.<\/p>\t\t\t\t\t\t\t\t<\/div>\n\t\t\t\t\t<\/div>\n\t\t\t\t<\/div>\n\t\t\t\t<\/div>\n\t\t","protected":false},"excerpt":{"rendered":"<p>U\u00e7ucu Organik Bile\u015fik (VOC) \u00d6l\u00e7\u00fcm\u00fc Nedir? U\u00e7ucu Organik Bile\u015fikler (VOC), hem insan sa\u011fl\u0131\u011f\u0131 a\u00e7\u0131s\u0131ndan zararl\u0131 (kanserojen, mutajen vb.) hem de yan\u0131c\u0131, parlay\u0131c\u0131 ve patlay\u0131c\u0131 \u00f6zellikte olabilen organik kimyasal maddelerdir. \u00c7al\u0131\u015fanlar\u0131n bu maddelere maruziyet d\u00fczeyini belirlemek i\u00e7in, 8 saatlik standart bir \u00e7al\u0131\u015fma s\u00fcresi referans al\u0131narak ki\u015fisel VOC maruziyeti \u00f6l\u00e7\u00fcm\u00fc yap\u0131l\u0131r. Ayr\u0131ca, i\u015fyeri ortam\u0131ndaki VOC konsantrasyonlar\u0131n\u0131n tespiti [&hellip;]<\/p>\n","protected":false},"author":1,"featured_media":0,"parent":0,"menu_order":0,"comment_status":"closed","ping_status":"closed","template":"","meta":{"footnotes":""},"class_list":["post-308","page","type-page","status-publish","hentry"],"blocksy_meta":[],"yoast_head":"<!-- This site is optimized with the Yoast SEO plugin v25.6 - https:\/\/yoast.com\/wordpress\/plugins\/seo\/ -->\n<title>Ki\u015fisel VOC Maruziyet \u00d6l\u00e7\u00fcm\u00fc -<\/title>\n<meta name=\"robots\" content=\"index, follow, max-snippet:-1, max-image-preview:large, max-video-preview:-1\" \/>\n<link rel=\"canonical\" href=\"https:\/\/demo.ipekosgb.com.tr\/?page_id=308\" \/>\n<meta property=\"og:locale\" content=\"tr_TR\" \/>\n<meta property=\"og:type\" content=\"article\" \/>\n<meta property=\"og:title\" content=\"Ki\u015fisel VOC Maruziyet \u00d6l\u00e7\u00fcm\u00fc -\" \/>\n<meta property=\"og:description\" content=\"U\u00e7ucu Organik Bile\u015fik (VOC) \u00d6l\u00e7\u00fcm\u00fc Nedir? U\u00e7ucu Organik Bile\u015fikler (VOC), hem insan sa\u011fl\u0131\u011f\u0131 a\u00e7\u0131s\u0131ndan zararl\u0131 (kanserojen, mutajen vb.) hem de yan\u0131c\u0131, parlay\u0131c\u0131 ve patlay\u0131c\u0131 \u00f6zellikte olabilen organik kimyasal maddelerdir. \u00c7al\u0131\u015fanlar\u0131n bu maddelere maruziyet d\u00fczeyini belirlemek i\u00e7in, 8 saatlik standart bir \u00e7al\u0131\u015fma s\u00fcresi referans al\u0131narak ki\u015fisel VOC maruziyeti \u00f6l\u00e7\u00fcm\u00fc yap\u0131l\u0131r. Ayr\u0131ca, i\u015fyeri ortam\u0131ndaki VOC konsantrasyonlar\u0131n\u0131n tespiti [&hellip;]\" \/>\n<meta property=\"og:url\" content=\"https:\/\/demo.ipekosgb.com.tr\/?page_id=308\" \/>\n<meta property=\"article:modified_time\" content=\"2025-08-07T07:02:03+00:00\" \/>\n<meta property=\"og:image\" content=\"https:\/\/demo.ipekosgb.com.tr\/wp-content\/uploads\/2025\/08\/1-1-19.jpg\" \/>\n\t<meta property=\"og:image:width\" content=\"2048\" \/>\n\t<meta property=\"og:image:height\" content=\"1366\" \/>\n\t<meta property=\"og:image:type\" content=\"image\/jpeg\" \/>\n<meta name=\"twitter:card\" content=\"summary_large_image\" \/>\n<meta name=\"twitter:label1\" content=\"Tahmini okuma s\u00fcresi\" \/>\n\t<meta name=\"twitter:data1\" content=\"1 dakika\" \/>\n<script type=\"application\/ld+json\" class=\"yoast-schema-graph\">{\"@context\":\"https:\/\/schema.org\",\"@graph\":[{\"@type\":\"WebPage\",\"@id\":\"https:\/\/demo.ipekosgb.com.tr\/?page_id=308\",\"url\":\"https:\/\/demo.ipekosgb.com.tr\/?page_id=308\",\"name\":\"Ki\u015fisel VOC Maruziyet \u00d6l\u00e7\u00fcm\u00fc -\",\"isPartOf\":{\"@id\":\"https:\/\/demo.ipekosgb.com.tr\/#website\"},\"primaryImageOfPage\":{\"@id\":\"https:\/\/demo.ipekosgb.com.tr\/?page_id=308#primaryimage\"},\"image\":{\"@id\":\"https:\/\/demo.ipekosgb.com.tr\/?page_id=308#primaryimage\"},\"thumbnailUrl\":\"https:\/\/demo.ipekosgb.com.tr\/wp-content\/uploads\/2025\/08\/1-1-19-1536x1025.jpg\",\"datePublished\":\"2025-08-07T07:01:09+00:00\",\"dateModified\":\"2025-08-07T07:02:03+00:00\",\"breadcrumb\":{\"@id\":\"https:\/\/demo.ipekosgb.com.tr\/?page_id=308#breadcrumb\"},\"inLanguage\":\"tr\",\"potentialAction\":[{\"@type\":\"ReadAction\",\"target\":[\"https:\/\/demo.ipekosgb.com.tr\/?page_id=308\"]}]},{\"@type\":\"ImageObject\",\"inLanguage\":\"tr\",\"@id\":\"https:\/\/demo.ipekosgb.com.tr\/?page_id=308#primaryimage\",\"url\":\"https:\/\/demo.ipekosgb.com.tr\/wp-content\/uploads\/2025\/08\/1-1-19.jpg\",\"contentUrl\":\"https:\/\/demo.ipekosgb.com.tr\/wp-content\/uploads\/2025\/08\/1-1-19.jpg\",\"width\":2048,\"height\":1366,\"caption\":\"Scientists biologists and researchers in protective suits taking water samples from waste water from industrial. Experts analyze the water in a contaminated environment.\"},{\"@type\":\"BreadcrumbList\",\"@id\":\"https:\/\/demo.ipekosgb.com.tr\/?page_id=308#breadcrumb\",\"itemListElement\":[{\"@type\":\"ListItem\",\"position\":1,\"name\":\"Anasayfa\",\"item\":\"https:\/\/demo.ipekosgb.com.tr\/\"},{\"@type\":\"ListItem\",\"position\":2,\"name\":\"Ki\u015fisel VOC Maruziyet \u00d6l\u00e7\u00fcm\u00fc\"}]},{\"@type\":\"WebSite\",\"@id\":\"https:\/\/demo.ipekosgb.com.tr\/#website\",\"url\":\"https:\/\/demo.ipekosgb.com.tr\/\",\"name\":\"\",\"description\":\"\",\"potentialAction\":[{\"@type\":\"SearchAction\",\"target\":{\"@type\":\"EntryPoint\",\"urlTemplate\":\"https:\/\/demo.ipekosgb.com.tr\/?s={search_term_string}\"},\"query-input\":{\"@type\":\"PropertyValueSpecification\",\"valueRequired\":true,\"valueName\":\"search_term_string\"}}],\"inLanguage\":\"tr\"}]}<\/script>\n<!-- \/ Yoast SEO plugin. -->","yoast_head_json":{"title":"Ki\u015fisel VOC Maruziyet \u00d6l\u00e7\u00fcm\u00fc -","robots":{"index":"index","follow":"follow","max-snippet":"max-snippet:-1","max-image-preview":"max-image-preview:large","max-video-preview":"max-video-preview:-1"},"canonical":"https:\/\/demo.ipekosgb.com.tr\/?page_id=308","og_locale":"tr_TR","og_type":"article","og_title":"Ki\u015fisel VOC Maruziyet \u00d6l\u00e7\u00fcm\u00fc -","og_description":"U\u00e7ucu Organik Bile\u015fik (VOC) \u00d6l\u00e7\u00fcm\u00fc Nedir? U\u00e7ucu Organik Bile\u015fikler (VOC), hem insan sa\u011fl\u0131\u011f\u0131 a\u00e7\u0131s\u0131ndan zararl\u0131 (kanserojen, mutajen vb.) hem de yan\u0131c\u0131, parlay\u0131c\u0131 ve patlay\u0131c\u0131 \u00f6zellikte olabilen organik kimyasal maddelerdir. \u00c7al\u0131\u015fanlar\u0131n bu maddelere maruziyet d\u00fczeyini belirlemek i\u00e7in, 8 saatlik standart bir \u00e7al\u0131\u015fma s\u00fcresi referans al\u0131narak ki\u015fisel VOC maruziyeti \u00f6l\u00e7\u00fcm\u00fc yap\u0131l\u0131r. Ayr\u0131ca, i\u015fyeri ortam\u0131ndaki VOC konsantrasyonlar\u0131n\u0131n tespiti [&hellip;]","og_url":"https:\/\/demo.ipekosgb.com.tr\/?page_id=308","article_modified_time":"2025-08-07T07:02:03+00:00","og_image":[{"width":2048,"height":1366,"url":"https:\/\/demo.ipekosgb.com.tr\/wp-content\/uploads\/2025\/08\/1-1-19.jpg","type":"image\/jpeg"}],"twitter_card":"summary_large_image","twitter_misc":{"Tahmini okuma s\u00fcresi":"1 dakika"},"schema":{"@context":"https:\/\/schema.org","@graph":[{"@type":"WebPage","@id":"https:\/\/demo.ipekosgb.com.tr\/?page_id=308","url":"https:\/\/demo.ipekosgb.com.tr\/?page_id=308","name":"Ki\u015fisel VOC Maruziyet \u00d6l\u00e7\u00fcm\u00fc -","isPartOf":{"@id":"https:\/\/demo.ipekosgb.com.tr\/#website"},"primaryImageOfPage":{"@id":"https:\/\/demo.ipekosgb.com.tr\/?page_id=308#primaryimage"},"image":{"@id":"https:\/\/demo.ipekosgb.com.tr\/?page_id=308#primaryimage"},"thumbnailUrl":"https:\/\/demo.ipekosgb.com.tr\/wp-content\/uploads\/2025\/08\/1-1-19-1536x1025.jpg","datePublished":"2025-08-07T07:01:09+00:00","dateModified":"2025-08-07T07:02:03+00:00","breadcrumb":{"@id":"https:\/\/demo.ipekosgb.com.tr\/?page_id=308#breadcrumb"},"inLanguage":"tr","potentialAction":[{"@type":"ReadAction","target":["https:\/\/demo.ipekosgb.com.tr\/?page_id=308"]}]},{"@type":"ImageObject","inLanguage":"tr","@id":"https:\/\/demo.ipekosgb.com.tr\/?page_id=308#primaryimage","url":"https:\/\/demo.ipekosgb.com.tr\/wp-content\/uploads\/2025\/08\/1-1-19.jpg","contentUrl":"https:\/\/demo.ipekosgb.com.tr\/wp-content\/uploads\/2025\/08\/1-1-19.jpg","width":2048,"height":1366,"caption":"Scientists biologists and researchers in protective suits taking water samples from waste water from industrial. Experts analyze the water in a contaminated environment."},{"@type":"BreadcrumbList","@id":"https:\/\/demo.ipekosgb.com.tr\/?page_id=308#breadcrumb","itemListElement":[{"@type":"ListItem","position":1,"name":"Anasayfa","item":"https:\/\/demo.ipekosgb.com.tr\/"},{"@type":"ListItem","position":2,"name":"Ki\u015fisel VOC Maruziyet \u00d6l\u00e7\u00fcm\u00fc"}]},{"@type":"WebSite","@id":"https:\/\/demo.ipekosgb.com.tr\/#website","url":"https:\/\/demo.ipekosgb.com.tr\/","name":"","description":"","potentialAction":[{"@type":"SearchAction","target":{"@type":"EntryPoint","urlTemplate":"https:\/\/demo.ipekosgb.com.tr\/?s={search_term_string}"},"query-input":{"@type":"PropertyValueSpecification","valueRequired":true,"valueName":"search_term_string"}}],"inLanguage":"tr"}]}},"_links":{"self":[{"href":"https:\/\/demo.ipekosgb.com.tr\/index.php?rest_route=\/wp\/v2\/pages\/308","targetHints":{"allow":["GET"]}}],"collection":[{"href":"https:\/\/demo.ipekosgb.com.tr\/index.php?rest_route=\/wp\/v2\/pages"}],"about":[{"href":"https:\/\/demo.ipekosgb.com.tr\/index.php?rest_route=\/wp\/v2\/types\/page"}],"author":[{"embeddable":true,"href":"https:\/\/demo.ipekosgb.com.tr\/index.php?rest_route=\/wp\/v2\/users\/1"}],"replies":[{"embeddable":true,"href":"https:\/\/demo.ipekosgb.com.tr\/index.php?rest_route=%2Fwp%2Fv2%2Fcomments&post=308"}],"version-history":[{"count":4,"href":"https:\/\/demo.ipekosgb.com.tr\/index.php?rest_route=\/wp\/v2\/pages\/308\/revisions"}],"predecessor-version":[{"id":313,"href":"https:\/\/demo.ipekosgb.com.tr\/index.php?rest_route=\/wp\/v2\/pages\/308\/revisions\/313"}],"wp:attachment":[{"href":"https:\/\/demo.ipekosgb.com.tr\/index.php?rest_route=%2Fwp%2Fv2%2Fmedia&parent=308"}],"curies":[{"name":"wp","href":"https:\/\/api.w.org\/{rel}","templated":true}]}}