{"id":314,"date":"2025-08-07T07:02:31","date_gmt":"2025-08-07T07:02:31","guid":{"rendered":"https:\/\/demo.ipekosgb.com.tr\/?page_id=314"},"modified":"2025-08-07T07:05:20","modified_gmt":"2025-08-07T07:05:20","slug":"aydinlatmaolcumu","status":"publish","type":"page","link":"https:\/\/demo.ipekosgb.com.tr\/?page_id=314","title":{"rendered":"Ayd\u0131nlatma \u00d6l\u00e7\u00fcm\u00fc"},"content":{"rendered":"\t\t<div data-elementor-type=\"wp-page\" data-elementor-id=\"314\" class=\"elementor elementor-314\">\n\t\t\t\t<div class=\"elementor-element elementor-element-b71dc17 e-flex e-con-boxed e-con e-parent\" data-id=\"b71dc17\" data-element_type=\"container\">\n\t\t\t\t\t<div class=\"e-con-inner\">\n\t\t\t\t<div class=\"elementor-element elementor-element-8480dea elementor-widget__width-auto elementor-widget elementor-widget-image\" data-id=\"8480dea\" data-element_type=\"widget\" data-widget_type=\"image.default\">\n\t\t\t\t\t\t\t\t\t\t\t\t\t\t\t<img fetchpriority=\"high\" decoding=\"async\" width=\"1536\" height=\"1024\" src=\"https:\/\/demo.ipekosgb.com.tr\/wp-content\/uploads\/2025\/08\/1-1-21-1536x1024.jpg\" class=\"attachment-1536x1536 size-1536x1536 wp-image-316\" alt=\"\" srcset=\"https:\/\/demo.ipekosgb.com.tr\/wp-content\/uploads\/2025\/08\/1-1-21-1536x1024.jpg 1536w, https:\/\/demo.ipekosgb.com.tr\/wp-content\/uploads\/2025\/08\/1-1-21-300x200.jpg 300w, https:\/\/demo.ipekosgb.com.tr\/wp-content\/uploads\/2025\/08\/1-1-21-1024x683.jpg 1024w, https:\/\/demo.ipekosgb.com.tr\/wp-content\/uploads\/2025\/08\/1-1-21-768x512.jpg 768w, https:\/\/demo.ipekosgb.com.tr\/wp-content\/uploads\/2025\/08\/1-1-21.jpg 2048w\" sizes=\"(max-width: 1536px) 100vw, 1536px\" \/>\t\t\t\t\t\t\t\t\t\t\t\t\t\t\t<\/div>\n\t\t\t\t\t<\/div>\n\t\t\t\t<\/div>\n\t\t<div class=\"elementor-element elementor-element-38bf4f9 e-flex e-con-boxed e-con e-parent\" data-id=\"38bf4f9\" data-element_type=\"container\">\n\t\t\t\t\t<div class=\"e-con-inner\">\n\t\t\t\t\t<\/div>\n\t\t\t\t<\/div>\n\t\t<div class=\"elementor-element elementor-element-9273f80 e-flex e-con-boxed e-con e-parent\" data-id=\"9273f80\" data-element_type=\"container\">\n\t\t\t\t\t<div class=\"e-con-inner\">\n\t\t\t\t<div class=\"elementor-element elementor-element-e006954 elementor-widget elementor-widget-text-editor\" data-id=\"e006954\" data-element_type=\"widget\" data-widget_type=\"text-editor.default\">\n\t\t\t\t\t\t\t\t\t<h2 data-start=\"101\" data-end=\"121\">Ayd\u0131nlatma \u00d6l\u00e7\u00fcm\u00fc<\/h2><p data-start=\"123\" data-end=\"462\">\u0130\u015f yerlerinde sa\u011fl\u0131kl\u0131 ve verimli \u00e7al\u0131\u015fmalar\u0131n y\u00fcr\u00fct\u00fclebilmesi i\u00e7in ortam ayd\u0131nlatmas\u0131n\u0131n uygun seviyede olmas\u0131 b\u00fcy\u00fck \u00f6nem ta\u015f\u0131r. Ayd\u0131nlatma sistemleri sadece \u00e7al\u0131\u015fanlar\u0131n g\u00f6rsel konforunu sa\u011flamaz, ayn\u0131 zamanda i\u015f performans\u0131n\u0131 ve g\u00fcvenli\u011fini de do\u011frudan etkiler. Bu nedenle, ayd\u0131nlatma \u00f6l\u00e7\u00fcmleri d\u00fczenli ve sorunsuz \u015fekilde yap\u0131lmal\u0131d\u0131r.<\/p><p data-start=\"464\" data-end=\"821\">Ayd\u0131nlatma \u00f6l\u00e7\u00fcmleri, <strong data-start=\"486\" data-end=\"560\">\u0130\u015f Hijyeni \u00d6l\u00e7\u00fcm, Test ve Analiz Laboratuvarlar\u0131 Hakk\u0131ndaki Y\u00f6netmelik<\/strong> \u00e7er\u00e7evesinde ger\u00e7ekle\u015ftirilir. Bu y\u00f6netmelik, i\u015f sa\u011fl\u0131\u011f\u0131 ve g\u00fcvenli\u011fi mevzuat\u0131 kapsam\u0131nda, \u00e7al\u0131\u015fma ortam\u0131ndaki fiziksel, kimyasal ve biyolojik risklerin belirlenmesi amac\u0131yla yap\u0131lan i\u015f hijyeni \u00f6l\u00e7\u00fcm, test ve analizlerine dair usul ve esaslar\u0131 d\u00fczenlemektedir.<\/p><hr data-start=\"823\" data-end=\"826\" \/><h2 data-start=\"828\" data-end=\"867\">Ayd\u0131nlatma \u00d6l\u00e7\u00fcm\u00fc Nerelerde Yap\u0131l\u0131r?<\/h2><p data-start=\"869\" data-end=\"1162\">Y\u00f6netmelik kapsam\u0131nda ayd\u0131nlatma \u00f6l\u00e7\u00fcmleri hem i\u00e7 hem de d\u0131\u015f mekanlarda yap\u0131labilmektedir. \u00d6rne\u011fin; al\u0131\u015fveri\u015f merkezleri, hastaneler, ma\u011fazalar, fabrikalar, ofisler ve bankac\u0131l\u0131k sekt\u00f6r\u00fc gibi \u00e7al\u0131\u015fanlar\u0131n dikkat ve performans\u0131n\u0131n kritik oldu\u011fu t\u00fcm i\u015f yerlerinde ayd\u0131nlatma seviyeleri \u00f6l\u00e7\u00fcl\u00fcr.<\/p><p data-start=\"1164\" data-end=\"1319\">Fabrikalar ve \u00fcretim alanlar\u0131nda ise uygun ayd\u0131nlatma, i\u015f verimlili\u011fini art\u0131r\u0131rken, \u0131\u015f\u0131k sistemlerinin ar\u0131zalanmas\u0131 ciddi g\u00fcvenlik risklerine yol a\u00e7abilir.<\/p><hr data-start=\"1321\" data-end=\"1324\" \/><p data-start=\"1326\" data-end=\"1588\">Deneyimli m\u00fchendislerimiz taraf\u0131ndan ger\u00e7ekle\u015ftirilen \u00f6l\u00e7\u00fcmler sonucunda, firmalara detayl\u0131 ve g\u00fcvenilir ayd\u0131nlatma raporlar\u0131 sunulmaktad\u0131r. Bu sayede, i\u015f yerlerinizde optimum ayd\u0131nlatma ko\u015fullar\u0131 sa\u011flanarak hem \u00e7al\u0131\u015fan sa\u011fl\u0131\u011f\u0131 hem de i\u015f performans\u0131 desteklenir.<\/p>\t\t\t\t\t\t\t\t<\/div>\n\t\t\t\t\t<\/div>\n\t\t\t\t<\/div>\n\t\t\t\t<\/div>\n\t\t","protected":false},"excerpt":{"rendered":"<p>Ayd\u0131nlatma \u00d6l\u00e7\u00fcm\u00fc \u0130\u015f yerlerinde sa\u011fl\u0131kl\u0131 ve verimli \u00e7al\u0131\u015fmalar\u0131n y\u00fcr\u00fct\u00fclebilmesi i\u00e7in ortam ayd\u0131nlatmas\u0131n\u0131n uygun seviyede olmas\u0131 b\u00fcy\u00fck \u00f6nem ta\u015f\u0131r. Ayd\u0131nlatma sistemleri sadece \u00e7al\u0131\u015fanlar\u0131n g\u00f6rsel konforunu sa\u011flamaz, ayn\u0131 zamanda i\u015f performans\u0131n\u0131 ve g\u00fcvenli\u011fini de do\u011frudan etkiler. Bu nedenle, ayd\u0131nlatma \u00f6l\u00e7\u00fcmleri d\u00fczenli ve sorunsuz \u015fekilde yap\u0131lmal\u0131d\u0131r. Ayd\u0131nlatma \u00f6l\u00e7\u00fcmleri, \u0130\u015f Hijyeni \u00d6l\u00e7\u00fcm, Test ve Analiz Laboratuvarlar\u0131 Hakk\u0131ndaki Y\u00f6netmelik \u00e7er\u00e7evesinde [&hellip;]<\/p>\n","protected":false},"author":1,"featured_media":0,"parent":0,"menu_order":0,"comment_status":"closed","ping_status":"closed","template":"","meta":{"footnotes":""},"class_list":["post-314","page","type-page","status-publish","hentry"],"blocksy_meta":[],"yoast_head":"<!-- This site is optimized with the Yoast SEO plugin v25.6 - https:\/\/yoast.com\/wordpress\/plugins\/seo\/ -->\n<title>Ayd\u0131nlatma \u00d6l\u00e7\u00fcm\u00fc -<\/title>\n<meta name=\"robots\" content=\"index, follow, max-snippet:-1, max-image-preview:large, max-video-preview:-1\" \/>\n<link rel=\"canonical\" href=\"https:\/\/demo.ipekosgb.com.tr\/?page_id=314\" \/>\n<meta property=\"og:locale\" content=\"tr_TR\" \/>\n<meta property=\"og:type\" content=\"article\" \/>\n<meta property=\"og:title\" content=\"Ayd\u0131nlatma \u00d6l\u00e7\u00fcm\u00fc -\" \/>\n<meta property=\"og:description\" content=\"Ayd\u0131nlatma \u00d6l\u00e7\u00fcm\u00fc \u0130\u015f yerlerinde sa\u011fl\u0131kl\u0131 ve verimli \u00e7al\u0131\u015fmalar\u0131n y\u00fcr\u00fct\u00fclebilmesi i\u00e7in ortam ayd\u0131nlatmas\u0131n\u0131n uygun seviyede olmas\u0131 b\u00fcy\u00fck \u00f6nem ta\u015f\u0131r. Ayd\u0131nlatma sistemleri sadece \u00e7al\u0131\u015fanlar\u0131n g\u00f6rsel konforunu sa\u011flamaz, ayn\u0131 zamanda i\u015f performans\u0131n\u0131 ve g\u00fcvenli\u011fini de do\u011frudan etkiler. Bu nedenle, ayd\u0131nlatma \u00f6l\u00e7\u00fcmleri d\u00fczenli ve sorunsuz \u015fekilde yap\u0131lmal\u0131d\u0131r. Ayd\u0131nlatma \u00f6l\u00e7\u00fcmleri, \u0130\u015f Hijyeni \u00d6l\u00e7\u00fcm, Test ve Analiz Laboratuvarlar\u0131 Hakk\u0131ndaki Y\u00f6netmelik \u00e7er\u00e7evesinde [&hellip;]\" \/>\n<meta property=\"og:url\" content=\"https:\/\/demo.ipekosgb.com.tr\/?page_id=314\" \/>\n<meta property=\"article:modified_time\" content=\"2025-08-07T07:05:20+00:00\" \/>\n<meta property=\"og:image\" content=\"https:\/\/demo.ipekosgb.com.tr\/wp-content\/uploads\/2025\/08\/1-1-21.jpg\" \/>\n\t<meta property=\"og:image:width\" content=\"2048\" \/>\n\t<meta property=\"og:image:height\" content=\"1365\" \/>\n\t<meta property=\"og:image:type\" content=\"image\/jpeg\" \/>\n<meta name=\"twitter:card\" content=\"summary_large_image\" \/>\n<meta name=\"twitter:label1\" content=\"Tahmini okuma s\u00fcresi\" \/>\n\t<meta name=\"twitter:data1\" content=\"1 dakika\" \/>\n<script type=\"application\/ld+json\" class=\"yoast-schema-graph\">{\"@context\":\"https:\/\/schema.org\",\"@graph\":[{\"@type\":\"WebPage\",\"@id\":\"https:\/\/demo.ipekosgb.com.tr\/?page_id=314\",\"url\":\"https:\/\/demo.ipekosgb.com.tr\/?page_id=314\",\"name\":\"Ayd\u0131nlatma \u00d6l\u00e7\u00fcm\u00fc -\",\"isPartOf\":{\"@id\":\"https:\/\/demo.ipekosgb.com.tr\/#website\"},\"primaryImageOfPage\":{\"@id\":\"https:\/\/demo.ipekosgb.com.tr\/?page_id=314#primaryimage\"},\"image\":{\"@id\":\"https:\/\/demo.ipekosgb.com.tr\/?page_id=314#primaryimage\"},\"thumbnailUrl\":\"https:\/\/demo.ipekosgb.com.tr\/wp-content\/uploads\/2025\/08\/1-1-21-1536x1024.jpg\",\"datePublished\":\"2025-08-07T07:02:31+00:00\",\"dateModified\":\"2025-08-07T07:05:20+00:00\",\"breadcrumb\":{\"@id\":\"https:\/\/demo.ipekosgb.com.tr\/?page_id=314#breadcrumb\"},\"inLanguage\":\"tr\",\"potentialAction\":[{\"@type\":\"ReadAction\",\"target\":[\"https:\/\/demo.ipekosgb.com.tr\/?page_id=314\"]}]},{\"@type\":\"ImageObject\",\"inLanguage\":\"tr\",\"@id\":\"https:\/\/demo.ipekosgb.com.tr\/?page_id=314#primaryimage\",\"url\":\"https:\/\/demo.ipekosgb.com.tr\/wp-content\/uploads\/2025\/08\/1-1-21.jpg\",\"contentUrl\":\"https:\/\/demo.ipekosgb.com.tr\/wp-content\/uploads\/2025\/08\/1-1-21.jpg\",\"width\":2048,\"height\":1365,\"caption\":\"Perspective background of a led panel with neutral light with a degraded blur\"},{\"@type\":\"BreadcrumbList\",\"@id\":\"https:\/\/demo.ipekosgb.com.tr\/?page_id=314#breadcrumb\",\"itemListElement\":[{\"@type\":\"ListItem\",\"position\":1,\"name\":\"Anasayfa\",\"item\":\"https:\/\/demo.ipekosgb.com.tr\/\"},{\"@type\":\"ListItem\",\"position\":2,\"name\":\"Ayd\u0131nlatma \u00d6l\u00e7\u00fcm\u00fc\"}]},{\"@type\":\"WebSite\",\"@id\":\"https:\/\/demo.ipekosgb.com.tr\/#website\",\"url\":\"https:\/\/demo.ipekosgb.com.tr\/\",\"name\":\"\",\"description\":\"\",\"potentialAction\":[{\"@type\":\"SearchAction\",\"target\":{\"@type\":\"EntryPoint\",\"urlTemplate\":\"https:\/\/demo.ipekosgb.com.tr\/?s={search_term_string}\"},\"query-input\":{\"@type\":\"PropertyValueSpecification\",\"valueRequired\":true,\"valueName\":\"search_term_string\"}}],\"inLanguage\":\"tr\"}]}<\/script>\n<!-- \/ Yoast SEO plugin. -->","yoast_head_json":{"title":"Ayd\u0131nlatma \u00d6l\u00e7\u00fcm\u00fc -","robots":{"index":"index","follow":"follow","max-snippet":"max-snippet:-1","max-image-preview":"max-image-preview:large","max-video-preview":"max-video-preview:-1"},"canonical":"https:\/\/demo.ipekosgb.com.tr\/?page_id=314","og_locale":"tr_TR","og_type":"article","og_title":"Ayd\u0131nlatma \u00d6l\u00e7\u00fcm\u00fc -","og_description":"Ayd\u0131nlatma \u00d6l\u00e7\u00fcm\u00fc \u0130\u015f yerlerinde sa\u011fl\u0131kl\u0131 ve verimli \u00e7al\u0131\u015fmalar\u0131n y\u00fcr\u00fct\u00fclebilmesi i\u00e7in ortam ayd\u0131nlatmas\u0131n\u0131n uygun seviyede olmas\u0131 b\u00fcy\u00fck \u00f6nem ta\u015f\u0131r. Ayd\u0131nlatma sistemleri sadece \u00e7al\u0131\u015fanlar\u0131n g\u00f6rsel konforunu sa\u011flamaz, ayn\u0131 zamanda i\u015f performans\u0131n\u0131 ve g\u00fcvenli\u011fini de do\u011frudan etkiler. Bu nedenle, ayd\u0131nlatma \u00f6l\u00e7\u00fcmleri d\u00fczenli ve sorunsuz \u015fekilde yap\u0131lmal\u0131d\u0131r. Ayd\u0131nlatma \u00f6l\u00e7\u00fcmleri, \u0130\u015f Hijyeni \u00d6l\u00e7\u00fcm, Test ve Analiz Laboratuvarlar\u0131 Hakk\u0131ndaki Y\u00f6netmelik \u00e7er\u00e7evesinde [&hellip;]","og_url":"https:\/\/demo.ipekosgb.com.tr\/?page_id=314","article_modified_time":"2025-08-07T07:05:20+00:00","og_image":[{"width":2048,"height":1365,"url":"https:\/\/demo.ipekosgb.com.tr\/wp-content\/uploads\/2025\/08\/1-1-21.jpg","type":"image\/jpeg"}],"twitter_card":"summary_large_image","twitter_misc":{"Tahmini okuma s\u00fcresi":"1 dakika"},"schema":{"@context":"https:\/\/schema.org","@graph":[{"@type":"WebPage","@id":"https:\/\/demo.ipekosgb.com.tr\/?page_id=314","url":"https:\/\/demo.ipekosgb.com.tr\/?page_id=314","name":"Ayd\u0131nlatma \u00d6l\u00e7\u00fcm\u00fc -","isPartOf":{"@id":"https:\/\/demo.ipekosgb.com.tr\/#website"},"primaryImageOfPage":{"@id":"https:\/\/demo.ipekosgb.com.tr\/?page_id=314#primaryimage"},"image":{"@id":"https:\/\/demo.ipekosgb.com.tr\/?page_id=314#primaryimage"},"thumbnailUrl":"https:\/\/demo.ipekosgb.com.tr\/wp-content\/uploads\/2025\/08\/1-1-21-1536x1024.jpg","datePublished":"2025-08-07T07:02:31+00:00","dateModified":"2025-08-07T07:05:20+00:00","breadcrumb":{"@id":"https:\/\/demo.ipekosgb.com.tr\/?page_id=314#breadcrumb"},"inLanguage":"tr","potentialAction":[{"@type":"ReadAction","target":["https:\/\/demo.ipekosgb.com.tr\/?page_id=314"]}]},{"@type":"ImageObject","inLanguage":"tr","@id":"https:\/\/demo.ipekosgb.com.tr\/?page_id=314#primaryimage","url":"https:\/\/demo.ipekosgb.com.tr\/wp-content\/uploads\/2025\/08\/1-1-21.jpg","contentUrl":"https:\/\/demo.ipekosgb.com.tr\/wp-content\/uploads\/2025\/08\/1-1-21.jpg","width":2048,"height":1365,"caption":"Perspective background of a led panel with neutral light with a degraded blur"},{"@type":"BreadcrumbList","@id":"https:\/\/demo.ipekosgb.com.tr\/?page_id=314#breadcrumb","itemListElement":[{"@type":"ListItem","position":1,"name":"Anasayfa","item":"https:\/\/demo.ipekosgb.com.tr\/"},{"@type":"ListItem","position":2,"name":"Ayd\u0131nlatma \u00d6l\u00e7\u00fcm\u00fc"}]},{"@type":"WebSite","@id":"https:\/\/demo.ipekosgb.com.tr\/#website","url":"https:\/\/demo.ipekosgb.com.tr\/","name":"","description":"","potentialAction":[{"@type":"SearchAction","target":{"@type":"EntryPoint","urlTemplate":"https:\/\/demo.ipekosgb.com.tr\/?s={search_term_string}"},"query-input":{"@type":"PropertyValueSpecification","valueRequired":true,"valueName":"search_term_string"}}],"inLanguage":"tr"}]}},"_links":{"self":[{"href":"https:\/\/demo.ipekosgb.com.tr\/index.php?rest_route=\/wp\/v2\/pages\/314","targetHints":{"allow":["GET"]}}],"collection":[{"href":"https:\/\/demo.ipekosgb.com.tr\/index.php?rest_route=\/wp\/v2\/pages"}],"about":[{"href":"https:\/\/demo.ipekosgb.com.tr\/index.php?rest_route=\/wp\/v2\/types\/page"}],"author":[{"embeddable":true,"href":"https:\/\/demo.ipekosgb.com.tr\/index.php?rest_route=\/wp\/v2\/users\/1"}],"replies":[{"embeddable":true,"href":"https:\/\/demo.ipekosgb.com.tr\/index.php?rest_route=%2Fwp%2Fv2%2Fcomments&post=314"}],"version-history":[{"count":4,"href":"https:\/\/demo.ipekosgb.com.tr\/index.php?rest_route=\/wp\/v2\/pages\/314\/revisions"}],"predecessor-version":[{"id":319,"href":"https:\/\/demo.ipekosgb.com.tr\/index.php?rest_route=\/wp\/v2\/pages\/314\/revisions\/319"}],"wp:attachment":[{"href":"https:\/\/demo.ipekosgb.com.tr\/index.php?rest_route=%2Fwp%2Fv2%2Fmedia&parent=314"}],"curies":[{"name":"wp","href":"https:\/\/api.w.org\/{rel}","templated":true}]}}