{"id":320,"date":"2025-08-07T07:06:04","date_gmt":"2025-08-07T07:06:04","guid":{"rendered":"https:\/\/demo.ipekosgb.com.tr\/?page_id=320"},"modified":"2025-08-07T07:08:47","modified_gmt":"2025-08-07T07:08:47","slug":"gurultuolcumu","status":"publish","type":"page","link":"https:\/\/demo.ipekosgb.com.tr\/?page_id=320","title":{"rendered":"G\u00fcr\u00fclt\u00fc \u00d6l\u00e7\u00fcm\u00fc"},"content":{"rendered":"\t\t<div data-elementor-type=\"wp-page\" data-elementor-id=\"320\" class=\"elementor elementor-320\">\n\t\t\t\t<div class=\"elementor-element elementor-element-b71dc17 e-flex e-con-boxed e-con e-parent\" data-id=\"b71dc17\" data-element_type=\"container\">\n\t\t\t\t\t<div class=\"e-con-inner\">\n\t\t\t\t<div class=\"elementor-element elementor-element-8480dea elementor-widget__width-auto elementor-widget elementor-widget-image\" data-id=\"8480dea\" data-element_type=\"widget\" data-widget_type=\"image.default\">\n\t\t\t\t\t\t\t\t\t\t\t\t\t\t\t<img fetchpriority=\"high\" decoding=\"async\" width=\"1536\" height=\"1024\" src=\"https:\/\/demo.ipekosgb.com.tr\/wp-content\/uploads\/2025\/08\/1-1-22-1536x1024.jpg\" class=\"attachment-1536x1536 size-1536x1536 wp-image-322\" alt=\"\" srcset=\"https:\/\/demo.ipekosgb.com.tr\/wp-content\/uploads\/2025\/08\/1-1-22-1536x1024.jpg 1536w, https:\/\/demo.ipekosgb.com.tr\/wp-content\/uploads\/2025\/08\/1-1-22-300x200.jpg 300w, https:\/\/demo.ipekosgb.com.tr\/wp-content\/uploads\/2025\/08\/1-1-22-1024x683.jpg 1024w, https:\/\/demo.ipekosgb.com.tr\/wp-content\/uploads\/2025\/08\/1-1-22-768x512.jpg 768w, https:\/\/demo.ipekosgb.com.tr\/wp-content\/uploads\/2025\/08\/1-1-22.jpg 2048w\" sizes=\"(max-width: 1536px) 100vw, 1536px\" \/>\t\t\t\t\t\t\t\t\t\t\t\t\t\t\t<\/div>\n\t\t\t\t\t<\/div>\n\t\t\t\t<\/div>\n\t\t<div class=\"elementor-element elementor-element-38bf4f9 e-flex e-con-boxed e-con e-parent\" data-id=\"38bf4f9\" data-element_type=\"container\">\n\t\t\t\t\t<div class=\"e-con-inner\">\n\t\t\t\t\t<\/div>\n\t\t\t\t<\/div>\n\t\t<div class=\"elementor-element elementor-element-9273f80 e-flex e-con-boxed e-con e-parent\" data-id=\"9273f80\" data-element_type=\"container\">\n\t\t\t\t\t<div class=\"e-con-inner\">\n\t\t\t\t<div class=\"elementor-element elementor-element-e006954 elementor-widget elementor-widget-text-editor\" data-id=\"e006954\" data-element_type=\"widget\" data-widget_type=\"text-editor.default\">\n\t\t\t\t\t\t\t\t\t<h2 data-start=\"88\" data-end=\"105\">G\u00fcr\u00fclt\u00fc Nedir?<\/h2><p data-start=\"107\" data-end=\"447\">Arzu edilmeyen sese <strong data-start=\"127\" data-end=\"138\">g\u00fcr\u00fclt\u00fc<\/strong> denir. G\u00fcr\u00fclt\u00fc, ruh ve sinir sistemi ile i\u015fitme duyusu \u00fczerinde olumsuz etkiler yarat\u0131r. Sesin \u015fiddeti <strong data-start=\"242\" data-end=\"258\">desibel (dB)<\/strong> birimi ile \u00f6l\u00e7\u00fcl\u00fcr. S\u0131f\u0131r (0) desibel, insan\u0131n duyma e\u015fi\u011fi olarak kabul edilir; yani 0 dB\u2019nin alt\u0131ndaki sesler i\u015fitilemez. <strong data-start=\"382\" data-end=\"391\">75 dB<\/strong> ve \u00fczerindeki sesler ise sa\u011fl\u0131k a\u00e7\u0131s\u0131ndan tehlikelidir.<\/p><hr data-start=\"449\" data-end=\"452\" \/><h2 data-start=\"454\" data-end=\"498\">G\u00fcr\u00fclt\u00fc Sonucu Olu\u015fan \u0130\u015fitme Kayb\u0131 Nedir?<\/h2><p data-start=\"500\" data-end=\"778\">\u0130\u00e7 kulakta bulunan ve ses duyusunu sa\u011flayan duyusal h\u00fccrelerin zarar g\u00f6rmesi ve kulak salyangozundaki yap\u0131sal de\u011fi\u015fiklikler sonucunda, g\u00fcr\u00fclt\u00fc maruziyeti sona erdikten sonra bile i\u015fitme zorlu\u011fu veya kayb\u0131 devam edebilir. G\u00fcr\u00fclt\u00fcye uzun s\u00fcre maruz kalma sonucu iki d\u00f6nem ya\u015fan\u0131r:<\/p><ul data-start=\"780\" data-end=\"913\"><li data-start=\"780\" data-end=\"847\"><p data-start=\"782\" data-end=\"847\"><strong data-start=\"782\" data-end=\"804\">\u0130\u015fitme Yorgunlu\u011fu:<\/strong> Ge\u00e7ici ve sadece duyusal i\u015fitme azl\u0131\u011f\u0131d\u0131r.<\/p><\/li><li data-start=\"848\" data-end=\"913\"><p data-start=\"850\" data-end=\"913\"><strong data-start=\"850\" data-end=\"869\">Belirti D\u00f6nemi:<\/strong> Geri d\u00f6nd\u00fcr\u00fclemeyen kal\u0131c\u0131 i\u015fitme kayb\u0131d\u0131r.<\/p><\/li><\/ul><hr data-start=\"915\" data-end=\"918\" \/><h2 data-start=\"920\" data-end=\"959\">G\u00fcr\u00fclt\u00fc Tehlikesi Olan Ba\u015fl\u0131ca \u0130\u015fler<\/h2><ul data-start=\"961\" data-end=\"1646\"><li data-start=\"961\" data-end=\"995\"><p data-start=\"963\" data-end=\"995\">\u00c7eki\u00e7le kaporta, per\u00e7in i\u015fleri<\/p><\/li><li data-start=\"996\" data-end=\"1051\"><p data-start=\"998\" data-end=\"1051\">Metal ve sac levhalar\u0131n haddelenmesi, perdahlanmas\u0131<\/p><\/li><li data-start=\"1052\" data-end=\"1092\"><p data-start=\"1054\" data-end=\"1092\">Buhar kazan\u0131 ta\u015flar\u0131n\u0131n temizlenmesi<\/p><\/li><li data-start=\"1093\" data-end=\"1143\"><p data-start=\"1095\" data-end=\"1143\">Hava basmal\u0131 kumlama ve metal p\u00fcsk\u00fcrtme i\u015fleri<\/p><\/li><li data-start=\"1144\" data-end=\"1197\"><p data-start=\"1146\" data-end=\"1197\">Kakma, z\u0131mbalama, \u00e7eki\u00e7leme, per\u00e7inleme i\u015flemleri<\/p><\/li><li data-start=\"1198\" data-end=\"1233\"><p data-start=\"1200\" data-end=\"1233\">Testereler ve planya makineleri<\/p><\/li><li data-start=\"1234\" data-end=\"1276\"><p data-start=\"1236\" data-end=\"1276\">Tekstil makineleri (dokuma tezgahlar\u0131)<\/p><\/li><li data-start=\"1277\" data-end=\"1320\"><p data-start=\"1279\" data-end=\"1320\">Maden cevheri par\u00e7alama ve k\u0131rma i\u015fleri<\/p><\/li><li data-start=\"1321\" data-end=\"1364\"><p data-start=\"1323\" data-end=\"1364\">Metal ta\u015f\u0131y\u0131c\u0131lar\u0131n otomatik y\u00fcklenmesi<\/p><\/li><li data-start=\"1365\" data-end=\"1424\"><p data-start=\"1367\" data-end=\"1424\">Ta\u015f kesme ve gaz t\u00fcrbinleri, kompres\u00f6rler, aspirat\u00f6rler<\/p><\/li><li data-start=\"1425\" data-end=\"1478\"><p data-start=\"1427\" data-end=\"1478\">Buldozer, ekskavat\u00f6r gibi g\u00fcr\u00fclt\u00fcl\u00fc i\u015f makineleri<\/p><\/li><li data-start=\"1479\" data-end=\"1512\"><p data-start=\"1481\" data-end=\"1512\">Motorlar\u0131n muayene ve onar\u0131m\u0131<\/p><\/li><li data-start=\"1513\" data-end=\"1565\"><p data-start=\"1515\" data-end=\"1565\">Demiryolu, deniz yolu, havayolu ta\u015f\u0131ma personeli<\/p><\/li><li data-start=\"1566\" data-end=\"1614\"><p data-start=\"1568\" data-end=\"1614\">Ta\u015f\u0131nabilir motorlu testerelerle a\u011fa\u00e7 kesimi<\/p><\/li><li data-start=\"1615\" data-end=\"1646\"><p data-start=\"1617\" data-end=\"1646\">M\u00fczik sekt\u00f6r\u00fcnde \u00e7al\u0131\u015fanlar<\/p><\/li><\/ul><hr data-start=\"1648\" data-end=\"1651\" \/><h2 data-start=\"1653\" data-end=\"1685\">\u0130\u015fitme Testi Kimlere Yap\u0131l\u0131r?<\/h2><p data-start=\"1687\" data-end=\"1860\">G\u00fcr\u00fclt\u00fc d\u00fczeyi <strong data-start=\"1702\" data-end=\"1714\">85 dB(A)<\/strong>\u2019y\u0131 a\u015fan i\u015fyerlerinde \u00e7al\u0131\u015fanlara i\u015fitme testi zorunludur. Ayr\u0131ca, i\u015fyeri hekiminin iste\u011fine g\u00f6re di\u011fer \u00e7al\u0131\u015fan gruplar\u0131na da test yapt\u0131r\u0131labilir.<\/p><hr data-start=\"1862\" data-end=\"1865\" \/><h2 data-start=\"1867\" data-end=\"1929\">G\u00fcr\u00fclt\u00fcye Ba\u011fl\u0131 Kal\u0131c\u0131 \u0130\u015fitme Kayb\u0131 Meslek Hastal\u0131\u011f\u0131 M\u0131d\u0131r?<\/h2><p data-start=\"1931\" data-end=\"2152\">G\u00fcr\u00fclt\u00fcye ba\u011fl\u0131 i\u015fitme kayb\u0131n\u0131n meslek hastal\u0131\u011f\u0131 say\u0131lmas\u0131 i\u00e7in; \u00e7al\u0131\u015fanlar\u0131n g\u00fcr\u00fclt\u00fcl\u00fc i\u015fte en az 2 y\u0131l ve g\u00fcr\u00fclt\u00fc \u015fiddetinin s\u00fcrekli olarak 85 dB\u2019nin \u00fczerinde oldu\u011fu i\u015flerde en az 30 g\u00fcn \u00e7al\u0131\u015fm\u0131\u015f olmalar\u0131 gerekmektedir.<\/p><hr data-start=\"2154\" data-end=\"2157\" \/><h2 data-start=\"2159\" data-end=\"2207\">\u0130\u015fyerinizdeki G\u00fcr\u00fclt\u00fc Kendini Nas\u0131l G\u00f6sterir?<\/h2><ul data-start=\"2209\" data-end=\"2501\"><li data-start=\"2209\" data-end=\"2292\"><p data-start=\"2211\" data-end=\"2292\">1 metre mesafedeki biriyle konu\u015furken sesinizi y\u00fckseltmek zorunda kal\u0131yorsan\u0131z,<\/p><\/li><li data-start=\"2293\" data-end=\"2377\"><p data-start=\"2295\" data-end=\"2377\">\u0130\u015f \u00e7\u0131k\u0131\u015f\u0131 evde ya da arabada televizyon veya radyonun sesini y\u00fcksek a\u00e7\u0131yorsan\u0131z,<\/p><\/li><li data-start=\"2378\" data-end=\"2436\"><p data-start=\"2380\" data-end=\"2436\">\u0130\u015f bitiminde kulaklar\u0131n\u0131zda \u00e7\u0131nlama veya u\u011fultu varsa,<\/p><\/li><li data-start=\"2437\" data-end=\"2501\"><p data-start=\"2439\" data-end=\"2501\">Kalabal\u0131k bir ortamda kar\u015f\u0131dakini anlamakta zorlan\u0131yorsan\u0131z,<\/p><\/li><\/ul><p data-start=\"2503\" data-end=\"2541\">i\u015fyerinizde g\u00fcr\u00fclt\u00fc problemi olabilir.<\/p><hr data-start=\"2543\" data-end=\"2546\" \/><h2 data-start=\"2548\" data-end=\"2585\">\u0130\u015fyerinizde G\u00fcr\u00fclt\u00fc Nas\u0131l \u00d6l\u00e7\u00fcl\u00fcr?<\/h2><p data-start=\"2587\" data-end=\"2664\">\u00d6zel tasarlanm\u0131\u015f cihazlarla ortam g\u00fcr\u00fclt\u00fcs\u00fc ya da bireysel maruziyet \u00f6l\u00e7\u00fcl\u00fcr.<\/p><hr data-start=\"2666\" data-end=\"2669\" \/><h2 data-start=\"2671\" data-end=\"2730\">\u0130\u015fyerinde \u0130zin Verilen En Y\u00fcksek G\u00fcr\u00fclt\u00fc Seviyesi Nedir?<\/h2><p data-start=\"2732\" data-end=\"2988\">T\u00fcrkiye\u2019de \u00e7al\u0131\u015fanlar\u0131n 8 saatlik i\u015f g\u00fcn\u00fcnde maruz kalabilece\u011fi ortalama g\u00fcr\u00fclt\u00fc seviyesi, kulak koruyucu kullan\u0131lsa da kullan\u0131lmasa da <strong data-start=\"2868\" data-end=\"2880\">87 dB(A)<\/strong>\u2019y\u0131 ge\u00e7emez. Bu de\u011fer, kula\u011fa ula\u015fan g\u00fcr\u00fclt\u00fc seviyesidir; kulak koruyucu varsa koruma etkisi hesaba kat\u0131l\u0131r.<\/p><hr data-start=\"2990\" data-end=\"2993\" \/><h2 data-start=\"2995\" data-end=\"3050\">G\u00fcr\u00fclt\u00fcl\u00fc \u0130\u015flerde G\u00fcnl\u00fck \u00c7al\u0131\u015fma S\u00fcresi Ne Kadard\u0131r?<\/h2><p data-start=\"3052\" data-end=\"3144\">85 dB(A)\u2019n\u0131n \u00fczerindeki g\u00fcr\u00fclt\u00fcl\u00fc i\u015flerde \u00e7al\u0131\u015fanlar en fazla <strong data-start=\"3114\" data-end=\"3126\">7,5 saat<\/strong> \u00e7al\u0131\u015ft\u0131r\u0131labilir.<\/p><hr data-start=\"3146\" data-end=\"3149\" \/><h2 data-start=\"3151\" data-end=\"3213\">Ki\u015fisel Kulak Koruyucu Donan\u0131mlar Ne Zaman Kullan\u0131lmal\u0131d\u0131r?<\/h2><p data-start=\"3215\" data-end=\"3441\">\u0130\u015fyerindeki g\u00fcr\u00fclt\u00fc seviyesi <strong data-start=\"3244\" data-end=\"3256\">85 dB(A)<\/strong> veya \u00fczerine \u00e7\u0131kt\u0131\u011f\u0131nda, g\u00fcr\u00fclt\u00fcy\u00fc azaltacak teknik \u00f6nlemler al\u0131nmal\u0131, bu \u00f6nlemler yeterli olmad\u0131\u011f\u0131nda ise ki\u015fisel koruyucu donan\u0131mlar (kulakl\u0131k, t\u0131ka\u00e7 vb.) kullan\u0131lmaya ba\u015flanmal\u0131d\u0131r.<\/p>\t\t\t\t\t\t\t\t<\/div>\n\t\t\t\t\t<\/div>\n\t\t\t\t<\/div>\n\t\t\t\t<\/div>\n\t\t","protected":false},"excerpt":{"rendered":"<p>G\u00fcr\u00fclt\u00fc Nedir? Arzu edilmeyen sese g\u00fcr\u00fclt\u00fc denir. G\u00fcr\u00fclt\u00fc, ruh ve sinir sistemi ile i\u015fitme duyusu \u00fczerinde olumsuz etkiler yarat\u0131r. Sesin \u015fiddeti desibel (dB) birimi ile \u00f6l\u00e7\u00fcl\u00fcr. S\u0131f\u0131r (0) desibel, insan\u0131n duyma e\u015fi\u011fi olarak kabul edilir; yani 0 dB\u2019nin alt\u0131ndaki sesler i\u015fitilemez. 75 dB ve \u00fczerindeki sesler ise sa\u011fl\u0131k a\u00e7\u0131s\u0131ndan tehlikelidir. G\u00fcr\u00fclt\u00fc Sonucu Olu\u015fan \u0130\u015fitme Kayb\u0131 [&hellip;]<\/p>\n","protected":false},"author":1,"featured_media":0,"parent":0,"menu_order":0,"comment_status":"closed","ping_status":"closed","template":"","meta":{"footnotes":""},"class_list":["post-320","page","type-page","status-publish","hentry"],"blocksy_meta":[],"yoast_head":"<!-- This site is optimized with the Yoast SEO plugin v25.6 - https:\/\/yoast.com\/wordpress\/plugins\/seo\/ -->\n<title>G\u00fcr\u00fclt\u00fc \u00d6l\u00e7\u00fcm\u00fc -<\/title>\n<meta name=\"robots\" content=\"index, follow, max-snippet:-1, max-image-preview:large, max-video-preview:-1\" \/>\n<link rel=\"canonical\" href=\"https:\/\/demo.ipekosgb.com.tr\/?page_id=320\" \/>\n<meta property=\"og:locale\" content=\"tr_TR\" \/>\n<meta property=\"og:type\" content=\"article\" \/>\n<meta property=\"og:title\" content=\"G\u00fcr\u00fclt\u00fc \u00d6l\u00e7\u00fcm\u00fc -\" \/>\n<meta property=\"og:description\" content=\"G\u00fcr\u00fclt\u00fc Nedir? Arzu edilmeyen sese g\u00fcr\u00fclt\u00fc denir. G\u00fcr\u00fclt\u00fc, ruh ve sinir sistemi ile i\u015fitme duyusu \u00fczerinde olumsuz etkiler yarat\u0131r. Sesin \u015fiddeti desibel (dB) birimi ile \u00f6l\u00e7\u00fcl\u00fcr. S\u0131f\u0131r (0) desibel, insan\u0131n duyma e\u015fi\u011fi olarak kabul edilir; yani 0 dB\u2019nin alt\u0131ndaki sesler i\u015fitilemez. 75 dB ve \u00fczerindeki sesler ise sa\u011fl\u0131k a\u00e7\u0131s\u0131ndan tehlikelidir. G\u00fcr\u00fclt\u00fc Sonucu Olu\u015fan \u0130\u015fitme Kayb\u0131 [&hellip;]\" \/>\n<meta property=\"og:url\" content=\"https:\/\/demo.ipekosgb.com.tr\/?page_id=320\" \/>\n<meta property=\"article:modified_time\" content=\"2025-08-07T07:08:47+00:00\" \/>\n<meta property=\"og:image\" content=\"https:\/\/demo.ipekosgb.com.tr\/wp-content\/uploads\/2025\/08\/1-1-22.jpg\" \/>\n\t<meta property=\"og:image:width\" content=\"2048\" \/>\n\t<meta property=\"og:image:height\" content=\"1365\" \/>\n\t<meta property=\"og:image:type\" content=\"image\/jpeg\" \/>\n<meta name=\"twitter:card\" content=\"summary_large_image\" \/>\n<meta name=\"twitter:label1\" content=\"Tahmini okuma s\u00fcresi\" \/>\n\t<meta name=\"twitter:data1\" content=\"3 dakika\" \/>\n<script type=\"application\/ld+json\" class=\"yoast-schema-graph\">{\"@context\":\"https:\/\/schema.org\",\"@graph\":[{\"@type\":\"WebPage\",\"@id\":\"https:\/\/demo.ipekosgb.com.tr\/?page_id=320\",\"url\":\"https:\/\/demo.ipekosgb.com.tr\/?page_id=320\",\"name\":\"G\u00fcr\u00fclt\u00fc \u00d6l\u00e7\u00fcm\u00fc -\",\"isPartOf\":{\"@id\":\"https:\/\/demo.ipekosgb.com.tr\/#website\"},\"primaryImageOfPage\":{\"@id\":\"https:\/\/demo.ipekosgb.com.tr\/?page_id=320#primaryimage\"},\"image\":{\"@id\":\"https:\/\/demo.ipekosgb.com.tr\/?page_id=320#primaryimage\"},\"thumbnailUrl\":\"https:\/\/demo.ipekosgb.com.tr\/wp-content\/uploads\/2025\/08\/1-1-22-1536x1024.jpg\",\"datePublished\":\"2025-08-07T07:06:04+00:00\",\"dateModified\":\"2025-08-07T07:08:47+00:00\",\"breadcrumb\":{\"@id\":\"https:\/\/demo.ipekosgb.com.tr\/?page_id=320#breadcrumb\"},\"inLanguage\":\"tr\",\"potentialAction\":[{\"@type\":\"ReadAction\",\"target\":[\"https:\/\/demo.ipekosgb.com.tr\/?page_id=320\"]}]},{\"@type\":\"ImageObject\",\"inLanguage\":\"tr\",\"@id\":\"https:\/\/demo.ipekosgb.com.tr\/?page_id=320#primaryimage\",\"url\":\"https:\/\/demo.ipekosgb.com.tr\/wp-content\/uploads\/2025\/08\/1-1-22.jpg\",\"contentUrl\":\"https:\/\/demo.ipekosgb.com.tr\/wp-content\/uploads\/2025\/08\/1-1-22.jpg\",\"width\":2048,\"height\":1365,\"caption\":\"Caucasian female engineer wearing ear plugs using a laptop in computer server room. database server management and maintenance concept\"},{\"@type\":\"BreadcrumbList\",\"@id\":\"https:\/\/demo.ipekosgb.com.tr\/?page_id=320#breadcrumb\",\"itemListElement\":[{\"@type\":\"ListItem\",\"position\":1,\"name\":\"Anasayfa\",\"item\":\"https:\/\/demo.ipekosgb.com.tr\/\"},{\"@type\":\"ListItem\",\"position\":2,\"name\":\"G\u00fcr\u00fclt\u00fc \u00d6l\u00e7\u00fcm\u00fc\"}]},{\"@type\":\"WebSite\",\"@id\":\"https:\/\/demo.ipekosgb.com.tr\/#website\",\"url\":\"https:\/\/demo.ipekosgb.com.tr\/\",\"name\":\"\",\"description\":\"\",\"potentialAction\":[{\"@type\":\"SearchAction\",\"target\":{\"@type\":\"EntryPoint\",\"urlTemplate\":\"https:\/\/demo.ipekosgb.com.tr\/?s={search_term_string}\"},\"query-input\":{\"@type\":\"PropertyValueSpecification\",\"valueRequired\":true,\"valueName\":\"search_term_string\"}}],\"inLanguage\":\"tr\"}]}<\/script>\n<!-- \/ Yoast SEO plugin. -->","yoast_head_json":{"title":"G\u00fcr\u00fclt\u00fc \u00d6l\u00e7\u00fcm\u00fc -","robots":{"index":"index","follow":"follow","max-snippet":"max-snippet:-1","max-image-preview":"max-image-preview:large","max-video-preview":"max-video-preview:-1"},"canonical":"https:\/\/demo.ipekosgb.com.tr\/?page_id=320","og_locale":"tr_TR","og_type":"article","og_title":"G\u00fcr\u00fclt\u00fc \u00d6l\u00e7\u00fcm\u00fc -","og_description":"G\u00fcr\u00fclt\u00fc Nedir? Arzu edilmeyen sese g\u00fcr\u00fclt\u00fc denir. G\u00fcr\u00fclt\u00fc, ruh ve sinir sistemi ile i\u015fitme duyusu \u00fczerinde olumsuz etkiler yarat\u0131r. Sesin \u015fiddeti desibel (dB) birimi ile \u00f6l\u00e7\u00fcl\u00fcr. S\u0131f\u0131r (0) desibel, insan\u0131n duyma e\u015fi\u011fi olarak kabul edilir; yani 0 dB\u2019nin alt\u0131ndaki sesler i\u015fitilemez. 75 dB ve \u00fczerindeki sesler ise sa\u011fl\u0131k a\u00e7\u0131s\u0131ndan tehlikelidir. G\u00fcr\u00fclt\u00fc Sonucu Olu\u015fan \u0130\u015fitme Kayb\u0131 [&hellip;]","og_url":"https:\/\/demo.ipekosgb.com.tr\/?page_id=320","article_modified_time":"2025-08-07T07:08:47+00:00","og_image":[{"width":2048,"height":1365,"url":"https:\/\/demo.ipekosgb.com.tr\/wp-content\/uploads\/2025\/08\/1-1-22.jpg","type":"image\/jpeg"}],"twitter_card":"summary_large_image","twitter_misc":{"Tahmini okuma s\u00fcresi":"3 dakika"},"schema":{"@context":"https:\/\/schema.org","@graph":[{"@type":"WebPage","@id":"https:\/\/demo.ipekosgb.com.tr\/?page_id=320","url":"https:\/\/demo.ipekosgb.com.tr\/?page_id=320","name":"G\u00fcr\u00fclt\u00fc \u00d6l\u00e7\u00fcm\u00fc -","isPartOf":{"@id":"https:\/\/demo.ipekosgb.com.tr\/#website"},"primaryImageOfPage":{"@id":"https:\/\/demo.ipekosgb.com.tr\/?page_id=320#primaryimage"},"image":{"@id":"https:\/\/demo.ipekosgb.com.tr\/?page_id=320#primaryimage"},"thumbnailUrl":"https:\/\/demo.ipekosgb.com.tr\/wp-content\/uploads\/2025\/08\/1-1-22-1536x1024.jpg","datePublished":"2025-08-07T07:06:04+00:00","dateModified":"2025-08-07T07:08:47+00:00","breadcrumb":{"@id":"https:\/\/demo.ipekosgb.com.tr\/?page_id=320#breadcrumb"},"inLanguage":"tr","potentialAction":[{"@type":"ReadAction","target":["https:\/\/demo.ipekosgb.com.tr\/?page_id=320"]}]},{"@type":"ImageObject","inLanguage":"tr","@id":"https:\/\/demo.ipekosgb.com.tr\/?page_id=320#primaryimage","url":"https:\/\/demo.ipekosgb.com.tr\/wp-content\/uploads\/2025\/08\/1-1-22.jpg","contentUrl":"https:\/\/demo.ipekosgb.com.tr\/wp-content\/uploads\/2025\/08\/1-1-22.jpg","width":2048,"height":1365,"caption":"Caucasian female engineer wearing ear plugs using a laptop in computer server room. database server management and maintenance concept"},{"@type":"BreadcrumbList","@id":"https:\/\/demo.ipekosgb.com.tr\/?page_id=320#breadcrumb","itemListElement":[{"@type":"ListItem","position":1,"name":"Anasayfa","item":"https:\/\/demo.ipekosgb.com.tr\/"},{"@type":"ListItem","position":2,"name":"G\u00fcr\u00fclt\u00fc \u00d6l\u00e7\u00fcm\u00fc"}]},{"@type":"WebSite","@id":"https:\/\/demo.ipekosgb.com.tr\/#website","url":"https:\/\/demo.ipekosgb.com.tr\/","name":"","description":"","potentialAction":[{"@type":"SearchAction","target":{"@type":"EntryPoint","urlTemplate":"https:\/\/demo.ipekosgb.com.tr\/?s={search_term_string}"},"query-input":{"@type":"PropertyValueSpecification","valueRequired":true,"valueName":"search_term_string"}}],"inLanguage":"tr"}]}},"_links":{"self":[{"href":"https:\/\/demo.ipekosgb.com.tr\/index.php?rest_route=\/wp\/v2\/pages\/320","targetHints":{"allow":["GET"]}}],"collection":[{"href":"https:\/\/demo.ipekosgb.com.tr\/index.php?rest_route=\/wp\/v2\/pages"}],"about":[{"href":"https:\/\/demo.ipekosgb.com.tr\/index.php?rest_route=\/wp\/v2\/types\/page"}],"author":[{"embeddable":true,"href":"https:\/\/demo.ipekosgb.com.tr\/index.php?rest_route=\/wp\/v2\/users\/1"}],"replies":[{"embeddable":true,"href":"https:\/\/demo.ipekosgb.com.tr\/index.php?rest_route=%2Fwp%2Fv2%2Fcomments&post=320"}],"version-history":[{"count":4,"href":"https:\/\/demo.ipekosgb.com.tr\/index.php?rest_route=\/wp\/v2\/pages\/320\/revisions"}],"predecessor-version":[{"id":325,"href":"https:\/\/demo.ipekosgb.com.tr\/index.php?rest_route=\/wp\/v2\/pages\/320\/revisions\/325"}],"wp:attachment":[{"href":"https:\/\/demo.ipekosgb.com.tr\/index.php?rest_route=%2Fwp%2Fv2%2Fmedia&parent=320"}],"curies":[{"name":"wp","href":"https:\/\/api.w.org\/{rel}","templated":true}]}}