{"id":326,"date":"2025-08-07T07:10:35","date_gmt":"2025-08-07T07:10:35","guid":{"rendered":"https:\/\/demo.ipekosgb.com.tr\/?page_id=326"},"modified":"2025-08-07T07:11:09","modified_gmt":"2025-08-07T07:11:09","slug":"termal-konfor-olcumu","status":"publish","type":"page","link":"https:\/\/demo.ipekosgb.com.tr\/?page_id=326","title":{"rendered":"Termal Konfor \u00d6l\u00e7\u00fcm\u00fc"},"content":{"rendered":"\t\t<div data-elementor-type=\"wp-page\" data-elementor-id=\"326\" class=\"elementor elementor-326\">\n\t\t\t\t<div class=\"elementor-element elementor-element-b71dc17 e-flex e-con-boxed e-con e-parent\" data-id=\"b71dc17\" data-element_type=\"container\">\n\t\t\t\t\t<div class=\"e-con-inner\">\n\t\t\t\t<div class=\"elementor-element elementor-element-8480dea elementor-widget__width-auto elementor-widget elementor-widget-image\" data-id=\"8480dea\" data-element_type=\"widget\" data-widget_type=\"image.default\">\n\t\t\t\t\t\t\t\t\t\t\t\t\t\t\t<img fetchpriority=\"high\" decoding=\"async\" width=\"1536\" height=\"1026\" src=\"https:\/\/demo.ipekosgb.com.tr\/wp-content\/uploads\/2025\/08\/1-1-23-1536x1026.jpg\" class=\"attachment-1536x1536 size-1536x1536 wp-image-328\" alt=\"\" srcset=\"https:\/\/demo.ipekosgb.com.tr\/wp-content\/uploads\/2025\/08\/1-1-23-1536x1026.jpg 1536w, https:\/\/demo.ipekosgb.com.tr\/wp-content\/uploads\/2025\/08\/1-1-23-300x200.jpg 300w, https:\/\/demo.ipekosgb.com.tr\/wp-content\/uploads\/2025\/08\/1-1-23-1024x684.jpg 1024w, https:\/\/demo.ipekosgb.com.tr\/wp-content\/uploads\/2025\/08\/1-1-23-768x513.jpg 768w, https:\/\/demo.ipekosgb.com.tr\/wp-content\/uploads\/2025\/08\/1-1-23.jpg 2048w\" sizes=\"(max-width: 1536px) 100vw, 1536px\" \/>\t\t\t\t\t\t\t\t\t\t\t\t\t\t\t<\/div>\n\t\t\t\t\t<\/div>\n\t\t\t\t<\/div>\n\t\t<div class=\"elementor-element elementor-element-38bf4f9 e-flex e-con-boxed e-con e-parent\" data-id=\"38bf4f9\" data-element_type=\"container\">\n\t\t\t\t\t<div class=\"e-con-inner\">\n\t\t\t\t\t<\/div>\n\t\t\t\t<\/div>\n\t\t<div class=\"elementor-element elementor-element-9273f80 e-flex e-con-boxed e-con e-parent\" data-id=\"9273f80\" data-element_type=\"container\">\n\t\t\t\t\t<div class=\"e-con-inner\">\n\t\t\t\t<div class=\"elementor-element elementor-element-e006954 elementor-widget elementor-widget-text-editor\" data-id=\"e006954\" data-element_type=\"widget\" data-widget_type=\"text-editor.default\">\n\t\t\t\t\t\t\t\t\t<h2 data-start=\"88\" data-end=\"111\">Termal Konfor Nedir?<\/h2><p data-start=\"113\" data-end=\"386\">Termal konfor denince genellikle ilk akla gelen hava s\u0131cakl\u0131\u011f\u0131d\u0131r. Ancak hava s\u0131cakl\u0131\u011f\u0131 tek ba\u015f\u0131na termal konforu belirlemek i\u00e7in yeterli de\u011fildir. \u00c7\u00fcnk\u00fc termal konfor, hava s\u0131cakl\u0131\u011f\u0131n\u0131n yan\u0131 s\u0131ra \u00e7evresel ve ki\u015fisel fakt\u00f6rlerin bir arada de\u011ferlendirilmesiyle ortaya \u00e7\u0131kar.<\/p><h3 data-start=\"388\" data-end=\"426\">Termal Konforu Etkileyen Fakt\u00f6rler<\/h3><p data-start=\"428\" data-end=\"453\"><strong data-start=\"428\" data-end=\"451\">\u00c7evresel Fakt\u00f6rler:<\/strong><\/p><ul data-start=\"454\" data-end=\"528\"><li data-start=\"454\" data-end=\"472\"><p data-start=\"456\" data-end=\"472\">Hava s\u0131cakl\u0131\u011f\u0131<\/p><\/li><li data-start=\"473\" data-end=\"500\"><p data-start=\"475\" data-end=\"500\">Radyan \u0131s\u0131 (\u0131\u015f\u0131yan \u0131s\u0131)<\/p><\/li><li data-start=\"501\" data-end=\"514\"><p data-start=\"503\" data-end=\"514\">Hava h\u0131z\u0131<\/p><\/li><li data-start=\"515\" data-end=\"528\"><p data-start=\"517\" data-end=\"528\">Nem oran\u0131<\/p><\/li><\/ul><p data-start=\"530\" data-end=\"554\"><strong data-start=\"530\" data-end=\"552\">Ki\u015fisel Fakt\u00f6rler:<\/strong><\/p><ul data-start=\"555\" data-end=\"619\"><li data-start=\"555\" data-end=\"564\"><p data-start=\"557\" data-end=\"564\">Giyim<\/p><\/li><li data-start=\"565\" data-end=\"619\"><p data-start=\"567\" data-end=\"619\">Metabolik s\u0131cakl\u0131k (v\u00fccut taraf\u0131ndan \u00fcretilen \u0131s\u0131)<\/p><\/li><\/ul><hr data-start=\"621\" data-end=\"624\" \/><h3 data-start=\"626\" data-end=\"648\">\u00c7evresel Fakt\u00f6rler<\/h3><p data-start=\"650\" data-end=\"749\"><strong data-start=\"650\" data-end=\"669\">Hava S\u0131cakl\u0131\u011f\u0131:<\/strong><br data-start=\"669\" data-end=\"672\" \/>\u00c7evremizdeki havan\u0131n s\u0131cakl\u0131\u011f\u0131d\u0131r ve genellikle \u00b0C ya da \u00b0F ile ifade edilir.<\/p><p data-start=\"751\" data-end=\"1031\"><strong data-start=\"751\" data-end=\"766\">Radyan Is\u0131:<\/strong><br data-start=\"766\" data-end=\"769\" \/>S\u0131cak nesnelerden yay\u0131lan \u0131\u015f\u0131yan \u0131s\u0131d\u0131r. V\u00fccudumuz \u00e7evreden gelen radyan \u0131s\u0131y\u0131 hava s\u0131cakl\u0131\u011f\u0131ndan daha fazla hisseder. \u00d6rne\u011fin, g\u00fcne\u015f \u0131\u015f\u0131nlar\u0131, ocak, ate\u015f veya makinelerden yay\u0131lan radyan \u0131s\u0131 buna \u00f6rnektir. Yans\u0131t\u0131c\u0131 giysilerle bu \u0131s\u0131 absorpsiyonu azalt\u0131labilir.<\/p><p data-start=\"1033\" data-end=\"1406\"><strong data-start=\"1033\" data-end=\"1047\">Hava H\u0131z\u0131:<\/strong><br data-start=\"1047\" data-end=\"1050\" \/>Ortamda hareket eden hava h\u0131z\u0131d\u0131r. Serin havan\u0131n hareketi, v\u00fccudun serinlemesine yard\u0131mc\u0131 olur. Ancak kapal\u0131 alanlarda hareketsiz, so\u011futulmu\u015f hava insanlar taraf\u0131ndan havas\u0131z ve rahats\u0131z edici bulunabilir. S\u0131cak ve nemli ortamlarda hava hareketi terin buharla\u015fmas\u0131n\u0131 kolayla\u015ft\u0131rarak serinleme sa\u011flar. \u00c7ok h\u0131zl\u0131 hava hareketi ise cereyan etkisi yaratabilir.<\/p><p data-start=\"1408\" data-end=\"1764\"><strong data-start=\"1408\" data-end=\"1416\">Nem:<\/strong><br data-start=\"1416\" data-end=\"1419\" \/>Havadaki su buhar\u0131 miktar\u0131d\u0131r. Nem oran\u0131 %40-70 aral\u0131\u011f\u0131nda oldu\u011funda termal konfor \u00fczerinde fazla etkisi olmaz. Ancak nem oran\u0131 %70\u2019in \u00fczerinde ise terin buharla\u015fmas\u0131 zorla\u015f\u0131r, bu da insan\u0131n \u0131s\u0131s\u0131n\u0131 d\u00fc\u015f\u00fcrmesini engeller ve rahats\u0131zl\u0131k yarat\u0131r. Nem, \u00f6zellikle i\u00e7 mekanlarda kurutma i\u015flemleri veya iklimlendirme sistemi olmayan yerlerde artabilir.<\/p><hr data-start=\"1766\" data-end=\"1769\" \/><h3 data-start=\"1771\" data-end=\"1792\">Ki\u015fisel Fakt\u00f6rler<\/h3><p data-start=\"1794\" data-end=\"2133\"><strong data-start=\"1794\" data-end=\"1804\">Giyim:<\/strong><br data-start=\"1804\" data-end=\"1807\" \/>Giysiler v\u00fccudun \u0131s\u0131 kayb\u0131n\u0131 engeller. \u00c7ok kal\u0131n giysiler, \u00f6zellikle s\u0131cak olmasa bile \u0131s\u0131 stresine neden olabilir. Ayn\u0131 \u015fekilde yetersiz giyim so\u011fukta hastal\u0131klara yol a\u00e7abilir. Giyim, termal konforu sa\u011flayan bir kontrol mekanizmas\u0131d\u0131r, ancak baz\u0131 i\u015fyerlerinde verilen \u00fcniformalar \u00e7al\u0131\u015fanlar\u0131n bu kontrol\u00fc yapmas\u0131n\u0131 engeller.<\/p><p data-start=\"2135\" data-end=\"2408\"><strong data-start=\"2135\" data-end=\"2158\">Metabolik S\u0131cakl\u0131k:<\/strong><br data-start=\"2158\" data-end=\"2161\" \/>Yapt\u0131\u011f\u0131m\u0131z i\u015fin fiziksel aktivite d\u00fczeyi, v\u00fccudun \u00fcretti\u011fi \u0131s\u0131y\u0131 belirler. Ne kadar \u00e7ok hareket edilirse, o kadar \u00e7ok \u0131s\u0131 a\u00e7\u0131\u011fa \u00e7\u0131kar ve bu \u0131s\u0131n\u0131n d\u0131\u015far\u0131 at\u0131lmas\u0131 gerekir. Bu nedenle metabolik s\u0131cakl\u0131k termal konfor \u00fczerinde b\u00fcy\u00fck etkiye sahiptir.<\/p><hr data-start=\"2410\" data-end=\"2413\" \/><h3 data-start=\"2415\" data-end=\"2446\">Ki\u015fisel \u00d6zelliklerin Etkisi<\/h3><p data-start=\"2448\" data-end=\"2703\">Hava s\u0131cakl\u0131\u011f\u0131, nem ve hava h\u0131z\u0131 sabit olsa bile, \u00e7al\u0131\u015fanlar\u0131n ya\u015f, kilo, boy, cinsiyet ve kondisyon gibi \u00f6zellikleri termal konfor alg\u0131lar\u0131n\u0131 farkl\u0131la\u015ft\u0131r\u0131r. Bu y\u00fczden termal konfor de\u011ferlendirilirken bu ki\u015fisel fakt\u00f6rler de g\u00f6z \u00f6n\u00fcnde bulundurulmal\u0131d\u0131r.<\/p>\t\t\t\t\t\t\t\t<\/div>\n\t\t\t\t\t<\/div>\n\t\t\t\t<\/div>\n\t\t\t\t<\/div>\n\t\t","protected":false},"excerpt":{"rendered":"<p>Termal Konfor Nedir? Termal konfor denince genellikle ilk akla gelen hava s\u0131cakl\u0131\u011f\u0131d\u0131r. Ancak hava s\u0131cakl\u0131\u011f\u0131 tek ba\u015f\u0131na termal konforu belirlemek i\u00e7in yeterli de\u011fildir. \u00c7\u00fcnk\u00fc termal konfor, hava s\u0131cakl\u0131\u011f\u0131n\u0131n yan\u0131 s\u0131ra \u00e7evresel ve ki\u015fisel fakt\u00f6rlerin bir arada de\u011ferlendirilmesiyle ortaya \u00e7\u0131kar. Termal Konforu Etkileyen Fakt\u00f6rler \u00c7evresel Fakt\u00f6rler: Hava s\u0131cakl\u0131\u011f\u0131 Radyan \u0131s\u0131 (\u0131\u015f\u0131yan \u0131s\u0131) Hava h\u0131z\u0131 Nem oran\u0131 [&hellip;]<\/p>\n","protected":false},"author":1,"featured_media":0,"parent":0,"menu_order":0,"comment_status":"closed","ping_status":"closed","template":"","meta":{"footnotes":""},"class_list":["post-326","page","type-page","status-publish","hentry"],"blocksy_meta":[],"yoast_head":"<!-- This site is optimized with the Yoast SEO plugin v25.6 - https:\/\/yoast.com\/wordpress\/plugins\/seo\/ -->\n<title>Termal Konfor \u00d6l\u00e7\u00fcm\u00fc -<\/title>\n<meta name=\"robots\" content=\"index, follow, max-snippet:-1, max-image-preview:large, max-video-preview:-1\" \/>\n<link rel=\"canonical\" href=\"https:\/\/demo.ipekosgb.com.tr\/?page_id=326\" \/>\n<meta property=\"og:locale\" content=\"tr_TR\" \/>\n<meta property=\"og:type\" content=\"article\" \/>\n<meta property=\"og:title\" content=\"Termal Konfor \u00d6l\u00e7\u00fcm\u00fc -\" \/>\n<meta property=\"og:description\" content=\"Termal Konfor Nedir? Termal konfor denince genellikle ilk akla gelen hava s\u0131cakl\u0131\u011f\u0131d\u0131r. Ancak hava s\u0131cakl\u0131\u011f\u0131 tek ba\u015f\u0131na termal konforu belirlemek i\u00e7in yeterli de\u011fildir. \u00c7\u00fcnk\u00fc termal konfor, hava s\u0131cakl\u0131\u011f\u0131n\u0131n yan\u0131 s\u0131ra \u00e7evresel ve ki\u015fisel fakt\u00f6rlerin bir arada de\u011ferlendirilmesiyle ortaya \u00e7\u0131kar. Termal Konforu Etkileyen Fakt\u00f6rler \u00c7evresel Fakt\u00f6rler: Hava s\u0131cakl\u0131\u011f\u0131 Radyan \u0131s\u0131 (\u0131\u015f\u0131yan \u0131s\u0131) Hava h\u0131z\u0131 Nem oran\u0131 [&hellip;]\" \/>\n<meta property=\"og:url\" content=\"https:\/\/demo.ipekosgb.com.tr\/?page_id=326\" \/>\n<meta property=\"article:modified_time\" content=\"2025-08-07T07:11:09+00:00\" \/>\n<meta property=\"og:image\" content=\"https:\/\/demo.ipekosgb.com.tr\/wp-content\/uploads\/2025\/08\/1-1-23.jpg\" \/>\n\t<meta property=\"og:image:width\" content=\"2048\" \/>\n\t<meta property=\"og:image:height\" content=\"1368\" \/>\n\t<meta property=\"og:image:type\" content=\"image\/jpeg\" \/>\n<meta name=\"twitter:card\" content=\"summary_large_image\" \/>\n<meta name=\"twitter:label1\" content=\"Tahmini okuma s\u00fcresi\" \/>\n\t<meta name=\"twitter:data1\" content=\"2 dakika\" \/>\n<script type=\"application\/ld+json\" class=\"yoast-schema-graph\">{\"@context\":\"https:\/\/schema.org\",\"@graph\":[{\"@type\":\"WebPage\",\"@id\":\"https:\/\/demo.ipekosgb.com.tr\/?page_id=326\",\"url\":\"https:\/\/demo.ipekosgb.com.tr\/?page_id=326\",\"name\":\"Termal Konfor \u00d6l\u00e7\u00fcm\u00fc -\",\"isPartOf\":{\"@id\":\"https:\/\/demo.ipekosgb.com.tr\/#website\"},\"primaryImageOfPage\":{\"@id\":\"https:\/\/demo.ipekosgb.com.tr\/?page_id=326#primaryimage\"},\"image\":{\"@id\":\"https:\/\/demo.ipekosgb.com.tr\/?page_id=326#primaryimage\"},\"thumbnailUrl\":\"https:\/\/demo.ipekosgb.com.tr\/wp-content\/uploads\/2025\/08\/1-1-23-1536x1026.jpg\",\"datePublished\":\"2025-08-07T07:10:35+00:00\",\"dateModified\":\"2025-08-07T07:11:09+00:00\",\"breadcrumb\":{\"@id\":\"https:\/\/demo.ipekosgb.com.tr\/?page_id=326#breadcrumb\"},\"inLanguage\":\"tr\",\"potentialAction\":[{\"@type\":\"ReadAction\",\"target\":[\"https:\/\/demo.ipekosgb.com.tr\/?page_id=326\"]}]},{\"@type\":\"ImageObject\",\"inLanguage\":\"tr\",\"@id\":\"https:\/\/demo.ipekosgb.com.tr\/?page_id=326#primaryimage\",\"url\":\"https:\/\/demo.ipekosgb.com.tr\/wp-content\/uploads\/2025\/08\/1-1-23.jpg\",\"contentUrl\":\"https:\/\/demo.ipekosgb.com.tr\/wp-content\/uploads\/2025\/08\/1-1-23.jpg\",\"width\":2048,\"height\":1368,\"caption\":\"air conditioning, condition, temperature, cool\"},{\"@type\":\"BreadcrumbList\",\"@id\":\"https:\/\/demo.ipekosgb.com.tr\/?page_id=326#breadcrumb\",\"itemListElement\":[{\"@type\":\"ListItem\",\"position\":1,\"name\":\"Anasayfa\",\"item\":\"https:\/\/demo.ipekosgb.com.tr\/\"},{\"@type\":\"ListItem\",\"position\":2,\"name\":\"Termal Konfor \u00d6l\u00e7\u00fcm\u00fc\"}]},{\"@type\":\"WebSite\",\"@id\":\"https:\/\/demo.ipekosgb.com.tr\/#website\",\"url\":\"https:\/\/demo.ipekosgb.com.tr\/\",\"name\":\"\",\"description\":\"\",\"potentialAction\":[{\"@type\":\"SearchAction\",\"target\":{\"@type\":\"EntryPoint\",\"urlTemplate\":\"https:\/\/demo.ipekosgb.com.tr\/?s={search_term_string}\"},\"query-input\":{\"@type\":\"PropertyValueSpecification\",\"valueRequired\":true,\"valueName\":\"search_term_string\"}}],\"inLanguage\":\"tr\"}]}<\/script>\n<!-- \/ Yoast SEO plugin. -->","yoast_head_json":{"title":"Termal Konfor \u00d6l\u00e7\u00fcm\u00fc -","robots":{"index":"index","follow":"follow","max-snippet":"max-snippet:-1","max-image-preview":"max-image-preview:large","max-video-preview":"max-video-preview:-1"},"canonical":"https:\/\/demo.ipekosgb.com.tr\/?page_id=326","og_locale":"tr_TR","og_type":"article","og_title":"Termal Konfor \u00d6l\u00e7\u00fcm\u00fc -","og_description":"Termal Konfor Nedir? Termal konfor denince genellikle ilk akla gelen hava s\u0131cakl\u0131\u011f\u0131d\u0131r. Ancak hava s\u0131cakl\u0131\u011f\u0131 tek ba\u015f\u0131na termal konforu belirlemek i\u00e7in yeterli de\u011fildir. \u00c7\u00fcnk\u00fc termal konfor, hava s\u0131cakl\u0131\u011f\u0131n\u0131n yan\u0131 s\u0131ra \u00e7evresel ve ki\u015fisel fakt\u00f6rlerin bir arada de\u011ferlendirilmesiyle ortaya \u00e7\u0131kar. Termal Konforu Etkileyen Fakt\u00f6rler \u00c7evresel Fakt\u00f6rler: Hava s\u0131cakl\u0131\u011f\u0131 Radyan \u0131s\u0131 (\u0131\u015f\u0131yan \u0131s\u0131) Hava h\u0131z\u0131 Nem oran\u0131 [&hellip;]","og_url":"https:\/\/demo.ipekosgb.com.tr\/?page_id=326","article_modified_time":"2025-08-07T07:11:09+00:00","og_image":[{"width":2048,"height":1368,"url":"https:\/\/demo.ipekosgb.com.tr\/wp-content\/uploads\/2025\/08\/1-1-23.jpg","type":"image\/jpeg"}],"twitter_card":"summary_large_image","twitter_misc":{"Tahmini okuma s\u00fcresi":"2 dakika"},"schema":{"@context":"https:\/\/schema.org","@graph":[{"@type":"WebPage","@id":"https:\/\/demo.ipekosgb.com.tr\/?page_id=326","url":"https:\/\/demo.ipekosgb.com.tr\/?page_id=326","name":"Termal Konfor \u00d6l\u00e7\u00fcm\u00fc -","isPartOf":{"@id":"https:\/\/demo.ipekosgb.com.tr\/#website"},"primaryImageOfPage":{"@id":"https:\/\/demo.ipekosgb.com.tr\/?page_id=326#primaryimage"},"image":{"@id":"https:\/\/demo.ipekosgb.com.tr\/?page_id=326#primaryimage"},"thumbnailUrl":"https:\/\/demo.ipekosgb.com.tr\/wp-content\/uploads\/2025\/08\/1-1-23-1536x1026.jpg","datePublished":"2025-08-07T07:10:35+00:00","dateModified":"2025-08-07T07:11:09+00:00","breadcrumb":{"@id":"https:\/\/demo.ipekosgb.com.tr\/?page_id=326#breadcrumb"},"inLanguage":"tr","potentialAction":[{"@type":"ReadAction","target":["https:\/\/demo.ipekosgb.com.tr\/?page_id=326"]}]},{"@type":"ImageObject","inLanguage":"tr","@id":"https:\/\/demo.ipekosgb.com.tr\/?page_id=326#primaryimage","url":"https:\/\/demo.ipekosgb.com.tr\/wp-content\/uploads\/2025\/08\/1-1-23.jpg","contentUrl":"https:\/\/demo.ipekosgb.com.tr\/wp-content\/uploads\/2025\/08\/1-1-23.jpg","width":2048,"height":1368,"caption":"air conditioning, condition, temperature, cool"},{"@type":"BreadcrumbList","@id":"https:\/\/demo.ipekosgb.com.tr\/?page_id=326#breadcrumb","itemListElement":[{"@type":"ListItem","position":1,"name":"Anasayfa","item":"https:\/\/demo.ipekosgb.com.tr\/"},{"@type":"ListItem","position":2,"name":"Termal Konfor \u00d6l\u00e7\u00fcm\u00fc"}]},{"@type":"WebSite","@id":"https:\/\/demo.ipekosgb.com.tr\/#website","url":"https:\/\/demo.ipekosgb.com.tr\/","name":"","description":"","potentialAction":[{"@type":"SearchAction","target":{"@type":"EntryPoint","urlTemplate":"https:\/\/demo.ipekosgb.com.tr\/?s={search_term_string}"},"query-input":{"@type":"PropertyValueSpecification","valueRequired":true,"valueName":"search_term_string"}}],"inLanguage":"tr"}]}},"_links":{"self":[{"href":"https:\/\/demo.ipekosgb.com.tr\/index.php?rest_route=\/wp\/v2\/pages\/326","targetHints":{"allow":["GET"]}}],"collection":[{"href":"https:\/\/demo.ipekosgb.com.tr\/index.php?rest_route=\/wp\/v2\/pages"}],"about":[{"href":"https:\/\/demo.ipekosgb.com.tr\/index.php?rest_route=\/wp\/v2\/types\/page"}],"author":[{"embeddable":true,"href":"https:\/\/demo.ipekosgb.com.tr\/index.php?rest_route=\/wp\/v2\/users\/1"}],"replies":[{"embeddable":true,"href":"https:\/\/demo.ipekosgb.com.tr\/index.php?rest_route=%2Fwp%2Fv2%2Fcomments&post=326"}],"version-history":[{"count":7,"href":"https:\/\/demo.ipekosgb.com.tr\/index.php?rest_route=\/wp\/v2\/pages\/326\/revisions"}],"predecessor-version":[{"id":334,"href":"https:\/\/demo.ipekosgb.com.tr\/index.php?rest_route=\/wp\/v2\/pages\/326\/revisions\/334"}],"wp:attachment":[{"href":"https:\/\/demo.ipekosgb.com.tr\/index.php?rest_route=%2Fwp%2Fv2%2Fmedia&parent=326"}],"curies":[{"name":"wp","href":"https:\/\/api.w.org\/{rel}","templated":true}]}}