{"id":344,"date":"2025-08-07T07:15:09","date_gmt":"2025-08-07T07:15:09","guid":{"rendered":"https:\/\/demo.ipekosgb.com.tr\/?page_id=344"},"modified":"2025-08-07T07:16:34","modified_gmt":"2025-08-07T07:16:34","slug":"toplam-voc-olcumu","status":"publish","type":"page","link":"https:\/\/demo.ipekosgb.com.tr\/?page_id=344","title":{"rendered":"Toplam Voc \u00d6l\u00e7\u00fcm\u00fc"},"content":{"rendered":"\t\t<div data-elementor-type=\"wp-page\" data-elementor-id=\"344\" class=\"elementor elementor-344\">\n\t\t\t\t<div class=\"elementor-element elementor-element-b71dc17 e-flex e-con-boxed e-con e-parent\" data-id=\"b71dc17\" data-element_type=\"container\">\n\t\t\t\t\t<div class=\"e-con-inner\">\n\t\t\t\t<div class=\"elementor-element elementor-element-8480dea elementor-widget__width-auto elementor-widget elementor-widget-image\" data-id=\"8480dea\" data-element_type=\"widget\" data-widget_type=\"image.default\">\n\t\t\t\t\t\t\t\t\t\t\t\t\t\t\t<img fetchpriority=\"high\" decoding=\"async\" width=\"1536\" height=\"1024\" src=\"https:\/\/demo.ipekosgb.com.tr\/wp-content\/uploads\/2025\/08\/1-1-25-1536x1024.jpg\" class=\"attachment-1536x1536 size-1536x1536 wp-image-346\" alt=\"\" srcset=\"https:\/\/demo.ipekosgb.com.tr\/wp-content\/uploads\/2025\/08\/1-1-25-1536x1024.jpg 1536w, https:\/\/demo.ipekosgb.com.tr\/wp-content\/uploads\/2025\/08\/1-1-25-300x200.jpg 300w, https:\/\/demo.ipekosgb.com.tr\/wp-content\/uploads\/2025\/08\/1-1-25-1024x683.jpg 1024w, https:\/\/demo.ipekosgb.com.tr\/wp-content\/uploads\/2025\/08\/1-1-25-768x512.jpg 768w, https:\/\/demo.ipekosgb.com.tr\/wp-content\/uploads\/2025\/08\/1-1-25.jpg 2048w\" sizes=\"(max-width: 1536px) 100vw, 1536px\" \/>\t\t\t\t\t\t\t\t\t\t\t\t\t\t\t<\/div>\n\t\t\t\t\t<\/div>\n\t\t\t\t<\/div>\n\t\t<div class=\"elementor-element elementor-element-38bf4f9 e-flex e-con-boxed e-con e-parent\" data-id=\"38bf4f9\" data-element_type=\"container\">\n\t\t\t\t\t<div class=\"e-con-inner\">\n\t\t\t\t\t<\/div>\n\t\t\t\t<\/div>\n\t\t<div class=\"elementor-element elementor-element-9273f80 e-flex e-con-boxed e-con e-parent\" data-id=\"9273f80\" data-element_type=\"container\">\n\t\t\t\t\t<div class=\"e-con-inner\">\n\t\t\t\t<div class=\"elementor-element elementor-element-e006954 elementor-widget elementor-widget-text-editor\" data-id=\"e006954\" data-element_type=\"widget\" data-widget_type=\"text-editor.default\">\n\t\t\t\t\t\t\t\t\t<h2 data-start=\"131\" data-end=\"162\">Ortam Kimyasal Gaz \u00d6l\u00e7\u00fcmleri<\/h2><p data-start=\"164\" data-end=\"376\">\u0130\u015fyeri ortam\u0131nda kimyasal gazlar\u0131n varl\u0131\u011f\u0131, \u00e7al\u0131\u015fanlar\u0131n sa\u011fl\u0131\u011f\u0131 a\u00e7\u0131s\u0131ndan ciddi riskler ta\u015f\u0131r. Bu nedenle ortam havas\u0131ndaki zararl\u0131 gazlar\u0131n \u00f6l\u00e7\u00fclmesi, i\u015f sa\u011fl\u0131\u011f\u0131 ve g\u00fcvenli\u011fi kapsam\u0131nda yasal bir zorunluluktur.<\/p><h3 data-start=\"378\" data-end=\"408\">Kullan\u0131lan \u00d6l\u00e7\u00fcm Cihazlar\u0131<\/h3><p data-start=\"410\" data-end=\"648\">G\u00fcn\u00fcm\u00fczde ortam havas\u0131ndaki kimyasal maddeleri \u00f6l\u00e7ebilen, <strong data-start=\"468\" data-end=\"498\">ta\u015f\u0131nabilir, k\u00fc\u00e7\u00fck, sa\u011flam<\/strong> ve <strong data-start=\"502\" data-end=\"522\">\u00e7oklu gaz \u00f6l\u00e7\u00fcm\u00fc<\/strong> yapabilen analiz cihazlar\u0131 kullan\u0131lmaktad\u0131r. Bu cihazlarla a\u015fa\u011f\u0131daki gibi bir\u00e7ok <strong data-start=\"604\" data-end=\"635\">u\u00e7ucu organik bile\u015fik (VOC)<\/strong> \u00f6l\u00e7\u00fclebilir:<\/p><ul data-start=\"650\" data-end=\"742\"><li data-start=\"650\" data-end=\"664\"><p data-start=\"652\" data-end=\"664\"><strong data-start=\"652\" data-end=\"664\">n-Hegzan<\/strong><\/p><\/li><li data-start=\"665\" data-end=\"677\"><p data-start=\"667\" data-end=\"677\"><strong data-start=\"667\" data-end=\"677\">Ksilen<\/strong><\/p><\/li><li data-start=\"678\" data-end=\"698\"><p data-start=\"680\" data-end=\"698\"><strong data-start=\"680\" data-end=\"698\">Trimetilbenzen<\/strong><\/p><\/li><li data-start=\"699\" data-end=\"711\"><p data-start=\"701\" data-end=\"711\"><strong data-start=\"701\" data-end=\"711\">Benzen<\/strong><\/p><\/li><li data-start=\"712\" data-end=\"724\"><p data-start=\"714\" data-end=\"724\"><strong data-start=\"714\" data-end=\"724\">Toluen<\/strong><\/p><\/li><li data-start=\"725\" data-end=\"742\"><p data-start=\"727\" data-end=\"742\"><strong data-start=\"727\" data-end=\"742\">Formaldehit<\/strong><\/p><\/li><\/ul><p data-start=\"744\" data-end=\"763\">Bunlar\u0131n yan\u0131 s\u0131ra:<\/p><ul data-start=\"764\" data-end=\"855\"><li data-start=\"764\" data-end=\"773\"><p data-start=\"766\" data-end=\"773\"><strong data-start=\"766\" data-end=\"773\">VOC<\/strong><\/p><\/li><li data-start=\"774\" data-end=\"785\"><p data-start=\"776\" data-end=\"785\"><strong data-start=\"776\" data-end=\"785\">Metan<\/strong><\/p><\/li><li data-start=\"786\" data-end=\"855\"><p data-start=\"788\" data-end=\"855\"><strong data-start=\"788\" data-end=\"813\">Hidrojen s\u00fclf\u00fcr (H\u2082S)<\/strong> gibi gazlar\u0131n da \u00f6l\u00e7\u00fcmleri yap\u0131lmaktad\u0131r.<\/p><\/li><\/ul><hr data-start=\"857\" data-end=\"860\" \/><h3 data-start=\"862\" data-end=\"890\">\u00d6l\u00e7\u00fcm Zaman\u0131 ve \u015eartlar\u0131<\/h3><p data-start=\"892\" data-end=\"908\">Ortam \u00f6l\u00e7\u00fcmleri;<\/p><ul data-start=\"909\" data-end=\"1141\"><li data-start=\"909\" data-end=\"945\"><p data-start=\"911\" data-end=\"945\"><strong data-start=\"911\" data-end=\"945\">\u00c7al\u0131\u015fman\u0131n en yo\u011fun yap\u0131ld\u0131\u011f\u0131,<\/strong><\/p><\/li><li data-start=\"946\" data-end=\"1141\"><p data-start=\"948\" data-end=\"1141\"><strong data-start=\"948\" data-end=\"995\">Buharla\u015fma ya da tozuman\u0131n en y\u00fcksek oldu\u011fu<\/strong><br \/>zamanlarda ger\u00e7ekle\u015ftirilmelidir.<br data-start=\"1029\" data-end=\"1032\" \/>Ayr\u0131ca <strong data-start=\"1039\" data-end=\"1076\">temizlik ve bak\u0131m gibi i\u015flemlerin<\/strong> i\u015fyeri ko\u015fullar\u0131n\u0131 de\u011fi\u015ftirdi\u011fi durumlar da dikkate al\u0131nmal\u0131d\u0131r.<\/p><\/li><\/ul><hr data-start=\"1143\" data-end=\"1146\" \/><h3 data-start=\"1148\" data-end=\"1177\">S\u0131n\u0131r De\u011ferler ve Mevzuat<\/h3><p data-start=\"1179\" data-end=\"1349\">Kimyasal gazlar\u0131n i\u015fyeri ortam\u0131ndaki miktar\u0131 belirli s\u0131n\u0131r de\u011ferlerin alt\u0131nda olmal\u0131d\u0131r. Bu s\u0131n\u0131rlar hem <strong data-start=\"1284\" data-end=\"1322\">uluslararas\u0131 hem de ulusal mevzuat<\/strong> taraf\u0131ndan belirlenmi\u015ftir:<\/p><h4 data-start=\"1351\" data-end=\"1381\">Uluslararas\u0131 Referanslar:<\/h4><ul data-start=\"1382\" data-end=\"1537\"><li data-start=\"1382\" data-end=\"1438\"><p data-start=\"1384\" data-end=\"1438\"><strong data-start=\"1384\" data-end=\"1397\">ACGIH TLV<\/strong>: E\u015fik s\u0131n\u0131r de\u011feri (g\u00fcnl\u00fck 8 saat i\u00e7in).<\/p><\/li><li data-start=\"1439\" data-end=\"1493\"><p data-start=\"1441\" data-end=\"1493\"><strong data-start=\"1441\" data-end=\"1453\">OSHA PEL<\/strong>: M\u00fcsaade edilen maruziyet s\u0131n\u0131r de\u011feri.<\/p><\/li><li data-start=\"1494\" data-end=\"1537\"><p data-start=\"1496\" data-end=\"1537\"><strong data-start=\"1496\" data-end=\"1509\">NIOSH REL<\/strong>: \u00d6nerilen maruziyet limiti.<\/p><\/li><\/ul><p data-start=\"1539\" data-end=\"1548\">Birimler:<\/p><ul data-start=\"1549\" data-end=\"1611\"><li data-start=\"1549\" data-end=\"1585\"><p data-start=\"1551\" data-end=\"1585\">Hacim i\u00e7in: <strong data-start=\"1563\" data-end=\"1585\">ppm (par\u00e7a\/milyon)<\/strong><\/p><\/li><li data-start=\"1586\" data-end=\"1611\"><p data-start=\"1588\" data-end=\"1611\">A\u011f\u0131rl\u0131k i\u00e7in: <strong data-start=\"1602\" data-end=\"1611\">mg\/m\u00b3<\/strong><\/p><\/li><\/ul><h4 data-start=\"1613\" data-end=\"1633\">Ulusal Mevzuat:<\/h4><p data-start=\"1634\" data-end=\"1732\"><strong data-start=\"1634\" data-end=\"1719\">Kimyasal Maddelerle \u00c7al\u0131\u015fmalarda Sa\u011fl\u0131k ve G\u00fcvenlik \u00d6nlemleri Hakk\u0131nda Y\u00f6netmelik<\/strong> esas al\u0131n\u0131r.<\/p><ul data-start=\"1734\" data-end=\"2111\"><li data-start=\"1734\" data-end=\"1886\"><p data-start=\"1736\" data-end=\"1773\"><strong data-start=\"1736\" data-end=\"1771\">TLV-TWA (Time Weighted Average)<\/strong><\/p><ul data-start=\"1776\" data-end=\"1886\"><li data-start=\"1776\" data-end=\"1886\"><p data-start=\"1778\" data-end=\"1886\">G\u00fcnl\u00fck 8 saat \/ haftal\u0131k 40 saatlik \u00e7al\u0131\u015fma s\u00fcresi i\u00e7inde, s\u00fcrekli maruziyet i\u00e7in belirlenen s\u0131n\u0131r de\u011ferdir.<\/p><\/li><\/ul><\/li><li data-start=\"1888\" data-end=\"2111\"><p data-start=\"1890\" data-end=\"1932\"><strong data-start=\"1890\" data-end=\"1930\">TLV-STEL (Short-Term Exposure Limit)<\/strong><\/p><ul data-start=\"1935\" data-end=\"2111\"><li data-start=\"1935\" data-end=\"2002\"><p data-start=\"1937\" data-end=\"2002\">15 dakikal\u0131k k\u0131sa s\u00fcreli maruziyetler i\u00e7in belirlenen de\u011ferdir.<\/p><\/li><li data-start=\"2005\" data-end=\"2047\"><p data-start=\"2007\" data-end=\"2047\">G\u00fcnde 4 kereden fazla tekrarlanmamal\u0131,<\/p><\/li><li data-start=\"2050\" data-end=\"2111\"><p data-start=\"2052\" data-end=\"2111\">Maruziyetler aras\u0131nda <strong data-start=\"2074\" data-end=\"2093\">en az 60 dakika<\/strong> ara verilmelidir.<\/p><\/li><\/ul><\/li><\/ul><hr data-start=\"2113\" data-end=\"2116\" \/><h3 data-start=\"2118\" data-end=\"2127\">\u00a0<\/h3><p data-start=\"2129\" data-end=\"2447\">Kimyasal gaz \u00f6l\u00e7\u00fcmleri, i\u015fyerlerinde <strong data-start=\"2166\" data-end=\"2198\">maruziyet riskini belirlemek<\/strong>, <strong data-start=\"2200\" data-end=\"2215\">\u00f6nlem almak<\/strong> ve <strong data-start=\"2219\" data-end=\"2259\">yasal y\u00fck\u00fcml\u00fcl\u00fckleri yerine getirmek<\/strong> i\u00e7in kritik bir ad\u0131md\u0131r. Bu \u00f6l\u00e7\u00fcmler sonucunda haz\u0131rlanan raporlar, i\u015fverenin hem \u00e7al\u0131\u015fan sa\u011fl\u0131\u011f\u0131n\u0131 korumas\u0131n\u0131 hem de denetimlerde sorumluluklar\u0131n\u0131 yerine getirdi\u011fini g\u00f6stermesini sa\u011flar.<\/p>\t\t\t\t\t\t\t\t<\/div>\n\t\t\t\t\t<\/div>\n\t\t\t\t<\/div>\n\t\t\t\t<\/div>\n\t\t","protected":false},"excerpt":{"rendered":"<p>Ortam Kimyasal Gaz \u00d6l\u00e7\u00fcmleri \u0130\u015fyeri ortam\u0131nda kimyasal gazlar\u0131n varl\u0131\u011f\u0131, \u00e7al\u0131\u015fanlar\u0131n sa\u011fl\u0131\u011f\u0131 a\u00e7\u0131s\u0131ndan ciddi riskler ta\u015f\u0131r. Bu nedenle ortam havas\u0131ndaki zararl\u0131 gazlar\u0131n \u00f6l\u00e7\u00fclmesi, i\u015f sa\u011fl\u0131\u011f\u0131 ve g\u00fcvenli\u011fi kapsam\u0131nda yasal bir zorunluluktur. Kullan\u0131lan \u00d6l\u00e7\u00fcm Cihazlar\u0131 G\u00fcn\u00fcm\u00fczde ortam havas\u0131ndaki kimyasal maddeleri \u00f6l\u00e7ebilen, ta\u015f\u0131nabilir, k\u00fc\u00e7\u00fck, sa\u011flam ve \u00e7oklu gaz \u00f6l\u00e7\u00fcm\u00fc yapabilen analiz cihazlar\u0131 kullan\u0131lmaktad\u0131r. Bu cihazlarla a\u015fa\u011f\u0131daki gibi bir\u00e7ok [&hellip;]<\/p>\n","protected":false},"author":1,"featured_media":0,"parent":0,"menu_order":0,"comment_status":"closed","ping_status":"closed","template":"","meta":{"footnotes":""},"class_list":["post-344","page","type-page","status-publish","hentry"],"blocksy_meta":[],"yoast_head":"<!-- This site is optimized with the Yoast SEO plugin v25.6 - https:\/\/yoast.com\/wordpress\/plugins\/seo\/ -->\n<title>Toplam Voc \u00d6l\u00e7\u00fcm\u00fc -<\/title>\n<meta name=\"robots\" content=\"index, follow, max-snippet:-1, max-image-preview:large, max-video-preview:-1\" \/>\n<link rel=\"canonical\" href=\"https:\/\/demo.ipekosgb.com.tr\/?page_id=344\" \/>\n<meta property=\"og:locale\" content=\"tr_TR\" \/>\n<meta property=\"og:type\" content=\"article\" \/>\n<meta property=\"og:title\" content=\"Toplam Voc \u00d6l\u00e7\u00fcm\u00fc -\" \/>\n<meta property=\"og:description\" content=\"Ortam Kimyasal Gaz \u00d6l\u00e7\u00fcmleri \u0130\u015fyeri ortam\u0131nda kimyasal gazlar\u0131n varl\u0131\u011f\u0131, \u00e7al\u0131\u015fanlar\u0131n sa\u011fl\u0131\u011f\u0131 a\u00e7\u0131s\u0131ndan ciddi riskler ta\u015f\u0131r. Bu nedenle ortam havas\u0131ndaki zararl\u0131 gazlar\u0131n \u00f6l\u00e7\u00fclmesi, i\u015f sa\u011fl\u0131\u011f\u0131 ve g\u00fcvenli\u011fi kapsam\u0131nda yasal bir zorunluluktur. Kullan\u0131lan \u00d6l\u00e7\u00fcm Cihazlar\u0131 G\u00fcn\u00fcm\u00fczde ortam havas\u0131ndaki kimyasal maddeleri \u00f6l\u00e7ebilen, ta\u015f\u0131nabilir, k\u00fc\u00e7\u00fck, sa\u011flam ve \u00e7oklu gaz \u00f6l\u00e7\u00fcm\u00fc yapabilen analiz cihazlar\u0131 kullan\u0131lmaktad\u0131r. Bu cihazlarla a\u015fa\u011f\u0131daki gibi bir\u00e7ok [&hellip;]\" \/>\n<meta property=\"og:url\" content=\"https:\/\/demo.ipekosgb.com.tr\/?page_id=344\" \/>\n<meta property=\"article:modified_time\" content=\"2025-08-07T07:16:34+00:00\" \/>\n<meta property=\"og:image\" content=\"https:\/\/demo.ipekosgb.com.tr\/wp-content\/uploads\/2025\/08\/1-1-25.jpg\" \/>\n\t<meta property=\"og:image:width\" content=\"2048\" \/>\n\t<meta property=\"og:image:height\" content=\"1365\" \/>\n\t<meta property=\"og:image:type\" content=\"image\/jpeg\" \/>\n<meta name=\"twitter:card\" content=\"summary_large_image\" \/>\n<meta name=\"twitter:label1\" content=\"Tahmini okuma s\u00fcresi\" \/>\n\t<meta name=\"twitter:data1\" content=\"2 dakika\" \/>\n<script type=\"application\/ld+json\" class=\"yoast-schema-graph\">{\"@context\":\"https:\/\/schema.org\",\"@graph\":[{\"@type\":\"WebPage\",\"@id\":\"https:\/\/demo.ipekosgb.com.tr\/?page_id=344\",\"url\":\"https:\/\/demo.ipekosgb.com.tr\/?page_id=344\",\"name\":\"Toplam Voc \u00d6l\u00e7\u00fcm\u00fc -\",\"isPartOf\":{\"@id\":\"https:\/\/demo.ipekosgb.com.tr\/#website\"},\"primaryImageOfPage\":{\"@id\":\"https:\/\/demo.ipekosgb.com.tr\/?page_id=344#primaryimage\"},\"image\":{\"@id\":\"https:\/\/demo.ipekosgb.com.tr\/?page_id=344#primaryimage\"},\"thumbnailUrl\":\"https:\/\/demo.ipekosgb.com.tr\/wp-content\/uploads\/2025\/08\/1-1-25-1536x1024.jpg\",\"datePublished\":\"2025-08-07T07:15:09+00:00\",\"dateModified\":\"2025-08-07T07:16:34+00:00\",\"breadcrumb\":{\"@id\":\"https:\/\/demo.ipekosgb.com.tr\/?page_id=344#breadcrumb\"},\"inLanguage\":\"tr\",\"potentialAction\":[{\"@type\":\"ReadAction\",\"target\":[\"https:\/\/demo.ipekosgb.com.tr\/?page_id=344\"]}]},{\"@type\":\"ImageObject\",\"inLanguage\":\"tr\",\"@id\":\"https:\/\/demo.ipekosgb.com.tr\/?page_id=344#primaryimage\",\"url\":\"https:\/\/demo.ipekosgb.com.tr\/wp-content\/uploads\/2025\/08\/1-1-25.jpg\",\"contentUrl\":\"https:\/\/demo.ipekosgb.com.tr\/wp-content\/uploads\/2025\/08\/1-1-25.jpg\",\"width\":2048,\"height\":1365,\"caption\":\"Post apocalyptic survivor in gas mask in the smoke. Environmental disaster, armageddon concept.\"},{\"@type\":\"BreadcrumbList\",\"@id\":\"https:\/\/demo.ipekosgb.com.tr\/?page_id=344#breadcrumb\",\"itemListElement\":[{\"@type\":\"ListItem\",\"position\":1,\"name\":\"Anasayfa\",\"item\":\"https:\/\/demo.ipekosgb.com.tr\/\"},{\"@type\":\"ListItem\",\"position\":2,\"name\":\"Toplam Voc \u00d6l\u00e7\u00fcm\u00fc\"}]},{\"@type\":\"WebSite\",\"@id\":\"https:\/\/demo.ipekosgb.com.tr\/#website\",\"url\":\"https:\/\/demo.ipekosgb.com.tr\/\",\"name\":\"\",\"description\":\"\",\"potentialAction\":[{\"@type\":\"SearchAction\",\"target\":{\"@type\":\"EntryPoint\",\"urlTemplate\":\"https:\/\/demo.ipekosgb.com.tr\/?s={search_term_string}\"},\"query-input\":{\"@type\":\"PropertyValueSpecification\",\"valueRequired\":true,\"valueName\":\"search_term_string\"}}],\"inLanguage\":\"tr\"}]}<\/script>\n<!-- \/ Yoast SEO plugin. -->","yoast_head_json":{"title":"Toplam Voc \u00d6l\u00e7\u00fcm\u00fc -","robots":{"index":"index","follow":"follow","max-snippet":"max-snippet:-1","max-image-preview":"max-image-preview:large","max-video-preview":"max-video-preview:-1"},"canonical":"https:\/\/demo.ipekosgb.com.tr\/?page_id=344","og_locale":"tr_TR","og_type":"article","og_title":"Toplam Voc \u00d6l\u00e7\u00fcm\u00fc -","og_description":"Ortam Kimyasal Gaz \u00d6l\u00e7\u00fcmleri \u0130\u015fyeri ortam\u0131nda kimyasal gazlar\u0131n varl\u0131\u011f\u0131, \u00e7al\u0131\u015fanlar\u0131n sa\u011fl\u0131\u011f\u0131 a\u00e7\u0131s\u0131ndan ciddi riskler ta\u015f\u0131r. Bu nedenle ortam havas\u0131ndaki zararl\u0131 gazlar\u0131n \u00f6l\u00e7\u00fclmesi, i\u015f sa\u011fl\u0131\u011f\u0131 ve g\u00fcvenli\u011fi kapsam\u0131nda yasal bir zorunluluktur. Kullan\u0131lan \u00d6l\u00e7\u00fcm Cihazlar\u0131 G\u00fcn\u00fcm\u00fczde ortam havas\u0131ndaki kimyasal maddeleri \u00f6l\u00e7ebilen, ta\u015f\u0131nabilir, k\u00fc\u00e7\u00fck, sa\u011flam ve \u00e7oklu gaz \u00f6l\u00e7\u00fcm\u00fc yapabilen analiz cihazlar\u0131 kullan\u0131lmaktad\u0131r. Bu cihazlarla a\u015fa\u011f\u0131daki gibi bir\u00e7ok [&hellip;]","og_url":"https:\/\/demo.ipekosgb.com.tr\/?page_id=344","article_modified_time":"2025-08-07T07:16:34+00:00","og_image":[{"width":2048,"height":1365,"url":"https:\/\/demo.ipekosgb.com.tr\/wp-content\/uploads\/2025\/08\/1-1-25.jpg","type":"image\/jpeg"}],"twitter_card":"summary_large_image","twitter_misc":{"Tahmini okuma s\u00fcresi":"2 dakika"},"schema":{"@context":"https:\/\/schema.org","@graph":[{"@type":"WebPage","@id":"https:\/\/demo.ipekosgb.com.tr\/?page_id=344","url":"https:\/\/demo.ipekosgb.com.tr\/?page_id=344","name":"Toplam Voc \u00d6l\u00e7\u00fcm\u00fc -","isPartOf":{"@id":"https:\/\/demo.ipekosgb.com.tr\/#website"},"primaryImageOfPage":{"@id":"https:\/\/demo.ipekosgb.com.tr\/?page_id=344#primaryimage"},"image":{"@id":"https:\/\/demo.ipekosgb.com.tr\/?page_id=344#primaryimage"},"thumbnailUrl":"https:\/\/demo.ipekosgb.com.tr\/wp-content\/uploads\/2025\/08\/1-1-25-1536x1024.jpg","datePublished":"2025-08-07T07:15:09+00:00","dateModified":"2025-08-07T07:16:34+00:00","breadcrumb":{"@id":"https:\/\/demo.ipekosgb.com.tr\/?page_id=344#breadcrumb"},"inLanguage":"tr","potentialAction":[{"@type":"ReadAction","target":["https:\/\/demo.ipekosgb.com.tr\/?page_id=344"]}]},{"@type":"ImageObject","inLanguage":"tr","@id":"https:\/\/demo.ipekosgb.com.tr\/?page_id=344#primaryimage","url":"https:\/\/demo.ipekosgb.com.tr\/wp-content\/uploads\/2025\/08\/1-1-25.jpg","contentUrl":"https:\/\/demo.ipekosgb.com.tr\/wp-content\/uploads\/2025\/08\/1-1-25.jpg","width":2048,"height":1365,"caption":"Post apocalyptic survivor in gas mask in the smoke. Environmental disaster, armageddon concept."},{"@type":"BreadcrumbList","@id":"https:\/\/demo.ipekosgb.com.tr\/?page_id=344#breadcrumb","itemListElement":[{"@type":"ListItem","position":1,"name":"Anasayfa","item":"https:\/\/demo.ipekosgb.com.tr\/"},{"@type":"ListItem","position":2,"name":"Toplam Voc \u00d6l\u00e7\u00fcm\u00fc"}]},{"@type":"WebSite","@id":"https:\/\/demo.ipekosgb.com.tr\/#website","url":"https:\/\/demo.ipekosgb.com.tr\/","name":"","description":"","potentialAction":[{"@type":"SearchAction","target":{"@type":"EntryPoint","urlTemplate":"https:\/\/demo.ipekosgb.com.tr\/?s={search_term_string}"},"query-input":{"@type":"PropertyValueSpecification","valueRequired":true,"valueName":"search_term_string"}}],"inLanguage":"tr"}]}},"_links":{"self":[{"href":"https:\/\/demo.ipekosgb.com.tr\/index.php?rest_route=\/wp\/v2\/pages\/344","targetHints":{"allow":["GET"]}}],"collection":[{"href":"https:\/\/demo.ipekosgb.com.tr\/index.php?rest_route=\/wp\/v2\/pages"}],"about":[{"href":"https:\/\/demo.ipekosgb.com.tr\/index.php?rest_route=\/wp\/v2\/types\/page"}],"author":[{"embeddable":true,"href":"https:\/\/demo.ipekosgb.com.tr\/index.php?rest_route=\/wp\/v2\/users\/1"}],"replies":[{"embeddable":true,"href":"https:\/\/demo.ipekosgb.com.tr\/index.php?rest_route=%2Fwp%2Fv2%2Fcomments&post=344"}],"version-history":[{"count":7,"href":"https:\/\/demo.ipekosgb.com.tr\/index.php?rest_route=\/wp\/v2\/pages\/344\/revisions"}],"predecessor-version":[{"id":352,"href":"https:\/\/demo.ipekosgb.com.tr\/index.php?rest_route=\/wp\/v2\/pages\/344\/revisions\/352"}],"wp:attachment":[{"href":"https:\/\/demo.ipekosgb.com.tr\/index.php?rest_route=%2Fwp%2Fv2%2Fmedia&parent=344"}],"curies":[{"name":"wp","href":"https:\/\/api.w.org\/{rel}","templated":true}]}}